{"id":1004,"date":"2022-03-06T10:56:34","date_gmt":"2022-03-06T09:56:34","guid":{"rendered":"https:\/\/umwelthaus-pinneberg.de\/?page_id=1004"},"modified":"2026-04-13T08:29:07","modified_gmt":"2026-04-13T06:29:07","slug":"kindergeburtstage-im-entdeckergarten","status":"publish","type":"page","link":"https:\/\/umwelthaus-pinneberg.de\/?page_id=1004","title":{"rendered":"Kindergeburtstag im Entdeckergarten"},"content":{"rendered":"\n<p class=\"has-text-align-center has-accent-color has-text-color has-link-color has-larger-font-size wp-elements-7aa5ea34fe8c12297d842fb69c1a8fed\">8 Wochen im Voraus buchbar, verf\u00fcgbare Termine siehe unten<\/p>\n\n\n\n<h4 class=\"wp-block-heading has-text-align-center\">F\u00fcr Kinder ab 6 Jahren<\/h4>\n\n\n\n<p class=\"has-text-align-center\"><em>(Angebote von M\u00e4rz &#8211; Ende September)<\/em><\/p>\n\n\n\n<p>Bei einem Kindergeburtstag im Entdeckergarten ist der Name Programm: Es geht darum, spielerisch die Natur zu entdecken und Neues zu erfahren. Das geht am Besten, wenn der Spa\u00df im Vordergrund steht.<\/p>\n\n\n\n<p><strong>Zum Ablauf:<\/strong> Wenn ihr ankommt, hat das Geburtstagskind erstmal Zeit, Geschenke auszupacken und mit seinen G\u00e4sten Kuchen zu essen (von euch mitgebracht). Weitere feste Programmpunkte sind die gemeinsame Zubereitung einer Pizza Margherita aus Bio-Zutaten und frischen, selbst gepfl\u00fcckten Kr\u00e4utern sowie eine kleine Schatzsuche (von uns organisiert). Dar\u00fcber hinaus kann das Geburtstagskind aus folgenden Aktivit\u00e4ten <strong>eine<\/strong> ausw\u00e4hlen:<\/p>\n\n\n\n<ul class=\"wp-block-list\">\n<li>Entdecken der Tiere (H\u00fchner, Enten, G\u00e4nse) mit Begehung der Gehege (au\u00dfer der G\u00e4nse, die k\u00f6nnen n\u00e4mlich ziemlich bissig sein und verteidigen vehement ihr Revier!)<\/li>\n<\/ul>\n\n\n\n<ul class=\"wp-block-list\">\n<li>Keschern im Teich, inklusive Bestimmung der gefundenen Lebewesen (diese werden danach selbstverst\u00e4ndlich wieder in den Teich entlassen)<\/li>\n<\/ul>\n\n\n\n<ul class=\"wp-block-list\">\n<li>Saatkugeln herstellen und passende Transportt\u00fcten mit Naturmaterialien verzieren (eignet sich sehr gut als Gastgeschenk)<\/li>\n\n\n\n<li>Lagerfeuer mit Stockbrot &amp; Kr\u00e4uterquark (bei passendem Wetter, ersetzt die Pizza)<\/li>\n\n\n\n<li>Schnitzmesserf\u00fchrerschein (ab ca. 8 Jahren geeignet)<\/li>\n\n\n\n<li>Bienenwachst\u00fccher herstellen (ab ca. 7 Jahren geeignet, gegen Aufpreis m\u00f6glich)<\/li>\n\n\n\n<li>Sonderthemen wie Brotbackgeburtstage (plus 100\u20ac incl. Nutzung des Holzbackofens und div. Teige) nach Absprache m\u00f6glich.<\/li>\n<\/ul>\n\n\n\n<p>Ansonsten sorgen wir f\u00fcr Sprudel und stilles Wasser. Falls ihr weitere Getr\u00e4nke w\u00fcnscht: Bitte gerne mitbringen. Geschirr und Besteck sind vorhanden und m\u00fcssen nicht mitgebracht werden.<\/p>\n\n\n\n<ul class=\"wp-block-list\">\n<li>von M\u00e4rz bis Ende September<\/li>\n\n\n\n<li>f\u00fcr Kinder ab 6 Jahren<\/li>\n\n\n\n<li>nur freitags, samstags und sonntags m\u00f6glich<\/li>\n\n\n\n<li>Zeitrahmen: 3 Stunden<\/li>\n\n\n\n<li>Preis: Bis zu 8 Kindern 270 \u20ac (inkl. Geschwisterkindern), je weiterem Kind 20 \u20ac (max. 12 Kinder insgesamt m\u00f6glich)<\/li>\n<\/ul>\n\n\n\n<p><strong>Vor einer Kontaktaufnahme bitten wir darum, einige grunds\u00e4tzliche Dinge zu beachten:<\/strong><\/p>\n\n\n\n<ul class=\"wp-block-list\">\n<li>Die Aufsichtspflicht verbleibt w\u00e4hrend der gesamten Feier bei den Eltern des Geburtstagskindes.<\/li>\n\n\n\n<li>Auf unserem Gel\u00e4nde befindet sich ein Teich, der f\u00fcr sehr kleine bzw. Kinder ohne ausreichende Schwimmkenntnisse gef\u00e4hrlich sein k\u00f6nnte.<\/li>\n\n\n\n<li>Entstandener M\u00fcll muss wieder mitgenommen werden (au\u00dfer organische Abf\u00e4lle), da der Entdeckergarten nicht an die M\u00fcllabfuhr angeschlossen ist.<\/li>\n\n\n\n<li>Im Entdeckergarten gibt es Komposttoiletten, flie\u00dfend Wasser und Strom, eine \u00fcberdachte Outdoork\u00fcche mit Sitzgelegenheiten und ein beheizbares H\u00e4uschen mit voll ausgestatteter K\u00fcche &#8211; er ist jedoch keine klassische \u201eParty-Location\u201c mit Catering-Betrieb.<\/li>\n\n\n\n<li>Der Entdeckergarten wird gr\u00f6\u00dftenteils von Ehrenamtlichen getragen &#8211; habt also bitte Nachsicht mit uns, falls wir auf eure Anfragen einmal nicht so schnell reagieren k\u00f6nnen. Vor allem im Winter, wenn die Natur ruht, kommen auch wir zur Ruhe, um f\u00fcr die n\u00e4chste Saison Kraft zu sammeln.<\/li>\n\n\n\n<li>Im Entdeckergarten finden unterschiedlichste Veranstaltungen statt und dieser wird von verschiedensten Gruppen genutzt &#8211; es ist deshalb nicht immer m\u00f6glich, Geburtstage auszurichten. <\/li>\n\n\n\n<li>Aufgrund der Erfahrungen der letzten Jahre, haben wir uns dazu entschlossen, Termine nicht mehr monatelang im Voraus zu vergeben, da sich die Interessen von Kindern mitunter auch sehr schnell \u00e4ndern k\u00f6nnen.<\/li>\n<\/ul>\n\n\n\n<p><strong>Termine der n\u00e4chsten 8 Wochen (wird w\u00f6chentlich montags aktualisiert):<\/strong><\/p>\n\n\n\n<p>Sonntag, 29.3.26 (vergeben)<\/p>\n\n\n\n<p>Sonntag, 19.4.26 (vergeben)<\/p>\n\n\n\n<p>Samstag, 09.05.26 (vergeben)<\/p>\n\n\n\n<p>Samstag, 23.05.26<\/p>\n\n\n\n<p>Samstag, 06.06.26 (vergeben)<\/p>\n\n\n\n<p><\/p>\n\n\n\n<figure class=\"wp-block-gallery has-nested-images columns-default is-cropped wp-block-gallery-1 is-layout-flex wp-block-gallery-is-layout-flex\">\n<figure class=\"wp-block-image size-full\"><img loading=\"lazy\" decoding=\"async\" width=\"600\" height=\"800\" data-id=\"1412\" src=\"https:\/\/umwelthaus-pinneberg.de\/wp-content\/uploads\/2023\/01\/2022-05-31-10.23.02.jpg\" alt=\"\" class=\"wp-image-1412\" srcset=\"https:\/\/umwelthaus-pinneberg.de\/wp-content\/uploads\/2023\/01\/2022-05-31-10.23.02.jpg 600w, https:\/\/umwelthaus-pinneberg.de\/wp-content\/uploads\/2023\/01\/2022-05-31-10.23.02-225x300.jpg 225w\" sizes=\"auto, (max-width: 600px) 100vw, 600px\" \/><\/figure>\n\n\n\n<figure class=\"wp-block-image size-full\"><img loading=\"lazy\" decoding=\"async\" width=\"600\" height=\"900\" data-id=\"1418\" src=\"https:\/\/umwelthaus-pinneberg.de\/wp-content\/uploads\/2023\/01\/MG_4090.jpg\" alt=\"\" class=\"wp-image-1418\" srcset=\"https:\/\/umwelthaus-pinneberg.de\/wp-content\/uploads\/2023\/01\/MG_4090.jpg 600w, https:\/\/umwelthaus-pinneberg.de\/wp-content\/uploads\/2023\/01\/MG_4090-200x300.jpg 200w\" sizes=\"auto, (max-width: 600px) 100vw, 600px\" \/><\/figure>\n\n\n\n<figure class=\"wp-block-image size-full\"><img loading=\"lazy\" decoding=\"async\" width=\"450\" height=\"600\" data-id=\"3530\" src=\"https:\/\/umwelthaus-pinneberg.de\/wp-content\/uploads\/2025\/02\/2025-11-23-14.58.50-rotated.jpg\" alt=\"\" class=\"wp-image-3530\" srcset=\"https:\/\/umwelthaus-pinneberg.de\/wp-content\/uploads\/2025\/02\/2025-11-23-14.58.50-rotated.jpg 450w, https:\/\/umwelthaus-pinneberg.de\/wp-content\/uploads\/2025\/02\/2025-11-23-14.58.50-225x300.jpg 225w\" sizes=\"auto, (max-width: 450px) 100vw, 450px\" \/><\/figure>\n\n\n\n<figure class=\"wp-block-image size-full\"><img loading=\"lazy\" decoding=\"async\" width=\"600\" height=\"800\" data-id=\"3244\" src=\"https:\/\/umwelthaus-pinneberg.de\/wp-content\/uploads\/2025\/02\/2025-05-31-13.43.44-1.jpg\" alt=\"\" class=\"wp-image-3244\" srcset=\"https:\/\/umwelthaus-pinneberg.de\/wp-content\/uploads\/2025\/02\/2025-05-31-13.43.44-1.jpg 600w, https:\/\/umwelthaus-pinneberg.de\/wp-content\/uploads\/2025\/02\/2025-05-31-13.43.44-1-225x300.jpg 225w\" sizes=\"auto, (max-width: 600px) 100vw, 600px\" \/><\/figure>\n\n\n\n<figure class=\"wp-block-image size-full\"><img loading=\"lazy\" decoding=\"async\" width=\"800\" height=\"600\" data-id=\"3665\" src=\"https:\/\/umwelthaus-pinneberg.de\/wp-content\/uploads\/2026\/01\/2025-03-22-16.19.47.jpg\" alt=\"\" class=\"wp-image-3665\" srcset=\"https:\/\/umwelthaus-pinneberg.de\/wp-content\/uploads\/2026\/01\/2025-03-22-16.19.47.jpg 800w, https:\/\/umwelthaus-pinneberg.de\/wp-content\/uploads\/2026\/01\/2025-03-22-16.19.47-300x225.jpg 300w, https:\/\/umwelthaus-pinneberg.de\/wp-content\/uploads\/2026\/01\/2025-03-22-16.19.47-768x576.jpg 768w\" sizes=\"auto, (max-width: 800px) 100vw, 800px\" \/><\/figure>\n\n\n\n<figure class=\"wp-block-image size-full\"><img loading=\"lazy\" decoding=\"async\" width=\"600\" height=\"800\" data-id=\"3070\" src=\"https:\/\/umwelthaus-pinneberg.de\/wp-content\/uploads\/2025\/03\/2025-03-11-10.07.41.jpg\" alt=\"\" class=\"wp-image-3070\" srcset=\"https:\/\/umwelthaus-pinneberg.de\/wp-content\/uploads\/2025\/03\/2025-03-11-10.07.41.jpg 600w, https:\/\/umwelthaus-pinneberg.de\/wp-content\/uploads\/2025\/03\/2025-03-11-10.07.41-225x300.jpg 225w\" sizes=\"auto, (max-width: 600px) 100vw, 600px\" \/><\/figure>\n\n\n\n<figure class=\"wp-block-image size-full\"><img loading=\"lazy\" decoding=\"async\" width=\"600\" height=\"800\" data-id=\"1784\" src=\"https:\/\/umwelthaus-pinneberg.de\/wp-content\/uploads\/2023\/05\/2022-05-03-10.43.01-1.jpg\" alt=\"\" class=\"wp-image-1784\" srcset=\"https:\/\/umwelthaus-pinneberg.de\/wp-content\/uploads\/2023\/05\/2022-05-03-10.43.01-1.jpg 600w, https:\/\/umwelthaus-pinneberg.de\/wp-content\/uploads\/2023\/05\/2022-05-03-10.43.01-1-225x300.jpg 225w\" sizes=\"auto, (max-width: 600px) 100vw, 600px\" \/><\/figure>\n\n\n\n<figure class=\"wp-block-image size-full\"><img loading=\"lazy\" decoding=\"async\" width=\"600\" height=\"800\" data-id=\"1785\" src=\"https:\/\/umwelthaus-pinneberg.de\/wp-content\/uploads\/2023\/05\/2023-05-09-10.15.11.jpg\" alt=\"\" class=\"wp-image-1785\" srcset=\"https:\/\/umwelthaus-pinneberg.de\/wp-content\/uploads\/2023\/05\/2023-05-09-10.15.11.jpg 600w, https:\/\/umwelthaus-pinneberg.de\/wp-content\/uploads\/2023\/05\/2023-05-09-10.15.11-225x300.jpg 225w\" sizes=\"auto, (max-width: 600px) 100vw, 600px\" \/><\/figure>\n\n\n\n<figure class=\"wp-block-image size-full\"><img loading=\"lazy\" decoding=\"async\" width=\"800\" height=\"600\" data-id=\"3664\" src=\"https:\/\/umwelthaus-pinneberg.de\/wp-content\/uploads\/2026\/01\/2025-03-22-15.25.17.jpg\" alt=\"\" class=\"wp-image-3664\" srcset=\"https:\/\/umwelthaus-pinneberg.de\/wp-content\/uploads\/2026\/01\/2025-03-22-15.25.17.jpg 800w, https:\/\/umwelthaus-pinneberg.de\/wp-content\/uploads\/2026\/01\/2025-03-22-15.25.17-300x225.jpg 300w, https:\/\/umwelthaus-pinneberg.de\/wp-content\/uploads\/2026\/01\/2025-03-22-15.25.17-768x576.jpg 768w\" sizes=\"auto, (max-width: 800px) 100vw, 800px\" \/><\/figure>\n<\/figure>\n\n\n\n<div class=\"wp-block-contact-form-7-contact-form-selector\">\n<div class=\"wpcf7 no-js\" id=\"wpcf7-f972-o1\" lang=\"de-DE\" dir=\"ltr\" data-wpcf7-id=\"972\">\n<div class=\"screen-reader-response\"><p role=\"status\" aria-live=\"polite\" aria-atomic=\"true\"><\/p> <ul><\/ul><\/div>\n<form action=\"\/index.php?rest_route=%2Fwp%2Fv2%2Fpages%2F1004#wpcf7-f972-o1\" method=\"post\" class=\"wpcf7-form init\" aria-label=\"Kontaktformular\" novalidate=\"novalidate\" data-status=\"init\">\n<fieldset class=\"hidden-fields-container\"><input type=\"hidden\" name=\"_wpcf7\" value=\"972\" \/><input type=\"hidden\" name=\"_wpcf7_version\" value=\"6.1.5\" \/><input type=\"hidden\" name=\"_wpcf7_locale\" value=\"de_DE\" \/><input type=\"hidden\" name=\"_wpcf7_unit_tag\" value=\"wpcf7-f972-o1\" \/><input type=\"hidden\" name=\"_wpcf7_container_post\" value=\"0\" \/><input type=\"hidden\" name=\"_wpcf7_posted_data_hash\" value=\"\" \/><input type=\"hidden\" name=\"_wpcf7_recaptcha_response\" value=\"\" \/>\n<\/fieldset>\n<p><label> Dein Name (Pflichtfeld)<br \/>\n<span class=\"wpcf7-form-control-wrap\" data-name=\"your-name\"><input size=\"40\" maxlength=\"400\" class=\"wpcf7-form-control wpcf7-text wpcf7-validates-as-required\" aria-required=\"true\" aria-invalid=\"false\" value=\"\" type=\"text\" name=\"your-name\" \/><\/span> <\/label>\n<\/p>\n<p><label> Deine E-Mail-Adresse (Pflichtfeld)<br \/>\n<span class=\"wpcf7-form-control-wrap\" data-name=\"your-email\"><input size=\"40\" maxlength=\"400\" class=\"wpcf7-form-control wpcf7-email wpcf7-validates-as-required wpcf7-text wpcf7-validates-as-email\" aria-required=\"true\" aria-invalid=\"false\" value=\"\" type=\"email\" name=\"your-email\" \/><\/span> <\/label>\n<\/p>\n<p><label> Betreff<br \/>\n<span class=\"wpcf7-form-control-wrap\" data-name=\"your-subject\"><input size=\"40\" maxlength=\"400\" class=\"wpcf7-form-control wpcf7-text\" aria-invalid=\"false\" value=\"\" type=\"text\" name=\"your-subject\" \/><\/span> Anfrage zum au\u00dferschulischen Lernen <\/label>\n<\/p>\n<p><label> Deine Nachricht<br \/>\n<span class=\"wpcf7-form-control-wrap\" data-name=\"your-message\"><textarea cols=\"40\" rows=\"10\" maxlength=\"2000\" class=\"wpcf7-form-control wpcf7-textarea\" aria-invalid=\"false\" name=\"your-message\"><\/textarea><\/span> <\/label>\n<\/p>\n<p><input class=\"wpcf7-form-control wpcf7-submit has-spinner\" type=\"submit\" value=\"Senden\" \/>\n<\/p><div class=\"wpcf7-response-output\" aria-hidden=\"true\"><\/div>\n<\/form>\n<\/div>\n<\/div>\n\n\n\n<p><\/p>\n\n\n\n<p><\/p>\n","protected":false},"excerpt":{"rendered":"<p>8 Wochen im Voraus buchbar, verf\u00fcgbare Termine siehe unten F\u00fcr Kinder ab 6 Jahren (Angebote von M\u00e4rz &#8211; Ende September) Bei einem Kindergeburtstag im Entdeckergarten ist der Name Programm: Es geht darum, spielerisch die Natur zu entdecken und Neues zu erfahren. Das geht am Besten, wenn der Spa\u00df im Vordergrund steht. Zum Ablauf: Wenn ihr [&hellip;]<\/p>\n","protected":false},"author":1,"featured_media":2583,"parent":0,"menu_order":0,"comment_status":"closed","ping_status":"closed","template":"","meta":{"ngg_post_thumbnail":0,"footnotes":""},"class_list":["post-1004","page","type-page","status-publish","has-post-thumbnail","hentry"],"publishpress_future_action":{"enabled":false,"date":"2026-04-26 11:28:42","action":"change-status","newStatus":"draft","terms":[],"taxonomy":"","extraData":[]},"publishpress_future_workflow_manual_trigger":{"enabledWorkflows":[]},"_links":{"self":[{"href":"https:\/\/umwelthaus-pinneberg.de\/index.php?rest_route=\/wp\/v2\/pages\/1004","targetHints":{"allow":["GET"]}}],"collection":[{"href":"https:\/\/umwelthaus-pinneberg.de\/index.php?rest_route=\/wp\/v2\/pages"}],"about":[{"href":"https:\/\/umwelthaus-pinneberg.de\/index.php?rest_route=\/wp\/v2\/types\/page"}],"author":[{"embeddable":true,"href":"https:\/\/umwelthaus-pinneberg.de\/index.php?rest_route=\/wp\/v2\/users\/1"}],"replies":[{"embeddable":true,"href":"https:\/\/umwelthaus-pinneberg.de\/index.php?rest_route=%2Fwp%2Fv2%2Fcomments&post=1004"}],"version-history":[{"count":42,"href":"https:\/\/umwelthaus-pinneberg.de\/index.php?rest_route=\/wp\/v2\/pages\/1004\/revisions"}],"predecessor-version":[{"id":3849,"href":"https:\/\/umwelthaus-pinneberg.de\/index.php?rest_route=\/wp\/v2\/pages\/1004\/revisions\/3849"}],"wp:featuredmedia":[{"embeddable":true,"href":"https:\/\/umwelthaus-pinneberg.de\/index.php?rest_route=\/wp\/v2\/media\/2583"}],"wp:attachment":[{"href":"https:\/\/umwelthaus-pinneberg.de\/index.php?rest_route=%2Fwp%2Fv2%2Fmedia&parent=1004"}],"curies":[{"name":"wp","href":"https:\/\/api.w.org\/{rel}","templated":true}]}}