{"id":1120,"date":"2022-11-08T17:10:55","date_gmt":"2022-11-08T16:10:55","guid":{"rendered":"https:\/\/umwelthaus-pinneberg.de\/?page_id=1120"},"modified":"2026-02-03T10:02:47","modified_gmt":"2026-02-03T09:02:47","slug":"wildkraeuterausbildung","status":"publish","type":"page","link":"https:\/\/umwelthaus-pinneberg.de\/?page_id=1120","title":{"rendered":"Kr\u00e4uterausbildung     2026 &#8211; 2027"},"content":{"rendered":"\n<h4 class=\"wp-block-heading has-text-align-center\">Entdecke die Welt der Kr\u00e4uter im Jahresverlauf<\/h4>\n\n\n\n<p class=\"has-text-align-center\"><strong>Deine Ausbildung zur Kr\u00e4uterfachfrau \/ zum Kr\u00e4uterfachmann <\/strong><em>mit Maren Ziegler<\/em><\/p>\n\n\n\n<figure class=\"wp-block-image size-full\"><img loading=\"lazy\" decoding=\"async\" width=\"616\" height=\"411\" src=\"https:\/\/umwelthaus-pinneberg.de\/wp-content\/uploads\/2022\/11\/Foto_Kraeuterausbildung_Beitrag.jpg\" alt=\"\" class=\"wp-image-1129\" srcset=\"https:\/\/umwelthaus-pinneberg.de\/wp-content\/uploads\/2022\/11\/Foto_Kraeuterausbildung_Beitrag.jpg 616w, https:\/\/umwelthaus-pinneberg.de\/wp-content\/uploads\/2022\/11\/Foto_Kraeuterausbildung_Beitrag-300x200.jpg 300w\" sizes=\"auto, (max-width: 616px) 100vw, 616px\" \/><\/figure>\n\n\n\n<ul class=\"wp-block-list\">\n<li>Kr\u00e4uter sicher erkennen<\/li>\n\n\n\n<li>Traditionelles Kr\u00e4uterwissen: Entdecke, wie du Kr\u00e4uter f\u00fcr Gesundheit, K\u00fcche und Kosmetik nutzen kannst<\/li>\n\n\n\n<li>Praktische Anwendungen: Stelle selbst deine Tees, Salben, Tinkturen und Kr\u00e4uterprodukte her<\/li>\n\n\n\n<li>Tauche in die Mythologie der Pflanzen und B\u00e4ume ein<\/li>\n\n\n\n<li>R\u00e4uchern mit heimischen Pflanzen<\/li>\n<\/ul>\n\n\n\n<p>Diese Ausbildung verbindet altes Wissen mit modernen Ans\u00e4tzen und bietet dir ein ganzheitliches Lernerlebnis &#8211; in Theorie und Praxis.<\/p>\n\n\n\n<h4 class=\"wp-block-heading\">Details zur Ausbildung<\/h4>\n\n\n\n<p>Kr\u00e4uterausbildung ab M\u00e4rz 2026<br>Samstags, 10 bis 16 Uhr<\/p>\n\n\n\n<ul class=\"wp-block-list\">\n<li>21.03.<\/li>\n\n\n\n<li>18.04.<\/li>\n\n\n\n<li>16.05.<\/li>\n\n\n\n<li>20.06.<\/li>\n\n\n\n<li>22.08.<\/li>\n\n\n\n<li>19.09.<\/li>\n\n\n\n<li>10.10.<\/li>\n\n\n\n<li>07.11.<\/li>\n\n\n\n<li>05.12.<\/li>\n<\/ul>\n\n\n\n<p><strong>2027<\/strong><\/p>\n\n\n\n<ul class=\"wp-block-list\">\n<li>09.01.<\/li>\n\n\n\n<li>06.02.<\/li>\n\n\n\n<li>06.03.<\/li>\n<\/ul>\n\n\n\n<h4 class=\"wp-block-heading\">Kosten<\/h4>\n\n\n\n<p>Unterricht inkl. Skript: 960 \u20ac<br>Monatliche Ratenzahlungen sind m\u00f6glich (12 x 80 \u20ac)<br>Abschlusspr\u00e4sentation mit Zertifikat (freiwillig): 50 \u20ac<\/p>\n\n\n\n<h4 class=\"wp-block-heading\">Anmeldung<\/h4>\n\n\n\n<p>Per Telefon: 04122 979 08 07<br>Per E-mail: <a href=\"mailto:maren@ziegler-heilpraxis.de\">maren@ziegler-heilpraxis.de<\/a><\/p>\n\n\n\n<h4 class=\"wp-block-heading\">Eindr\u00fccke aus den letzten drei Jahren<\/h4>\n\n\n\n<figure class=\"wp-block-gallery has-nested-images columns-default is-cropped wp-block-gallery-1 is-layout-flex wp-block-gallery-is-layout-flex\">\n<figure class=\"wp-block-image size-large\"><img loading=\"lazy\" decoding=\"async\" width=\"640\" height=\"480\" data-id=\"2899\" src=\"https:\/\/umwelthaus-pinneberg.de\/wp-content\/uploads\/2024\/12\/Christine-und-Sandra-ernten.jpeg\" alt=\"\" class=\"wp-image-2899\" srcset=\"https:\/\/umwelthaus-pinneberg.de\/wp-content\/uploads\/2024\/12\/Christine-und-Sandra-ernten.jpeg 640w, https:\/\/umwelthaus-pinneberg.de\/wp-content\/uploads\/2024\/12\/Christine-und-Sandra-ernten-300x225.jpeg 300w\" sizes=\"auto, (max-width: 640px) 100vw, 640px\" \/><figcaption class=\"wp-element-caption\">Johanniskraut Ernte<\/figcaption><\/figure>\n\n\n\n<figure class=\"wp-block-image size-large\"><img loading=\"lazy\" decoding=\"async\" width=\"528\" height=\"480\" data-id=\"2896\" src=\"https:\/\/umwelthaus-pinneberg.de\/wp-content\/uploads\/2024\/12\/Hausapotheke.jpeg\" alt=\"\" class=\"wp-image-2896\" srcset=\"https:\/\/umwelthaus-pinneberg.de\/wp-content\/uploads\/2024\/12\/Hausapotheke.jpeg 528w, https:\/\/umwelthaus-pinneberg.de\/wp-content\/uploads\/2024\/12\/Hausapotheke-300x273.jpeg 300w\" sizes=\"auto, (max-width: 528px) 100vw, 528px\" \/><figcaption class=\"wp-element-caption\">Herstellung Hausapotheke<\/figcaption><\/figure>\n\n\n\n<figure class=\"wp-block-image size-large\"><img loading=\"lazy\" decoding=\"async\" width=\"640\" height=\"427\" data-id=\"2900\" src=\"https:\/\/umwelthaus-pinneberg.de\/wp-content\/uploads\/2024\/12\/Kraeuterspaziergang.jpeg\" alt=\"\" class=\"wp-image-2900\" srcset=\"https:\/\/umwelthaus-pinneberg.de\/wp-content\/uploads\/2024\/12\/Kraeuterspaziergang.jpeg 640w, https:\/\/umwelthaus-pinneberg.de\/wp-content\/uploads\/2024\/12\/Kraeuterspaziergang-300x200.jpeg 300w\" sizes=\"auto, (max-width: 640px) 100vw, 640px\" \/><figcaption class=\"wp-element-caption\">Kr\u00e4uter-Spaziergang_ T\u00e4vsmoor <\/figcaption><\/figure>\n\n\n\n<figure class=\"wp-block-image size-large\"><img loading=\"lazy\" decoding=\"async\" width=\"640\" height=\"427\" data-id=\"2897\" src=\"https:\/\/umwelthaus-pinneberg.de\/wp-content\/uploads\/2024\/12\/Kirsten_Gundermann.jpeg\" alt=\"\" class=\"wp-image-2897\" srcset=\"https:\/\/umwelthaus-pinneberg.de\/wp-content\/uploads\/2024\/12\/Kirsten_Gundermann.jpeg 640w, https:\/\/umwelthaus-pinneberg.de\/wp-content\/uploads\/2024\/12\/Kirsten_Gundermann-300x200.jpeg 300w\" sizes=\"auto, (max-width: 640px) 100vw, 640px\" \/><figcaption class=\"wp-element-caption\">Gundermann-Kranz f\u00fcr Gelassenheit<\/figcaption><\/figure>\n\n\n\n<figure class=\"wp-block-image size-large\"><img loading=\"lazy\" decoding=\"async\" width=\"480\" height=\"640\" data-id=\"2903\" src=\"https:\/\/umwelthaus-pinneberg.de\/wp-content\/uploads\/2024\/12\/Naschkatzen_Felsenbirne.jpeg\" alt=\"\" class=\"wp-image-2903\" srcset=\"https:\/\/umwelthaus-pinneberg.de\/wp-content\/uploads\/2024\/12\/Naschkatzen_Felsenbirne.jpeg 480w, https:\/\/umwelthaus-pinneberg.de\/wp-content\/uploads\/2024\/12\/Naschkatzen_Felsenbirne-225x300.jpeg 225w\" sizes=\"auto, (max-width: 480px) 100vw, 480px\" \/><figcaption class=\"wp-element-caption\">Naschkatzen entdecken Felsenbirne<\/figcaption><\/figure>\n\n\n\n<figure class=\"wp-block-image size-large\"><img loading=\"lazy\" decoding=\"async\" width=\"480\" height=\"640\" data-id=\"2901\" src=\"https:\/\/umwelthaus-pinneberg.de\/wp-content\/uploads\/2024\/12\/Herstellung_Bluetenessenz.jpeg\" alt=\"\" class=\"wp-image-2901\" srcset=\"https:\/\/umwelthaus-pinneberg.de\/wp-content\/uploads\/2024\/12\/Herstellung_Bluetenessenz.jpeg 480w, https:\/\/umwelthaus-pinneberg.de\/wp-content\/uploads\/2024\/12\/Herstellung_Bluetenessenz-225x300.jpeg 225w\" sizes=\"auto, (max-width: 480px) 100vw, 480px\" \/><figcaption class=\"wp-element-caption\">Herstellung Bl\u00fctenessenz<\/figcaption><\/figure>\n\n\n\n<figure class=\"wp-block-image size-large\"><img loading=\"lazy\" decoding=\"async\" width=\"640\" height=\"427\" data-id=\"2905\" src=\"https:\/\/umwelthaus-pinneberg.de\/wp-content\/uploads\/2024\/12\/Tuchfuehlung_Hasel.jpeg\" alt=\"\" class=\"wp-image-2905\" srcset=\"https:\/\/umwelthaus-pinneberg.de\/wp-content\/uploads\/2024\/12\/Tuchfuehlung_Hasel.jpeg 640w, https:\/\/umwelthaus-pinneberg.de\/wp-content\/uploads\/2024\/12\/Tuchfuehlung_Hasel-300x200.jpeg 300w\" sizes=\"auto, (max-width: 640px) 100vw, 640px\" \/><figcaption class=\"wp-element-caption\">Auf Tuchf\u00fchlung mit den Haselstr\u00e4uchern<\/figcaption><\/figure>\n\n\n\n<figure class=\"wp-block-image size-large\"><img loading=\"lazy\" decoding=\"async\" width=\"640\" height=\"427\" data-id=\"2902\" src=\"https:\/\/umwelthaus-pinneberg.de\/wp-content\/uploads\/2024\/12\/Thorsten_Pestwurz.jpeg\" alt=\"\" class=\"wp-image-2902\" srcset=\"https:\/\/umwelthaus-pinneberg.de\/wp-content\/uploads\/2024\/12\/Thorsten_Pestwurz.jpeg 640w, https:\/\/umwelthaus-pinneberg.de\/wp-content\/uploads\/2024\/12\/Thorsten_Pestwurz-300x200.jpeg 300w\" sizes=\"auto, (max-width: 640px) 100vw, 640px\" \/><figcaption class=\"wp-element-caption\">Sonnenschutz aus Pestwurz<\/figcaption><\/figure>\n\n\n\n<figure class=\"wp-block-image size-large\"><img loading=\"lazy\" decoding=\"async\" width=\"480\" height=\"640\" data-id=\"2904\" src=\"https:\/\/umwelthaus-pinneberg.de\/wp-content\/uploads\/2024\/12\/Naschkatzen_Himbeeren.jpeg\" alt=\"\" class=\"wp-image-2904\" srcset=\"https:\/\/umwelthaus-pinneberg.de\/wp-content\/uploads\/2024\/12\/Naschkatzen_Himbeeren.jpeg 480w, https:\/\/umwelthaus-pinneberg.de\/wp-content\/uploads\/2024\/12\/Naschkatzen_Himbeeren-225x300.jpeg 225w\" sizes=\"auto, (max-width: 480px) 100vw, 480px\" \/><figcaption class=\"wp-element-caption\">Naschkatzen entdecken Himbeeren<\/figcaption><\/figure>\n\n\n\n<figure class=\"wp-block-image size-large\"><img loading=\"lazy\" decoding=\"async\" width=\"640\" height=\"427\" data-id=\"2898\" src=\"https:\/\/umwelthaus-pinneberg.de\/wp-content\/uploads\/2024\/12\/Kraeuterspaziergang_Wollnysee.jpeg\" alt=\"\" class=\"wp-image-2898\" srcset=\"https:\/\/umwelthaus-pinneberg.de\/wp-content\/uploads\/2024\/12\/Kraeuterspaziergang_Wollnysee.jpeg 640w, https:\/\/umwelthaus-pinneberg.de\/wp-content\/uploads\/2024\/12\/Kraeuterspaziergang_Wollnysee-300x200.jpeg 300w\" sizes=\"auto, (max-width: 640px) 100vw, 640px\" \/><figcaption class=\"wp-element-caption\">Kr\u00e4uter-Spaziergang: Wollnysee<\/figcaption><\/figure>\n\n\n\n<figure class=\"wp-block-image size-large\"><img loading=\"lazy\" decoding=\"async\" width=\"480\" height=\"640\" data-id=\"2906\" src=\"https:\/\/umwelthaus-pinneberg.de\/wp-content\/uploads\/2024\/12\/Wanderung_Moor.jpeg\" alt=\"\" class=\"wp-image-2906\" srcset=\"https:\/\/umwelthaus-pinneberg.de\/wp-content\/uploads\/2024\/12\/Wanderung_Moor.jpeg 480w, https:\/\/umwelthaus-pinneberg.de\/wp-content\/uploads\/2024\/12\/Wanderung_Moor-225x300.jpeg 225w\" sizes=\"auto, (max-width: 480px) 100vw, 480px\" \/><figcaption class=\"wp-element-caption\">Wanderung durchs Moor<\/figcaption><\/figure>\n\n\n\n<figure class=\"wp-block-image size-large\"><img loading=\"lazy\" decoding=\"async\" width=\"600\" height=\"800\" data-id=\"3660\" src=\"https:\/\/umwelthaus-pinneberg.de\/wp-content\/uploads\/2026\/01\/2025-05-03-15.39.43.jpg\" alt=\"\" class=\"wp-image-3660\" srcset=\"https:\/\/umwelthaus-pinneberg.de\/wp-content\/uploads\/2026\/01\/2025-05-03-15.39.43.jpg 600w, https:\/\/umwelthaus-pinneberg.de\/wp-content\/uploads\/2026\/01\/2025-05-03-15.39.43-225x300.jpg 225w\" sizes=\"auto, (max-width: 600px) 100vw, 600px\" \/><figcaption class=\"wp-element-caption\">Gr\u00fcne Smoothies<\/figcaption><\/figure>\n\n\n\n<figure class=\"wp-block-image size-large\"><img loading=\"lazy\" decoding=\"async\" width=\"600\" height=\"450\" data-id=\"3663\" src=\"https:\/\/umwelthaus-pinneberg.de\/wp-content\/uploads\/2026\/01\/2025-11-08-12.00.59-1.jpg\" alt=\"\" class=\"wp-image-3663\" srcset=\"https:\/\/umwelthaus-pinneberg.de\/wp-content\/uploads\/2026\/01\/2025-11-08-12.00.59-1.jpg 600w, https:\/\/umwelthaus-pinneberg.de\/wp-content\/uploads\/2026\/01\/2025-11-08-12.00.59-1-300x225.jpg 300w\" sizes=\"auto, (max-width: 600px) 100vw, 600px\" \/><figcaption class=\"wp-element-caption\">Herstellungstag<\/figcaption><\/figure>\n\n\n\n<figure class=\"wp-block-image size-large\"><img loading=\"lazy\" decoding=\"async\" width=\"600\" height=\"450\" data-id=\"3661\" src=\"https:\/\/umwelthaus-pinneberg.de\/wp-content\/uploads\/2026\/01\/2025-05-31-12.25.03.jpg\" alt=\"\" class=\"wp-image-3661\" srcset=\"https:\/\/umwelthaus-pinneberg.de\/wp-content\/uploads\/2026\/01\/2025-05-31-12.25.03.jpg 600w, https:\/\/umwelthaus-pinneberg.de\/wp-content\/uploads\/2026\/01\/2025-05-31-12.25.03-300x225.jpg 300w\" sizes=\"auto, (max-width: 600px) 100vw, 600px\" \/><figcaption class=\"wp-element-caption\">Im Weidentipi<\/figcaption><\/figure>\n\n\n\n<figure class=\"wp-block-image size-large\"><img loading=\"lazy\" decoding=\"async\" width=\"600\" height=\"450\" data-id=\"3659\" src=\"https:\/\/umwelthaus-pinneberg.de\/wp-content\/uploads\/2026\/01\/2025-05-03-12.17.32.jpg\" alt=\"\" class=\"wp-image-3659\" srcset=\"https:\/\/umwelthaus-pinneberg.de\/wp-content\/uploads\/2026\/01\/2025-05-03-12.17.32.jpg 600w, https:\/\/umwelthaus-pinneberg.de\/wp-content\/uploads\/2026\/01\/2025-05-03-12.17.32-300x225.jpg 300w\" sizes=\"auto, (max-width: 600px) 100vw, 600px\" \/><figcaption class=\"wp-element-caption\">G\u00e4nsebl\u00fcmchen-Gl\u00fcck<\/figcaption><\/figure>\n<\/figure>\n\n\n\n<p><\/p>\n","protected":false},"excerpt":{"rendered":"<p>Entdecke die Welt der Kr\u00e4uter im Jahresverlauf Deine Ausbildung zur Kr\u00e4uterfachfrau \/ zum Kr\u00e4uterfachmann mit Maren Ziegler Diese Ausbildung verbindet altes Wissen mit modernen Ans\u00e4tzen und bietet dir ein ganzheitliches Lernerlebnis &#8211; in Theorie und Praxis. Details zur Ausbildung Kr\u00e4uterausbildung ab M\u00e4rz 2026Samstags, 10 bis 16 Uhr 2027 Kosten Unterricht inkl. Skript: 960 \u20acMonatliche Ratenzahlungen [&hellip;]<\/p>\n","protected":false},"author":7,"featured_media":0,"parent":1008,"menu_order":1,"comment_status":"open","ping_status":"closed","template":"","meta":{"ngg_post_thumbnail":0,"footnotes":""},"class_list":["post-1120","page","type-page","status-publish","hentry"],"publishpress_future_action":{"enabled":false,"date":"2026-04-23 16:51:50","action":"change-status","newStatus":"draft","terms":[],"taxonomy":"","extraData":[]},"publishpress_future_workflow_manual_trigger":{"enabledWorkflows":[]},"_links":{"self":[{"href":"https:\/\/umwelthaus-pinneberg.de\/index.php?rest_route=\/wp\/v2\/pages\/1120","targetHints":{"allow":["GET"]}}],"collection":[{"href":"https:\/\/umwelthaus-pinneberg.de\/index.php?rest_route=\/wp\/v2\/pages"}],"about":[{"href":"https:\/\/umwelthaus-pinneberg.de\/index.php?rest_route=\/wp\/v2\/types\/page"}],"author":[{"embeddable":true,"href":"https:\/\/umwelthaus-pinneberg.de\/index.php?rest_route=\/wp\/v2\/users\/7"}],"replies":[{"embeddable":true,"href":"https:\/\/umwelthaus-pinneberg.de\/index.php?rest_route=%2Fwp%2Fv2%2Fcomments&post=1120"}],"version-history":[{"count":12,"href":"https:\/\/umwelthaus-pinneberg.de\/index.php?rest_route=\/wp\/v2\/pages\/1120\/revisions"}],"predecessor-version":[{"id":3685,"href":"https:\/\/umwelthaus-pinneberg.de\/index.php?rest_route=\/wp\/v2\/pages\/1120\/revisions\/3685"}],"up":[{"embeddable":true,"href":"https:\/\/umwelthaus-pinneberg.de\/index.php?rest_route=\/wp\/v2\/pages\/1008"}],"wp:attachment":[{"href":"https:\/\/umwelthaus-pinneberg.de\/index.php?rest_route=%2Fwp%2Fv2%2Fmedia&parent=1120"}],"curies":[{"name":"wp","href":"https:\/\/api.w.org\/{rel}","templated":true}]}}