{"id":118,"date":"2020-01-16T14:30:32","date_gmt":"2020-01-16T13:30:32","guid":{"rendered":"http:\/\/west-wallaby.dd-dns.de\/umwelthaus\/?page_id=118"},"modified":"2026-02-20T18:16:18","modified_gmt":"2026-02-20T17:16:18","slug":"der-entdeckergarten","status":"publish","type":"page","link":"https:\/\/umwelthaus-pinneberg.de\/?page_id=118","title":{"rendered":"Der Entdeckergarten"},"content":{"rendered":"\n<p>Der Entdeckergarten ist ein Naturerlebnisraum zur F\u00f6rderung von nachhaltigem Leben und Umweltschutz. Getragen wird der offene Garten vom Umwelthaus des Kreis Pinneberg und Ehrenamtlichen. Jeder, der achtsam mit Mensch und Tier umgeht, ist herzlich willkommen. <\/p>\n\n\n\n<p>Seit zehn Jahren betreiben Naturbegeisterte zusammen mit der G\u00e4rtnermeisterin Eva-Maria Dieckmann von der G\u00e4rtnerei Trifolia den Entdeckergarten des Umwelthauses Pinneberg. Gem\u00fcse und Stauden gedeihen neben H\u00fchnern, Kaninchen, Enten und G\u00e4nsen. Gartenabf\u00e4lle werden nach dem Prinzip der Terra Preta kompostiert. Die Apfelb\u00e4ume alter Sorten sorgen f\u00fcr eine gute Apfelernte und die Bienen der Holsteiner Imker f\u00fcr eine gute Best\u00e4ubung der Pflanzen und liefern k\u00f6stlichen Honig.<\/p>\n\n\n\n<p>Seit 2022 ist der Entdeckergarten ein anerkannter <a href=\"https:\/\/umwelthaus-pinneberg.de\/?page_id=960\" data-type=\"page\" data-id=\"960\">\u201e<strong>au\u00dferschulischer Lernort<\/strong>\u201c<\/a>. Aufbauend auf den Lerninhalten in der Schule und Kindergarten werden regelm\u00e4\u00dfig vier <strong>Module<\/strong> angeboten. Jedes Jahr nehmen rund 1.000 Kinder daran teil. Neben unseren bew\u00e4hrten Umwelt-Modulen: Biene, Wasser, Getreide und Apfel kam 2025 noch das Modul Ern\u00e4hrung hinzu. Hier wird mit selbst geernteten Gartenfr\u00fcchten etwas zu Essen zubereitet und in gem\u00fctlicher Runde genossen.<br><br>Mehrmals im Jahr kann sich jeder Interessierte an unseren Arbeitseins\u00e4tzen beteiligen. Dabei wird in gr\u00f6\u00dferer Gruppe jahreszeitgem\u00e4\u00df zusammen gearbeitet und der Garten zu einem vielf\u00e4ltigen und liebenswerten Lebensbereich weiterentwickelt. Die Treffen sind abgeschlossene Arbeitseinheiten. Nach getaner Arbeit wird gemeinsam gegessen.<\/p>\n\n\n\n<p>In unserer Gartengruppe f\u00fcr Kinder und Erwachsene lernen Familien, mit wenig Aufwand eigenes Obst und Gem\u00fcse anzubauen und die wilden Geschenke der Natur kulinarisch einzusetzen. Eltern und Kinder erleben gemeinsam das Gartenjahr, haben bei Spielen und neuen Entdeckungen zusammen viel Spa\u00df und lernen nebenbei viel Wissenswertes rund um die Zusammenh\u00e4nge der Natur und das G\u00e4rtnern.<\/p>\n\n\n\n<h4 class=\"wp-block-heading\">Weitere Informationen zu den verschiedenen Bereichen unseres Gartens:<\/h4>\n\n\n\n<p><a href=\"http:\/\/umwelthaus-pinneberg.de\/?page_id=120\">D\u00f6rrte, die Solard\u00f6rrmaschine<\/a> | <a href=\"http:\/\/umwelthaus-pinneberg.de\/?page_id=122\">Der Holzbackofen<\/a> | <a href=\"http:\/\/umwelthaus-pinneberg.de\/?page_id=134\">H\u00fchnerleasing<\/a> | <a href=\"https:\/\/umwelthaus-pinneberg.de\/?page_id=1774\" data-type=\"URL\" data-id=\"https:\/\/umwelthaus-pinneberg.de\/?page_id=1774\">Unsere Bienen<\/a> | <a href=\"https:\/\/umwelthaus-pinneberg.de\/?page_id=132\">Outdoork\u00fcche<\/a> | <a href=\"https:\/\/umwelthaus-pinneberg.de\/?page_id=136\">Sauna<\/a> | <a href=\"http:\/\/umwelthaus-pinneberg.de\/?page_id=138\">Streuobstwiese<\/a> | <a href=\"http:\/\/umwelthaus-pinneberg.de\/?page_id=238\">Das Kaninchenprojekt<\/a> | <a href=\"https:\/\/umwelthaus-pinneberg.de\/?page_id=1059\" data-type=\"page\" data-id=\"1059\">Trifolia<\/a> | <a href=\"https:\/\/umwelthaus-pinneberg.de\/?page_id=960\" data-type=\"page\" data-id=\"960\">Au\u00dferschulischer Lernort<\/a> | <a href=\"https:\/\/umwelthaus-pinneberg.de\/?page_id=3113\" data-type=\"page\" data-id=\"3113\">Unser Storchennest<\/a> | <a href=\"https:\/\/umwelthaus-pinneberg.de\/?page_id=3207\" data-type=\"page\" data-id=\"3207\">Das Schmetterlingsbeet<\/a><\/p>\n\n\n\n<h4 class=\"wp-block-heading\">Ziele des Entdeckergartens<\/h4>\n\n\n\n<ol class=\"wp-block-list\">\n<li>Entwicklung von Vielfalt<\/li>\n\n\n\n<li>Einklang von Wildwuchs und Gestaltung anstreben<\/li>\n\n\n\n<li>Treffpunkt f\u00fcr Menschen, die Freude am Entdecken und Miteinander in verschiedenen Projekten\/Modulen haben<\/li>\n\n\n\n<li>Nachhaltige Gartenbewirtschaftung mit Kleintier &#8211; Haltung erlebbar machen<\/li>\n\n\n\n<li>Erleben\/Erlebnisse (nat\u00fcrlicher Rhythmus, Jahreszeiten \u2013ph\u00e4nologisch, Kreisl\u00e4ufe)<\/li>\n\n\n\n<li>Methoden ausprobieren (alte Sorten, Anbaumethoden, terra-preta)<\/li>\n\n\n\n<li>Veranstaltungsort f\u00fcr das Umwelthaus (au\u00dferschulischer Lernort, Workshops, Geburtstage, Kindergruppen, Ferienangebote)<\/li>\n<\/ol>\n\n\n\n<figure class=\"wp-block-gallery has-nested-images columns-default is-cropped wp-block-gallery-1 is-layout-flex wp-block-gallery-is-layout-flex\">\n<figure class=\"wp-block-image size-large\"><img loading=\"lazy\" decoding=\"async\" width=\"600\" height=\"800\" data-id=\"1425\" src=\"https:\/\/umwelthaus-pinneberg.de\/wp-content\/uploads\/2023\/01\/2022-05-03-11.09.54-1.jpg\" alt=\"\" class=\"wp-image-1425\" srcset=\"https:\/\/umwelthaus-pinneberg.de\/wp-content\/uploads\/2023\/01\/2022-05-03-11.09.54-1.jpg 600w, https:\/\/umwelthaus-pinneberg.de\/wp-content\/uploads\/2023\/01\/2022-05-03-11.09.54-1-225x300.jpg 225w\" sizes=\"auto, (max-width: 600px) 100vw, 600px\" \/><\/figure>\n\n\n\n<figure class=\"wp-block-image size-large\"><img loading=\"lazy\" decoding=\"async\" width=\"600\" height=\"800\" data-id=\"2120\" src=\"https:\/\/umwelthaus-pinneberg.de\/wp-content\/uploads\/2023\/11\/2023-09-12-09.49.41.jpg\" alt=\"\" class=\"wp-image-2120\" srcset=\"https:\/\/umwelthaus-pinneberg.de\/wp-content\/uploads\/2023\/11\/2023-09-12-09.49.41.jpg 600w, https:\/\/umwelthaus-pinneberg.de\/wp-content\/uploads\/2023\/11\/2023-09-12-09.49.41-225x300.jpg 225w\" sizes=\"auto, (max-width: 600px) 100vw, 600px\" \/><\/figure>\n\n\n\n<figure class=\"wp-block-image size-full\"><img loading=\"lazy\" decoding=\"async\" width=\"600\" height=\"400\" data-id=\"2036\" src=\"https:\/\/umwelthaus-pinneberg.de\/wp-content\/uploads\/2023\/09\/nun-Zert_Zertifizierung_025.jpg\" alt=\"\" class=\"wp-image-2036\" srcset=\"https:\/\/umwelthaus-pinneberg.de\/wp-content\/uploads\/2023\/09\/nun-Zert_Zertifizierung_025.jpg 600w, https:\/\/umwelthaus-pinneberg.de\/wp-content\/uploads\/2023\/09\/nun-Zert_Zertifizierung_025-300x200.jpg 300w\" sizes=\"auto, (max-width: 600px) 100vw, 600px\" \/><\/figure>\n\n\n\n<figure class=\"wp-block-image size-large\"><img loading=\"lazy\" decoding=\"async\" width=\"640\" height=\"480\" data-id=\"1867\" src=\"https:\/\/umwelthaus-pinneberg.de\/wp-content\/uploads\/2023\/07\/P7060328.jpeg\" alt=\"\" class=\"wp-image-1867\" srcset=\"https:\/\/umwelthaus-pinneberg.de\/wp-content\/uploads\/2023\/07\/P7060328.jpeg 640w, https:\/\/umwelthaus-pinneberg.de\/wp-content\/uploads\/2023\/07\/P7060328-300x225.jpeg 300w\" sizes=\"auto, (max-width: 640px) 100vw, 640px\" \/><\/figure>\n\n\n\n<figure class=\"wp-block-image size-large\"><img loading=\"lazy\" decoding=\"async\" width=\"600\" height=\"800\" data-id=\"2015\" src=\"https:\/\/umwelthaus-pinneberg.de\/wp-content\/uploads\/2023\/03\/2023-09-15-08.59.39.jpg\" alt=\"\" class=\"wp-image-2015\" srcset=\"https:\/\/umwelthaus-pinneberg.de\/wp-content\/uploads\/2023\/03\/2023-09-15-08.59.39.jpg 600w, https:\/\/umwelthaus-pinneberg.de\/wp-content\/uploads\/2023\/03\/2023-09-15-08.59.39-225x300.jpg 225w\" sizes=\"auto, (max-width: 600px) 100vw, 600px\" \/><\/figure>\n\n\n\n<figure class=\"wp-block-image size-full\"><img loading=\"lazy\" decoding=\"async\" width=\"600\" height=\"270\" data-id=\"2034\" src=\"https:\/\/umwelthaus-pinneberg.de\/wp-content\/uploads\/2023\/09\/20230618_160211.jpg\" alt=\"\" class=\"wp-image-2034\" srcset=\"https:\/\/umwelthaus-pinneberg.de\/wp-content\/uploads\/2023\/09\/20230618_160211.jpg 600w, https:\/\/umwelthaus-pinneberg.de\/wp-content\/uploads\/2023\/09\/20230618_160211-300x135.jpg 300w\" sizes=\"auto, (max-width: 600px) 100vw, 600px\" \/><\/figure>\n\n\n\n<figure class=\"wp-block-image size-large\"><img loading=\"lazy\" decoding=\"async\" width=\"600\" height=\"800\" data-id=\"1573\" src=\"https:\/\/umwelthaus-pinneberg.de\/wp-content\/uploads\/2023\/03\/2023-02-04-10.23.50.jpg\" alt=\"\" class=\"wp-image-1573\" srcset=\"https:\/\/umwelthaus-pinneberg.de\/wp-content\/uploads\/2023\/03\/2023-02-04-10.23.50.jpg 600w, https:\/\/umwelthaus-pinneberg.de\/wp-content\/uploads\/2023\/03\/2023-02-04-10.23.50-225x300.jpg 225w\" sizes=\"auto, (max-width: 600px) 100vw, 600px\" \/><\/figure>\n\n\n\n<figure class=\"wp-block-image size-full\"><img loading=\"lazy\" decoding=\"async\" width=\"600\" height=\"800\" data-id=\"2247\" src=\"https:\/\/umwelthaus-pinneberg.de\/wp-content\/uploads\/2023\/12\/2023-05-09-10.51.37.jpg\" alt=\"\" class=\"wp-image-2247\" srcset=\"https:\/\/umwelthaus-pinneberg.de\/wp-content\/uploads\/2023\/12\/2023-05-09-10.51.37.jpg 600w, https:\/\/umwelthaus-pinneberg.de\/wp-content\/uploads\/2023\/12\/2023-05-09-10.51.37-225x300.jpg 225w\" sizes=\"auto, (max-width: 600px) 100vw, 600px\" \/><\/figure>\n\n\n\n<figure class=\"wp-block-image size-full\"><img loading=\"lazy\" decoding=\"async\" width=\"600\" height=\"450\" data-id=\"2048\" src=\"https:\/\/umwelthaus-pinneberg.de\/wp-content\/uploads\/2023\/09\/2023-09-25-10.01.09.jpg\" alt=\"\" class=\"wp-image-2048\" srcset=\"https:\/\/umwelthaus-pinneberg.de\/wp-content\/uploads\/2023\/09\/2023-09-25-10.01.09.jpg 600w, https:\/\/umwelthaus-pinneberg.de\/wp-content\/uploads\/2023\/09\/2023-09-25-10.01.09-300x225.jpg 300w\" sizes=\"auto, (max-width: 600px) 100vw, 600px\" \/><\/figure>\n\n\n\n<figure class=\"wp-block-image size-large\"><img loading=\"lazy\" decoding=\"async\" width=\"600\" height=\"800\" data-id=\"1576\" src=\"https:\/\/umwelthaus-pinneberg.de\/wp-content\/uploads\/2023\/03\/2023-02-04-11.12.23.jpg\" alt=\"\" class=\"wp-image-1576\" srcset=\"https:\/\/umwelthaus-pinneberg.de\/wp-content\/uploads\/2023\/03\/2023-02-04-11.12.23.jpg 600w, https:\/\/umwelthaus-pinneberg.de\/wp-content\/uploads\/2023\/03\/2023-02-04-11.12.23-225x300.jpg 225w\" sizes=\"auto, (max-width: 600px) 100vw, 600px\" \/><\/figure>\n\n\n\n<figure class=\"wp-block-image size-full\"><img loading=\"lazy\" decoding=\"async\" width=\"600\" height=\"800\" data-id=\"3762\" src=\"https:\/\/umwelthaus-pinneberg.de\/wp-content\/uploads\/2026\/02\/ernaehrung4.jpg\" alt=\"\" class=\"wp-image-3762\" srcset=\"https:\/\/umwelthaus-pinneberg.de\/wp-content\/uploads\/2026\/02\/ernaehrung4.jpg 600w, https:\/\/umwelthaus-pinneberg.de\/wp-content\/uploads\/2026\/02\/ernaehrung4-225x300.jpg 225w\" sizes=\"auto, (max-width: 600px) 100vw, 600px\" \/><\/figure>\n\n\n\n<figure class=\"wp-block-image size-full\"><img loading=\"lazy\" decoding=\"async\" width=\"600\" height=\"800\" data-id=\"2098\" src=\"https:\/\/umwelthaus-pinneberg.de\/wp-content\/uploads\/2023\/11\/2023-10-03-12.23.08.jpg\" alt=\"\" class=\"wp-image-2098\" srcset=\"https:\/\/umwelthaus-pinneberg.de\/wp-content\/uploads\/2023\/11\/2023-10-03-12.23.08.jpg 600w, https:\/\/umwelthaus-pinneberg.de\/wp-content\/uploads\/2023\/11\/2023-10-03-12.23.08-225x300.jpg 225w\" sizes=\"auto, (max-width: 600px) 100vw, 600px\" \/><\/figure>\n\n\n\n<figure class=\"wp-block-image size-large\"><img loading=\"lazy\" decoding=\"async\" width=\"600\" height=\"800\" data-id=\"2108\" src=\"https:\/\/umwelthaus-pinneberg.de\/wp-content\/uploads\/2023\/11\/2023-11-04-11.29.12.jpg\" alt=\"\" class=\"wp-image-2108\" srcset=\"https:\/\/umwelthaus-pinneberg.de\/wp-content\/uploads\/2023\/11\/2023-11-04-11.29.12.jpg 600w, https:\/\/umwelthaus-pinneberg.de\/wp-content\/uploads\/2023\/11\/2023-11-04-11.29.12-225x300.jpg 225w\" sizes=\"auto, (max-width: 600px) 100vw, 600px\" \/><\/figure>\n\n\n\n<figure class=\"wp-block-image size-large\"><img loading=\"lazy\" decoding=\"async\" width=\"600\" height=\"800\" data-id=\"1402\" src=\"https:\/\/umwelthaus-pinneberg.de\/wp-content\/uploads\/2023\/01\/2022-06-19-13.02.16.jpg\" alt=\"\" class=\"wp-image-1402\" srcset=\"https:\/\/umwelthaus-pinneberg.de\/wp-content\/uploads\/2023\/01\/2022-06-19-13.02.16.jpg 600w, https:\/\/umwelthaus-pinneberg.de\/wp-content\/uploads\/2023\/01\/2022-06-19-13.02.16-225x300.jpg 225w\" sizes=\"auto, (max-width: 600px) 100vw, 600px\" \/><\/figure>\n\n\n\n<figure class=\"wp-block-image size-large\"><img loading=\"lazy\" decoding=\"async\" width=\"600\" height=\"800\" data-id=\"2135\" src=\"https:\/\/umwelthaus-pinneberg.de\/wp-content\/uploads\/2023\/11\/2023-11-20-10.38.57.jpg\" alt=\"\" class=\"wp-image-2135\" srcset=\"https:\/\/umwelthaus-pinneberg.de\/wp-content\/uploads\/2023\/11\/2023-11-20-10.38.57.jpg 600w, https:\/\/umwelthaus-pinneberg.de\/wp-content\/uploads\/2023\/11\/2023-11-20-10.38.57-225x300.jpg 225w\" sizes=\"auto, (max-width: 600px) 100vw, 600px\" \/><\/figure>\n<\/figure>\n","protected":false},"excerpt":{"rendered":"<p>Der Entdeckergarten ist ein Naturerlebnisraum zur F\u00f6rderung von nachhaltigem Leben und Umweltschutz. Getragen wird der offene Garten vom Umwelthaus des Kreis Pinneberg und Ehrenamtlichen. Jeder, der achtsam mit Mensch und Tier umgeht, ist herzlich willkommen. Seit zehn Jahren betreiben Naturbegeisterte zusammen mit der G\u00e4rtnermeisterin Eva-Maria Dieckmann von der G\u00e4rtnerei Trifolia den Entdeckergarten des Umwelthauses Pinneberg. [&hellip;]<\/p>\n","protected":false},"author":1,"featured_media":3287,"parent":0,"menu_order":0,"comment_status":"open","ping_status":"closed","template":"templates\/template-full-width.php","meta":{"ngg_post_thumbnail":0,"footnotes":""},"class_list":["post-118","page","type-page","status-publish","has-post-thumbnail","hentry"],"publishpress_future_action":{"enabled":false,"date":"2026-04-21 14:00:20","action":"change-status","newStatus":"draft","terms":[],"taxonomy":"","extraData":[]},"publishpress_future_workflow_manual_trigger":{"enabledWorkflows":[]},"_links":{"self":[{"href":"https:\/\/umwelthaus-pinneberg.de\/index.php?rest_route=\/wp\/v2\/pages\/118","targetHints":{"allow":["GET"]}}],"collection":[{"href":"https:\/\/umwelthaus-pinneberg.de\/index.php?rest_route=\/wp\/v2\/pages"}],"about":[{"href":"https:\/\/umwelthaus-pinneberg.de\/index.php?rest_route=\/wp\/v2\/types\/page"}],"author":[{"embeddable":true,"href":"https:\/\/umwelthaus-pinneberg.de\/index.php?rest_route=\/wp\/v2\/users\/1"}],"replies":[{"embeddable":true,"href":"https:\/\/umwelthaus-pinneberg.de\/index.php?rest_route=%2Fwp%2Fv2%2Fcomments&post=118"}],"version-history":[{"count":24,"href":"https:\/\/umwelthaus-pinneberg.de\/index.php?rest_route=\/wp\/v2\/pages\/118\/revisions"}],"predecessor-version":[{"id":3763,"href":"https:\/\/umwelthaus-pinneberg.de\/index.php?rest_route=\/wp\/v2\/pages\/118\/revisions\/3763"}],"wp:featuredmedia":[{"embeddable":true,"href":"https:\/\/umwelthaus-pinneberg.de\/index.php?rest_route=\/wp\/v2\/media\/3287"}],"wp:attachment":[{"href":"https:\/\/umwelthaus-pinneberg.de\/index.php?rest_route=%2Fwp%2Fv2%2Fmedia&parent=118"}],"curies":[{"name":"wp","href":"https:\/\/api.w.org\/{rel}","templated":true}]}}