{"id":134,"date":"2020-01-16T14:35:09","date_gmt":"2020-01-16T13:35:09","guid":{"rendered":"http:\/\/west-wallaby.dd-dns.de\/umwelthaus\/?page_id=134"},"modified":"2025-04-03T11:25:35","modified_gmt":"2025-04-03T09:25:35","slug":"huehnerleasing","status":"publish","type":"page","link":"https:\/\/umwelthaus-pinneberg.de\/?page_id=134","title":{"rendered":"H\u00fchnerleasing"},"content":{"rendered":"\n<figure class=\"wp-block-embed is-type-rich is-provider-handler-einbetten wp-block-embed-handler-einbetten\"><div class=\"wp-block-embed__wrapper\">\n<div style=\"width: 580px;\" class=\"wp-video\"><video class=\"wp-video-shortcode\" id=\"video-134-1\" width=\"580\" height=\"326\" preload=\"metadata\" controls=\"controls\"><source type=\"video\/mp4\" src=\"https:\/\/umwelthaus-pinneberg.de\/wp-content\/uploads\/2021\/04\/Huehnerleasing-1.mp4?_=1\" \/><a href=\"https:\/\/umwelthaus-pinneberg.de\/wp-content\/uploads\/2021\/04\/Huehnerleasing-1.mp4\">https:\/\/umwelthaus-pinneberg.de\/wp-content\/uploads\/2021\/04\/Huehnerleasing-1.mp4<\/a><\/video><\/div>\n<\/div><\/figure>\n\n\n\n<p>Seit 2012 betreiben wir eine Freilandhaltung von H\u00fchnern in gemeinschaftlich organisierter Weise. Wir nennen es H\u00fchnerleasing. Man kann sich (formal) ein Huhn leasen, und bekommt daf\u00fcr dessen gelegte Eier. Und nein, ein Huhn legt nicht jeden Tag ein Ei, aber so alle zwei Tage schon. Im Schnitt stehen dem Leaser 12 Eier pro Monat zu. Daf\u00fcr wird eine Jahresspende von 64 \u20ac erhoben.<br>Eine H\u00fchnerhaltung in dieser tiergerechten Form erfordert den Einsatz von den Nutzern. Deshalb betreuen die Leaser ihre H\u00fchnerschar (und mittlerweile auch ein paar Laufenten\u2026) in regelm\u00e4\u00dfigen Diensten. Im Stall h\u00e4ngt ein Dienstplan, dort kann man sehen, wer wann dran ist. Stall s\u00e4ubern und f\u00fcttern sind die haupts\u00e4chlichen Aufgaben, schnell gemacht \u2013 und man muss ja sowieso mal vorbeischauen, um sich die Eier abzuholen.<br>Mit diesem Projekt wollen wir zeigen, dass eine tiergerechte Haltungsform auch in einer modernen Industriegesellschaft m\u00f6glich ist. Bei uns gibt es gl\u00fcckliche H\u00fchner, die ein artgerechtes Nutztierleben genie\u00dfen d\u00fcrfen. \u00dcbrigens br\u00fcten wir selbst aus \u2013 und auch die M\u00e4nnchen werden gro\u00dfgezogen, kein K\u00fckenmorden! Auch das geht n\u00e4mlich.<\/p>\n\n\n\n<p>Bei Interesse schicke uns gerne eine Nachricht!<br>\n<div class=\"wpcf7 no-js\" id=\"wpcf7-f301-o1\" lang=\"de-DE\" dir=\"ltr\" data-wpcf7-id=\"301\">\n<div class=\"screen-reader-response\"><p role=\"status\" aria-live=\"polite\" aria-atomic=\"true\"><\/p> <ul><\/ul><\/div>\n<form action=\"\/index.php?rest_route=%2Fwp%2Fv2%2Fpages%2F134#wpcf7-f301-o1\" method=\"post\" class=\"wpcf7-form init\" aria-label=\"Kontaktformular\" novalidate=\"novalidate\" data-status=\"init\">\n<fieldset class=\"hidden-fields-container\"><input type=\"hidden\" name=\"_wpcf7\" value=\"301\" \/><input type=\"hidden\" name=\"_wpcf7_version\" value=\"6.1.5\" \/><input type=\"hidden\" name=\"_wpcf7_locale\" value=\"de_DE\" \/><input type=\"hidden\" name=\"_wpcf7_unit_tag\" value=\"wpcf7-f301-o1\" \/><input type=\"hidden\" name=\"_wpcf7_container_post\" value=\"0\" \/><input type=\"hidden\" name=\"_wpcf7_posted_data_hash\" value=\"\" \/><input type=\"hidden\" name=\"_wpcf7_recaptcha_response\" value=\"\" \/>\n<\/fieldset>\n<p><label> Dein Name (Pflichtfeld)<br \/>\n<span class=\"wpcf7-form-control-wrap\" data-name=\"your-name\"><input size=\"40\" maxlength=\"400\" class=\"wpcf7-form-control wpcf7-text wpcf7-validates-as-required\" aria-required=\"true\" aria-invalid=\"false\" value=\"\" type=\"text\" name=\"your-name\" \/><\/span> <\/label>\n<\/p>\n<p><label> Deine E-Mail-Adresse (Pflichtfeld)<br \/>\n<span class=\"wpcf7-form-control-wrap\" data-name=\"your-email\"><input size=\"40\" maxlength=\"400\" class=\"wpcf7-form-control wpcf7-email wpcf7-validates-as-required wpcf7-text wpcf7-validates-as-email\" aria-required=\"true\" aria-invalid=\"false\" value=\"\" type=\"email\" name=\"your-email\" \/><\/span> <\/label>\n<\/p>\n<p><label> Betreff<br \/>\n<span class=\"wpcf7-form-control-wrap\" data-name=\"your-subject\"><input size=\"40\" maxlength=\"400\" class=\"wpcf7-form-control wpcf7-text\" aria-invalid=\"false\" value=\"Anfrage zum Entdeckergarten\" type=\"text\" name=\"your-subject\" \/><\/span> <\/label>\n<\/p>\n<p><label> Deine Nachricht<br \/>\n<span class=\"wpcf7-form-control-wrap\" data-name=\"your-message\"><textarea cols=\"40\" rows=\"10\" maxlength=\"2000\" class=\"wpcf7-form-control wpcf7-textarea\" aria-invalid=\"false\" name=\"your-message\"><\/textarea><\/span> <\/label>\n<\/p>\n<p><input class=\"wpcf7-form-control wpcf7-submit has-spinner\" type=\"submit\" value=\"Senden\" \/>\n<\/p><div class=\"wpcf7-response-output\" aria-hidden=\"true\"><\/div>\n<\/form>\n<\/div>\n<\/p>\n\n\n\n<figure class=\"wp-block-gallery has-nested-images columns-default is-cropped wp-block-gallery-1 is-layout-flex wp-block-gallery-is-layout-flex\">\n<figure class=\"wp-block-image size-full\"><img loading=\"lazy\" decoding=\"async\" width=\"600\" height=\"800\" data-id=\"1402\" src=\"https:\/\/umwelthaus-pinneberg.de\/wp-content\/uploads\/2023\/01\/2022-06-19-13.02.16.jpg\" alt=\"\" class=\"wp-image-1402\" srcset=\"https:\/\/umwelthaus-pinneberg.de\/wp-content\/uploads\/2023\/01\/2022-06-19-13.02.16.jpg 600w, https:\/\/umwelthaus-pinneberg.de\/wp-content\/uploads\/2023\/01\/2022-06-19-13.02.16-225x300.jpg 225w\" sizes=\"auto, (max-width: 600px) 100vw, 600px\" \/><\/figure>\n\n\n\n<figure class=\"wp-block-image size-full\"><img loading=\"lazy\" decoding=\"async\" width=\"600\" height=\"450\" data-id=\"1613\" src=\"https:\/\/umwelthaus-pinneberg.de\/wp-content\/uploads\/2023\/03\/2023-03-14-11.23.29.jpg\" alt=\"\" class=\"wp-image-1613\" srcset=\"https:\/\/umwelthaus-pinneberg.de\/wp-content\/uploads\/2023\/03\/2023-03-14-11.23.29.jpg 600w, https:\/\/umwelthaus-pinneberg.de\/wp-content\/uploads\/2023\/03\/2023-03-14-11.23.29-300x225.jpg 300w\" sizes=\"auto, (max-width: 600px) 100vw, 600px\" \/><\/figure>\n\n\n\n<figure class=\"wp-block-image size-full\"><img loading=\"lazy\" decoding=\"async\" width=\"600\" height=\"800\" data-id=\"1755\" src=\"https:\/\/umwelthaus-pinneberg.de\/wp-content\/uploads\/2023\/05\/2023-05-09-11.51.48.jpg\" alt=\"\" class=\"wp-image-1755\" srcset=\"https:\/\/umwelthaus-pinneberg.de\/wp-content\/uploads\/2023\/05\/2023-05-09-11.51.48.jpg 600w, https:\/\/umwelthaus-pinneberg.de\/wp-content\/uploads\/2023\/05\/2023-05-09-11.51.48-225x300.jpg 225w\" sizes=\"auto, (max-width: 600px) 100vw, 600px\" \/><\/figure>\n<\/figure>\n","protected":false},"excerpt":{"rendered":"<p>Seit 2012 betreiben wir eine Freilandhaltung von H\u00fchnern in gemeinschaftlich organisierter Weise. Wir nennen es H\u00fchnerleasing. Man kann sich (formal) ein Huhn leasen, und bekommt daf\u00fcr dessen gelegte Eier. Und nein, ein Huhn legt nicht jeden Tag ein Ei, aber so alle zwei Tage schon. Im Schnitt stehen dem Leaser 12 Eier pro Monat zu. [&hellip;]<\/p>\n","protected":false},"author":1,"featured_media":2488,"parent":118,"menu_order":0,"comment_status":"closed","ping_status":"closed","template":"","meta":{"ngg_post_thumbnail":0,"footnotes":""},"class_list":["post-134","page","type-page","status-publish","has-post-thumbnail","hentry"],"publishpress_future_action":{"enabled":false,"date":"2026-04-21 17:49:05","action":"change-status","newStatus":"draft","terms":[],"taxonomy":"","extraData":[]},"publishpress_future_workflow_manual_trigger":{"enabledWorkflows":[]},"_links":{"self":[{"href":"https:\/\/umwelthaus-pinneberg.de\/index.php?rest_route=\/wp\/v2\/pages\/134","targetHints":{"allow":["GET"]}}],"collection":[{"href":"https:\/\/umwelthaus-pinneberg.de\/index.php?rest_route=\/wp\/v2\/pages"}],"about":[{"href":"https:\/\/umwelthaus-pinneberg.de\/index.php?rest_route=\/wp\/v2\/types\/page"}],"author":[{"embeddable":true,"href":"https:\/\/umwelthaus-pinneberg.de\/index.php?rest_route=\/wp\/v2\/users\/1"}],"replies":[{"embeddable":true,"href":"https:\/\/umwelthaus-pinneberg.de\/index.php?rest_route=%2Fwp%2Fv2%2Fcomments&post=134"}],"version-history":[{"count":7,"href":"https:\/\/umwelthaus-pinneberg.de\/index.php?rest_route=\/wp\/v2\/pages\/134\/revisions"}],"predecessor-version":[{"id":3126,"href":"https:\/\/umwelthaus-pinneberg.de\/index.php?rest_route=\/wp\/v2\/pages\/134\/revisions\/3126"}],"up":[{"embeddable":true,"href":"https:\/\/umwelthaus-pinneberg.de\/index.php?rest_route=\/wp\/v2\/pages\/118"}],"wp:featuredmedia":[{"embeddable":true,"href":"https:\/\/umwelthaus-pinneberg.de\/index.php?rest_route=\/wp\/v2\/media\/2488"}],"wp:attachment":[{"href":"https:\/\/umwelthaus-pinneberg.de\/index.php?rest_route=%2Fwp%2Fv2%2Fmedia&parent=134"}],"curies":[{"name":"wp","href":"https:\/\/api.w.org\/{rel}","templated":true}]}}