{"id":136,"date":"2020-01-16T14:35:40","date_gmt":"2020-01-16T13:35:40","guid":{"rendered":"http:\/\/west-wallaby.dd-dns.de\/umwelthaus\/?page_id=136"},"modified":"2025-04-03T11:27:10","modified_gmt":"2025-04-03T09:27:10","slug":"sauna","status":"publish","type":"page","link":"https:\/\/umwelthaus-pinneberg.de\/?page_id=136","title":{"rendered":"Sauna"},"content":{"rendered":"\n<p>Dieses Projekt ist das Richtige f\u00fcr saunabegeisterte Menschen. Am abgeschiedenen Rand des Entdeckergartens gelegen, kann man hier die Natur am Teich genie\u00dfen. Die Sauna wird mit einem Holzofen angeheizt, den die Saunierenden selbst befeuern. Das Holz stammt direkt vom Gel\u00e4nde, ist somit \u00f6kologisch und klimaneutral. Wir betreiben die Sauna recht offen; es gelten keine strengen Saunaregeln. Man kann sich den Saunagang nach eigenen Vorlieben gestalten. Ein umsichtiger Umgang versteht sich von selbst. Zur Abk\u00fchlung nach dem Saunagang kann geduscht werden, oder man wagt sich in den Zuber und ganz Mutige schwimmen eine Runde im Teich!<br>Herrlich!<\/p>\n\n\n\n<figure class=\"wp-block-embed is-type-video is-provider-youtube wp-block-embed-youtube wp-embed-aspect-16-9 wp-has-aspect-ratio\"><div class=\"wp-block-embed__wrapper\">\n<iframe loading=\"lazy\" title=\"Chillin in selfmade Sauna | North germany \ud83e\udd75\" width=\"580\" height=\"326\" src=\"https:\/\/www.youtube.com\/embed\/jNOJLP9r4Uw?feature=oembed\" frameborder=\"0\" allow=\"accelerometer; autoplay; clipboard-write; encrypted-media; gyroscope; picture-in-picture; web-share\" referrerpolicy=\"strict-origin-when-cross-origin\" allowfullscreen><\/iframe>\n<\/div><\/figure>\n\n\n\n<p class=\"has-drop-cap\"><br>Verpflegendes darf gerne konsumiert werden, daf\u00fcr gibt es die kleine \u201eK\u00fcchenecke\u201c mit unserem Erdk\u00fchlschrank. Eine regelm\u00e4\u00dfige Saunanutzung kostet eine Jahresspende von 60 \u20ac. Interessierte m\u00fcssen allerdings von uns in den Betrieb eingewiesen werden, vor allem was die Ofenfeuerung anbelangt. <\/p>\n\n\n\n\n<div class=\"wpcf7 no-js\" id=\"wpcf7-f301-o1\" lang=\"de-DE\" dir=\"ltr\" data-wpcf7-id=\"301\">\n<div class=\"screen-reader-response\"><p role=\"status\" aria-live=\"polite\" aria-atomic=\"true\"><\/p> <ul><\/ul><\/div>\n<form action=\"\/index.php?rest_route=%2Fwp%2Fv2%2Fpages%2F136#wpcf7-f301-o1\" method=\"post\" class=\"wpcf7-form init\" aria-label=\"Kontaktformular\" novalidate=\"novalidate\" data-status=\"init\">\n<fieldset class=\"hidden-fields-container\"><input type=\"hidden\" name=\"_wpcf7\" value=\"301\" \/><input type=\"hidden\" name=\"_wpcf7_version\" value=\"6.1.5\" \/><input type=\"hidden\" name=\"_wpcf7_locale\" value=\"de_DE\" \/><input type=\"hidden\" name=\"_wpcf7_unit_tag\" value=\"wpcf7-f301-o1\" \/><input type=\"hidden\" name=\"_wpcf7_container_post\" value=\"0\" \/><input type=\"hidden\" name=\"_wpcf7_posted_data_hash\" value=\"\" \/><input type=\"hidden\" name=\"_wpcf7_recaptcha_response\" value=\"\" \/>\n<\/fieldset>\n<p><label> Dein Name (Pflichtfeld)<br \/>\n<span class=\"wpcf7-form-control-wrap\" data-name=\"your-name\"><input size=\"40\" maxlength=\"400\" class=\"wpcf7-form-control wpcf7-text wpcf7-validates-as-required\" aria-required=\"true\" aria-invalid=\"false\" value=\"\" type=\"text\" name=\"your-name\" \/><\/span> <\/label>\n<\/p>\n<p><label> Deine E-Mail-Adresse (Pflichtfeld)<br \/>\n<span class=\"wpcf7-form-control-wrap\" data-name=\"your-email\"><input size=\"40\" maxlength=\"400\" class=\"wpcf7-form-control wpcf7-email wpcf7-validates-as-required wpcf7-text wpcf7-validates-as-email\" aria-required=\"true\" aria-invalid=\"false\" value=\"\" type=\"email\" name=\"your-email\" \/><\/span> <\/label>\n<\/p>\n<p><label> Betreff<br \/>\n<span class=\"wpcf7-form-control-wrap\" data-name=\"your-subject\"><input size=\"40\" maxlength=\"400\" class=\"wpcf7-form-control wpcf7-text\" aria-invalid=\"false\" value=\"Anfrage zum Entdeckergarten\" type=\"text\" name=\"your-subject\" \/><\/span> <\/label>\n<\/p>\n<p><label> Deine Nachricht<br \/>\n<span class=\"wpcf7-form-control-wrap\" data-name=\"your-message\"><textarea cols=\"40\" rows=\"10\" maxlength=\"2000\" class=\"wpcf7-form-control wpcf7-textarea\" aria-invalid=\"false\" name=\"your-message\"><\/textarea><\/span> <\/label>\n<\/p>\n<p><input class=\"wpcf7-form-control wpcf7-submit has-spinner\" type=\"submit\" value=\"Senden\" \/>\n<\/p><div class=\"wpcf7-response-output\" aria-hidden=\"true\"><\/div>\n<\/form>\n<\/div>\n\n","protected":false},"excerpt":{"rendered":"<p>Dieses Projekt ist das Richtige f\u00fcr saunabegeisterte Menschen. Am abgeschiedenen Rand des Entdeckergartens gelegen, kann man hier die Natur am Teich genie\u00dfen. Die Sauna wird mit einem Holzofen angeheizt, den die Saunierenden selbst befeuern. Das Holz stammt direkt vom Gel\u00e4nde, ist somit \u00f6kologisch und klimaneutral. Wir betreiben die Sauna recht offen; es gelten keine strengen [&hellip;]<\/p>\n","protected":false},"author":1,"featured_media":0,"parent":118,"menu_order":0,"comment_status":"closed","ping_status":"closed","template":"","meta":{"ngg_post_thumbnail":0,"footnotes":""},"class_list":["post-136","page","type-page","status-publish","hentry"],"publishpress_future_action":{"enabled":false,"date":"2026-04-25 11:13:39","action":"change-status","newStatus":"draft","terms":[],"taxonomy":"","extraData":[]},"publishpress_future_workflow_manual_trigger":{"enabledWorkflows":[]},"_links":{"self":[{"href":"https:\/\/umwelthaus-pinneberg.de\/index.php?rest_route=\/wp\/v2\/pages\/136","targetHints":{"allow":["GET"]}}],"collection":[{"href":"https:\/\/umwelthaus-pinneberg.de\/index.php?rest_route=\/wp\/v2\/pages"}],"about":[{"href":"https:\/\/umwelthaus-pinneberg.de\/index.php?rest_route=\/wp\/v2\/types\/page"}],"author":[{"embeddable":true,"href":"https:\/\/umwelthaus-pinneberg.de\/index.php?rest_route=\/wp\/v2\/users\/1"}],"replies":[{"embeddable":true,"href":"https:\/\/umwelthaus-pinneberg.de\/index.php?rest_route=%2Fwp%2Fv2%2Fcomments&post=136"}],"version-history":[{"count":5,"href":"https:\/\/umwelthaus-pinneberg.de\/index.php?rest_route=\/wp\/v2\/pages\/136\/revisions"}],"predecessor-version":[{"id":3127,"href":"https:\/\/umwelthaus-pinneberg.de\/index.php?rest_route=\/wp\/v2\/pages\/136\/revisions\/3127"}],"up":[{"embeddable":true,"href":"https:\/\/umwelthaus-pinneberg.de\/index.php?rest_route=\/wp\/v2\/pages\/118"}],"wp:attachment":[{"href":"https:\/\/umwelthaus-pinneberg.de\/index.php?rest_route=%2Fwp%2Fv2%2Fmedia&parent=136"}],"curies":[{"name":"wp","href":"https:\/\/api.w.org\/{rel}","templated":true}]}}