{"id":138,"date":"2020-01-16T14:36:32","date_gmt":"2020-01-16T13:36:32","guid":{"rendered":"http:\/\/west-wallaby.dd-dns.de\/umwelthaus\/?page_id=138"},"modified":"2025-04-03T11:27:55","modified_gmt":"2025-04-03T09:27:55","slug":"streuobstwiese","status":"publish","type":"page","link":"https:\/\/umwelthaus-pinneberg.de\/?page_id=138","title":{"rendered":"Streuobstwiese"},"content":{"rendered":"\n<p>Eine Streuobstwiese ist eine Wiese unter hochst\u00e4mmigen Obstb\u00e4umen. Hier k\u00f6nnen Kr\u00e4uter und Gr\u00e4ser wachsen, bl\u00fchen und Samen reifen lassen.<br>Eine solche naturnahe Wiese ist ein wahrer Lebenskosmos f\u00fcr sich. Sie bietet Lebensraum und Nahrung f\u00fcr viele Klein- tiere, die uns sonst gar nicht auffallen. Die Bl\u00fcten werden von Bienen, Schmetterlingen und Hummeln besucht, die Kr\u00e4uter von Raupen und K\u00e4fern gefressen, und in den Gr\u00e4sern verstecken sich gerne Spinnen und Schnecken. Diese Kleintiere \u2013 vor allem die Insekten \u2013 sind Nahrung f\u00fcr weitere Tiere: z.B. V\u00f6gel und Flederm\u00e4use. Auch die Wiesenpflanzen werden gern gefressen. Hier bedanken sich M\u00e4use und Hasen. Wenn die Pflanzen vergehen, freuen sich die Bodentiere, Regenw\u00fcrmer und Asseln.<br>Man sieht \u2013 ordentlich was los!<br>Damit die Wiese sch\u00f6n vielf\u00e4ltig wird und keine Geh\u00f6lze aufwachsen, m\u00e4ht man sie von Zeit zu Zeit. Nur nicht zu h\u00e4ufig \u2013 dann schafft keine Pflanze es zur Bl\u00fcte! Wir m\u00e4hen zweimal im Jahr mit dem Balkenm\u00e4her: einmal nach den Fr\u00fchjahrsbl\u00fchern im Juni, und dann nach dem Winter im zeitigen Fr\u00fchjahr, damit Halme uns St\u00e4ngel als Wohnungen f\u00fcr Insekten stehen bleiben.<br>Seht euch geduldig um, es gibt viel zu entdecken!<\/p>\n","protected":false},"excerpt":{"rendered":"<p>Eine Streuobstwiese ist eine Wiese unter hochst\u00e4mmigen Obstb\u00e4umen. Hier k\u00f6nnen Kr\u00e4uter und Gr\u00e4ser wachsen, bl\u00fchen und Samen reifen lassen.Eine solche naturnahe Wiese ist ein wahrer Lebenskosmos f\u00fcr sich. Sie bietet Lebensraum und Nahrung f\u00fcr viele Klein- tiere, die uns sonst gar nicht auffallen. Die Bl\u00fcten werden von Bienen, Schmetterlingen und Hummeln besucht, die Kr\u00e4uter von [&hellip;]<\/p>\n","protected":false},"author":1,"featured_media":310,"parent":118,"menu_order":0,"comment_status":"closed","ping_status":"closed","template":"","meta":{"ngg_post_thumbnail":0,"footnotes":""},"class_list":["post-138","page","type-page","status-publish","has-post-thumbnail","hentry"],"publishpress_future_action":{"enabled":false,"date":"2026-04-21 17:45:19","action":"change-status","newStatus":"draft","terms":[],"taxonomy":"","extraData":[]},"publishpress_future_workflow_manual_trigger":{"enabledWorkflows":[]},"_links":{"self":[{"href":"https:\/\/umwelthaus-pinneberg.de\/index.php?rest_route=\/wp\/v2\/pages\/138","targetHints":{"allow":["GET"]}}],"collection":[{"href":"https:\/\/umwelthaus-pinneberg.de\/index.php?rest_route=\/wp\/v2\/pages"}],"about":[{"href":"https:\/\/umwelthaus-pinneberg.de\/index.php?rest_route=\/wp\/v2\/types\/page"}],"author":[{"embeddable":true,"href":"https:\/\/umwelthaus-pinneberg.de\/index.php?rest_route=\/wp\/v2\/users\/1"}],"replies":[{"embeddable":true,"href":"https:\/\/umwelthaus-pinneberg.de\/index.php?rest_route=%2Fwp%2Fv2%2Fcomments&post=138"}],"version-history":[{"count":3,"href":"https:\/\/umwelthaus-pinneberg.de\/index.php?rest_route=\/wp\/v2\/pages\/138\/revisions"}],"predecessor-version":[{"id":3128,"href":"https:\/\/umwelthaus-pinneberg.de\/index.php?rest_route=\/wp\/v2\/pages\/138\/revisions\/3128"}],"up":[{"embeddable":true,"href":"https:\/\/umwelthaus-pinneberg.de\/index.php?rest_route=\/wp\/v2\/pages\/118"}],"wp:featuredmedia":[{"embeddable":true,"href":"https:\/\/umwelthaus-pinneberg.de\/index.php?rest_route=\/wp\/v2\/media\/310"}],"wp:attachment":[{"href":"https:\/\/umwelthaus-pinneberg.de\/index.php?rest_route=%2Fwp%2Fv2%2Fmedia&parent=138"}],"curies":[{"name":"wp","href":"https:\/\/api.w.org\/{rel}","templated":true}]}}