{"id":14,"date":"2020-01-15T16:38:36","date_gmt":"2020-01-15T15:38:36","guid":{"rendered":"http:\/\/west-wallaby.dd-dns.de\/umwelthaus\/?page_id=14"},"modified":"2026-02-20T18:18:42","modified_gmt":"2026-02-20T17:18:42","slug":"verein","status":"publish","type":"page","link":"https:\/\/umwelthaus-pinneberg.de\/?page_id=14","title":{"rendered":"\u00dcber den Verein"},"content":{"rendered":"\n<p>Hallo, wir sind das Umwelthaus Pinneberg e.V., ein Verein umweltbewegter Menschen, die sich mit Freude in der Natur &#8211; und besonders im Entdeckergarten &#8211; aufhalten.<\/p>\n\n\n\n<p><strong>Umwelthaus Pinneberg e.V.<\/strong><br>Tangstedter Str. 101<br>25462 Rellingen<br><a href=\"http:\/\/umwelthaus-pinneberg.de\/?page_id=15\">Kontakt<\/a><\/p>\n\n\n\n<p><strong>Spenden erbeten<\/strong><br>Sparkasse S\u00fcdholstein<br>IBAN DE47 2305 1030 0003 9801 25<\/p>\n\n\n\n<p><a href=\"https:\/\/umwelthaus-pinneberg.de\/?page_id=259\">Unsere Satzung findest du hier,<\/a><\/p>\n\n\n\n<p><a href=\"https:\/\/umwelthaus-pinneberg.de\/wp-content\/uploads\/2025\/10\/antrag_foerdermitgliedschaft.pdf\" data-type=\"attachment\" data-id=\"3295\">Ich m\u00f6chte F\u00f6rdermitglied werden.<\/a><\/p>\n","protected":false},"excerpt":{"rendered":"<p>Hallo, wir sind das Umwelthaus Pinneberg e.V., ein Verein umweltbewegter Menschen, die sich mit Freude in der Natur &#8211; und besonders im Entdeckergarten &#8211; aufhalten. Umwelthaus Pinneberg e.V.Tangstedter Str. 10125462 RellingenKontakt Spenden erbetenSparkasse S\u00fcdholsteinIBAN DE47 2305 1030 0003 9801 25 Unsere Satzung findest du hier, Ich m\u00f6chte F\u00f6rdermitglied werden.<\/p>\n","protected":false},"author":1,"featured_media":2757,"parent":0,"menu_order":0,"comment_status":"closed","ping_status":"closed","template":"","meta":{"ngg_post_thumbnail":0,"footnotes":""},"class_list":["post-14","page","type-page","status-publish","has-post-thumbnail","hentry"],"publishpress_future_action":{"enabled":false,"date":"2026-04-24 11:18:37","action":"change-status","newStatus":"draft","terms":[],"taxonomy":"","extraData":[]},"publishpress_future_workflow_manual_trigger":{"enabledWorkflows":[]},"_links":{"self":[{"href":"https:\/\/umwelthaus-pinneberg.de\/index.php?rest_route=\/wp\/v2\/pages\/14","targetHints":{"allow":["GET"]}}],"collection":[{"href":"https:\/\/umwelthaus-pinneberg.de\/index.php?rest_route=\/wp\/v2\/pages"}],"about":[{"href":"https:\/\/umwelthaus-pinneberg.de\/index.php?rest_route=\/wp\/v2\/types\/page"}],"author":[{"embeddable":true,"href":"https:\/\/umwelthaus-pinneberg.de\/index.php?rest_route=\/wp\/v2\/users\/1"}],"replies":[{"embeddable":true,"href":"https:\/\/umwelthaus-pinneberg.de\/index.php?rest_route=%2Fwp%2Fv2%2Fcomments&post=14"}],"version-history":[{"count":10,"href":"https:\/\/umwelthaus-pinneberg.de\/index.php?rest_route=\/wp\/v2\/pages\/14\/revisions"}],"predecessor-version":[{"id":3764,"href":"https:\/\/umwelthaus-pinneberg.de\/index.php?rest_route=\/wp\/v2\/pages\/14\/revisions\/3764"}],"wp:featuredmedia":[{"embeddable":true,"href":"https:\/\/umwelthaus-pinneberg.de\/index.php?rest_route=\/wp\/v2\/media\/2757"}],"wp:attachment":[{"href":"https:\/\/umwelthaus-pinneberg.de\/index.php?rest_route=%2Fwp%2Fv2%2Fmedia&parent=14"}],"curies":[{"name":"wp","href":"https:\/\/api.w.org\/{rel}","templated":true}]}}