{"id":238,"date":"2020-01-16T21:29:43","date_gmt":"2020-01-16T21:29:43","guid":{"rendered":"http:\/\/umwelthaus-pinneberg.de\/?page_id=238"},"modified":"2025-04-02T09:14:58","modified_gmt":"2025-04-02T07:14:58","slug":"das-kaninchenprojekt","status":"publish","type":"page","link":"https:\/\/umwelthaus-pinneberg.de\/?page_id=238","title":{"rendered":"Das Kaninchenprojekt"},"content":{"rendered":"\n<p>Leider gibt es zur Zeit keine Kaninchengruppe. <br>Stand: April 2025<\/p>\n\n\n\n<p>Seit Ende Mai 2019 betreiben wir im Entdeckergarten ein Kaninchenprojekt.<br>Ich kenne Kaninchenhaltung aus meiner Kindheit und Jugend. Das Kaninchen war damals die Ziege des kleinen Mannes und diente der Fleischversorgung f\u00fcr die Familie.<br>Aber damals wurden die Kaninchen einzeln oder zu zweit in engen Boxen gehalten, damit sie schnell fett wurden und geschlachtet werden konnten. Das war nat\u00fcrlich Tierqu\u00e4lerei. Ebenso sieht es bei fast allen Z\u00fcchtern aus. Es soll schnell viel Nachwuchs produziert werden, um aussortieren und viele Preise einheimsen zu k\u00f6nnen. Dies geschieht auf Kosten der Tiere. Auch die Haltung von Zwergkaninchen in der Wohnung ist nicht unproblematisch.<br>Dies alles wollten wir nicht, sondern die Tiere m\u00f6glichst artgerecht halten, mit viel Auslauf im Freien, artgerechter F\u00fctterung und nat\u00fcrlicher Vermehrung.<\/p>\n\n\n\n<figure class=\"wp-block-image size-large\"><img loading=\"lazy\" decoding=\"async\" width=\"1024\" height=\"768\" src=\"https:\/\/umwelthaus-pinneberg.de\/wp-content\/uploads\/2020\/09\/IMG_20200910_115712-1024x768.jpg\" alt=\"Kaninchen fressen\" class=\"wp-image-554\" srcset=\"https:\/\/umwelthaus-pinneberg.de\/wp-content\/uploads\/2020\/09\/IMG_20200910_115712-1024x768.jpg 1024w, https:\/\/umwelthaus-pinneberg.de\/wp-content\/uploads\/2020\/09\/IMG_20200910_115712-300x225.jpg 300w, https:\/\/umwelthaus-pinneberg.de\/wp-content\/uploads\/2020\/09\/IMG_20200910_115712-768x576.jpg 768w, https:\/\/umwelthaus-pinneberg.de\/wp-content\/uploads\/2020\/09\/IMG_20200910_115712-1536x1152.jpg 1536w, https:\/\/umwelthaus-pinneberg.de\/wp-content\/uploads\/2020\/09\/IMG_20200910_115712-2048x1536.jpg 2048w, https:\/\/umwelthaus-pinneberg.de\/wp-content\/uploads\/2020\/09\/IMG_20200910_115712-1980x1485.jpg 1980w\" sizes=\"auto, (max-width: 1024px) 100vw, 1024px\" \/><figcaption class=\"wp-element-caption\">Die Kaninchen genie\u00dfen ihr Gr\u00fcnzeug<\/figcaption><\/figure>\n\n\n\n<p class=\"has-drop-cap\"><br>So haben wir einen Stall mit Innenboxen gebaut, relativ gro\u00dfem Auslauf innen und Zugang zum Au\u00dfengehege. Hier k\u00f6nnen die Tiere laufen, springen und buddeln, was sie auch rege tun. Es wurden ein Bock und zwei Zibben angeschafft, in der Hoffnung, dass sie sich rege vermehren. Im gesamten letzten Sommer ist aber nichts passiert, die Kaninchen mussten sich wohl erst eingew\u00f6hnen. Aber dann, an Heiligabend, tauchten pl\u00f6tzlich zwei Jungkaninchen auf, der erste Nachwuchs. Die beiden sind an Niedlichkeit kaum zu \u00fcbertreffen und laufen mittlerweile munter mit den Erwachsenen im Gehege herum.<br>Wir hoffen nun auf weiteren Nachwuchs. Um Inzucht zu vermeiden, m\u00fcssen wir die Tiere mit Beginn der Geschlechtsreife, nach ca. drei Monaten auch trennen, so dass im Moment noch bauliche Erweiterungen anstehen.<br>Kaninchenhaltung ist ein wundersch\u00f6nes Hobby. Ich bin seit letztem Fr\u00fchjahr t\u00e4glich bei den Tieren, um sie zu versorgen und auch zu beobachten. Kaninchen sind wunderbare, lebhafte und intelligente Tiere, deren Beobachtung nie langweilig wird und die eine unglaubliche Ruhe ausstrahlen. Bei ordentlicher Versorgung sind die Tiere immer sehr entspannt.<br>Falls jemand Lust hat, vielleicht auch die Beteiligten an den H\u00fchnern, in unserer Kaninchengruppe mitzumachen, sind sie herzlich willkommen. So k\u00f6nnen wir die Versorgung der Kaninchen auf mehr Schultern verteilen. Also, Interessenten, bitte <a href=\"https:\/\/umwelthaus-pinneberg.de\/?page_id=15\">melden<\/a>.<br><em>Volker<\/em><\/p>\n\n\n\n<figure class=\"wp-block-image size-large\"><img loading=\"lazy\" decoding=\"async\" width=\"768\" height=\"1024\" src=\"https:\/\/umwelthaus-pinneberg.de\/wp-content\/uploads\/2020\/09\/IMG_20200908_192041-768x1024.jpg\" alt=\"2 Kaninchen fressen Gr\u00fcnzeug\" class=\"wp-image-555\" srcset=\"https:\/\/umwelthaus-pinneberg.de\/wp-content\/uploads\/2020\/09\/IMG_20200908_192041-768x1024.jpg 768w, https:\/\/umwelthaus-pinneberg.de\/wp-content\/uploads\/2020\/09\/IMG_20200908_192041-225x300.jpg 225w, https:\/\/umwelthaus-pinneberg.de\/wp-content\/uploads\/2020\/09\/IMG_20200908_192041-1152x1536.jpg 1152w, https:\/\/umwelthaus-pinneberg.de\/wp-content\/uploads\/2020\/09\/IMG_20200908_192041-1536x2048.jpg 1536w, https:\/\/umwelthaus-pinneberg.de\/wp-content\/uploads\/2020\/09\/IMG_20200908_192041-1200x1600.jpg 1200w, https:\/\/umwelthaus-pinneberg.de\/wp-content\/uploads\/2020\/09\/IMG_20200908_192041-1980x2640.jpg 1980w, https:\/\/umwelthaus-pinneberg.de\/wp-content\/uploads\/2020\/09\/IMG_20200908_192041-scaled.jpg 1920w\" sizes=\"auto, (max-width: 768px) 100vw, 768px\" \/><\/figure>\n","protected":false},"excerpt":{"rendered":"<p>Leider gibt es zur Zeit keine Kaninchengruppe. Stand: April 2025 Seit Ende Mai 2019 betreiben wir im Entdeckergarten ein Kaninchenprojekt.Ich kenne Kaninchenhaltung aus meiner Kindheit und Jugend. Das Kaninchen war damals die Ziege des kleinen Mannes und diente der Fleischversorgung f\u00fcr die Familie.Aber damals wurden die Kaninchen einzeln oder zu zweit in engen Boxen gehalten, [&hellip;]<\/p>\n","protected":false},"author":1,"featured_media":403,"parent":118,"menu_order":0,"comment_status":"closed","ping_status":"closed","template":"templates\/template-full-width.php","meta":{"ngg_post_thumbnail":0,"footnotes":""},"class_list":["post-238","page","type-page","status-publish","has-post-thumbnail","hentry"],"publishpress_future_action":{"enabled":false,"date":"2026-04-21 17:48:25","action":"change-status","newStatus":"draft","terms":[],"taxonomy":"","extraData":[]},"publishpress_future_workflow_manual_trigger":{"enabledWorkflows":[]},"_links":{"self":[{"href":"https:\/\/umwelthaus-pinneberg.de\/index.php?rest_route=\/wp\/v2\/pages\/238","targetHints":{"allow":["GET"]}}],"collection":[{"href":"https:\/\/umwelthaus-pinneberg.de\/index.php?rest_route=\/wp\/v2\/pages"}],"about":[{"href":"https:\/\/umwelthaus-pinneberg.de\/index.php?rest_route=\/wp\/v2\/types\/page"}],"author":[{"embeddable":true,"href":"https:\/\/umwelthaus-pinneberg.de\/index.php?rest_route=\/wp\/v2\/users\/1"}],"replies":[{"embeddable":true,"href":"https:\/\/umwelthaus-pinneberg.de\/index.php?rest_route=%2Fwp%2Fv2%2Fcomments&post=238"}],"version-history":[{"count":7,"href":"https:\/\/umwelthaus-pinneberg.de\/index.php?rest_route=\/wp\/v2\/pages\/238\/revisions"}],"predecessor-version":[{"id":3091,"href":"https:\/\/umwelthaus-pinneberg.de\/index.php?rest_route=\/wp\/v2\/pages\/238\/revisions\/3091"}],"up":[{"embeddable":true,"href":"https:\/\/umwelthaus-pinneberg.de\/index.php?rest_route=\/wp\/v2\/pages\/118"}],"wp:featuredmedia":[{"embeddable":true,"href":"https:\/\/umwelthaus-pinneberg.de\/index.php?rest_route=\/wp\/v2\/media\/403"}],"wp:attachment":[{"href":"https:\/\/umwelthaus-pinneberg.de\/index.php?rest_route=%2Fwp%2Fv2%2Fmedia&parent=238"}],"curies":[{"name":"wp","href":"https:\/\/api.w.org\/{rel}","templated":true}]}}