{"id":3113,"date":"2025-04-03T11:11:02","date_gmt":"2025-04-03T09:11:02","guid":{"rendered":"https:\/\/umwelthaus-pinneberg.de\/?page_id=3113"},"modified":"2025-04-03T11:21:43","modified_gmt":"2025-04-03T09:21:43","slug":"unser-storchenest","status":"publish","type":"page","link":"https:\/\/umwelthaus-pinneberg.de\/?page_id=3113","title":{"rendered":"Unser Storchenest"},"content":{"rendered":"\n<h4 class=\"wp-block-heading\">R\u00fcckblick: Unser Storchenjahr 2024<\/h4>\n\n\n\n<p><strong>August: Abschied von den St\u00f6rchen<\/strong><br>Abschiedsklappern und Abflug in Richtung S\u00fcden. Wir freuen uns auf ihre R\u00fcckkehr im neuen Jahr.<\/p>\n\n\n\n<p><strong>17. Mai: Die St\u00f6rche sind da<\/strong><br>Der erste Storch landet im Nest, andere Interessenten werden verscheut. Am 17. Mai ist das Storchenpaar vereint. Den Sommer \u00fcber sind das Nest und seine Bewohner ein toller Blickfang &#8211; auch wenn es keinen Nachwuchs gibt.<\/p>\n\n\n\n<figure class=\"wp-block-image size-full\"><img loading=\"lazy\" decoding=\"async\" width=\"600\" height=\"800\" src=\"https:\/\/umwelthaus-pinneberg.de\/wp-content\/uploads\/2024\/04\/2024-05-14-13.11.57.jpg\" alt=\"\" class=\"wp-image-2571\" srcset=\"https:\/\/umwelthaus-pinneberg.de\/wp-content\/uploads\/2024\/04\/2024-05-14-13.11.57.jpg 600w, https:\/\/umwelthaus-pinneberg.de\/wp-content\/uploads\/2024\/04\/2024-05-14-13.11.57-225x300.jpg 225w\" sizes=\"auto, (max-width: 600px) 100vw, 600px\" \/><\/figure>\n\n\n\n<p><strong>30. April: Evakuierung aus dem Storchennest<\/strong><br>Mit einem Storchennest im Garten wird es nie langweilig. Die Kanadag\u00e4nse, die das Nest bezogen hatten, haben erfolgreich gebr\u00fctet. Mit Unterst\u00fctzung der Feuerwehr wurde das Nest evakuiert und die Eltern mit ihren K\u00fcken wohlbehalten in den Wolnysee umgesiedelt.<\/p>\n\n\n\n<figure class=\"wp-block-gallery has-nested-images columns-default is-cropped wp-block-gallery-1 is-layout-flex wp-block-gallery-is-layout-flex\">\n<figure class=\"wp-block-image size-large\"><img loading=\"lazy\" decoding=\"async\" width=\"461\" height=\"1024\" data-id=\"2599\" src=\"https:\/\/umwelthaus-pinneberg.de\/wp-content\/uploads\/2024\/05\/20240430_114445-461x1024.jpg\" alt=\"\" class=\"wp-image-2599\" srcset=\"https:\/\/umwelthaus-pinneberg.de\/wp-content\/uploads\/2024\/05\/20240430_114445-461x1024.jpg 461w, https:\/\/umwelthaus-pinneberg.de\/wp-content\/uploads\/2024\/05\/20240430_114445-135x300.jpg 135w, https:\/\/umwelthaus-pinneberg.de\/wp-content\/uploads\/2024\/05\/20240430_114445.jpg 600w\" sizes=\"auto, (max-width: 461px) 100vw, 461px\" \/><\/figure>\n\n\n\n<figure class=\"wp-block-image size-large\"><img loading=\"lazy\" decoding=\"async\" width=\"461\" height=\"1024\" data-id=\"2600\" src=\"https:\/\/umwelthaus-pinneberg.de\/wp-content\/uploads\/2024\/05\/20240430_115253-461x1024.jpg\" alt=\"\" class=\"wp-image-2600\" srcset=\"https:\/\/umwelthaus-pinneberg.de\/wp-content\/uploads\/2024\/05\/20240430_115253-461x1024.jpg 461w, https:\/\/umwelthaus-pinneberg.de\/wp-content\/uploads\/2024\/05\/20240430_115253-135x300.jpg 135w, https:\/\/umwelthaus-pinneberg.de\/wp-content\/uploads\/2024\/05\/20240430_115253.jpg 600w\" sizes=\"auto, (max-width: 461px) 100vw, 461px\" \/><\/figure>\n\n\n\n<figure class=\"wp-block-image size-large\"><img loading=\"lazy\" decoding=\"async\" width=\"600\" height=\"270\" data-id=\"2601\" src=\"https:\/\/umwelthaus-pinneberg.de\/wp-content\/uploads\/2024\/05\/20240430_122222.jpg\" alt=\"\" class=\"wp-image-2601\" srcset=\"https:\/\/umwelthaus-pinneberg.de\/wp-content\/uploads\/2024\/05\/20240430_122222.jpg 600w, https:\/\/umwelthaus-pinneberg.de\/wp-content\/uploads\/2024\/05\/20240430_122222-300x135.jpg 300w\" sizes=\"auto, (max-width: 600px) 100vw, 600px\" \/><\/figure>\n<\/figure>\n\n\n\n<h4 class=\"wp-block-heading\">Alle guten Dinge sind 3: <br>Der Bau des Storchennest<\/h4>\n\n\n\n<p><strong>18. M\u00e4rz 2024, Erfolgreiche Aufrichtung des Storchennests<\/strong><br>Die St\u00f6rche k\u00f6nnen kommen! Nachdem der erste Anlauf zur Aufrichtung des Storchennests im Februar leider scheiterte, freuen wir uns jetzt umso mehr, dass das Nest endlich steht. Denn schon etwa 70% der St\u00f6rche in Schleswig-Holstein sind bereits zur\u00fcckgekehrt. <br>Ein Graugans-Paar hat das Nest bereits entdeckt und inspiziert.<\/p>\n\n\n\n<figure class=\"wp-block-gallery has-nested-images columns-default is-cropped wp-block-gallery-2 is-layout-flex wp-block-gallery-is-layout-flex\">\n<figure class=\"wp-block-image size-large\"><img loading=\"lazy\" decoding=\"async\" width=\"600\" height=\"1008\" data-id=\"2411\" src=\"https:\/\/umwelthaus-pinneberg.de\/wp-content\/uploads\/2024\/02\/PXL_20240318_104101760.jpg\" alt=\"\" class=\"wp-image-2411\" srcset=\"https:\/\/umwelthaus-pinneberg.de\/wp-content\/uploads\/2024\/02\/PXL_20240318_104101760.jpg 600w, https:\/\/umwelthaus-pinneberg.de\/wp-content\/uploads\/2024\/02\/PXL_20240318_104101760-179x300.jpg 179w\" sizes=\"auto, (max-width: 600px) 100vw, 600px\" \/><\/figure>\n\n\n\n<figure class=\"wp-block-image size-large\"><img loading=\"lazy\" decoding=\"async\" width=\"576\" height=\"1024\" data-id=\"2410\" src=\"https:\/\/umwelthaus-pinneberg.de\/wp-content\/uploads\/2024\/02\/PXL_20240318_090942476-576x1024.jpg\" alt=\"\" class=\"wp-image-2410\" srcset=\"https:\/\/umwelthaus-pinneberg.de\/wp-content\/uploads\/2024\/02\/PXL_20240318_090942476-576x1024.jpg 576w, https:\/\/umwelthaus-pinneberg.de\/wp-content\/uploads\/2024\/02\/PXL_20240318_090942476-169x300.jpg 169w, https:\/\/umwelthaus-pinneberg.de\/wp-content\/uploads\/2024\/02\/PXL_20240318_090942476.jpg 600w\" sizes=\"auto, (max-width: 576px) 100vw, 576px\" \/><\/figure>\n\n\n\n<figure class=\"wp-block-image size-large\"><img loading=\"lazy\" decoding=\"async\" width=\"600\" height=\"889\" data-id=\"2409\" src=\"https:\/\/umwelthaus-pinneberg.de\/wp-content\/uploads\/2024\/02\/PXL_20240319_072427268.jpg\" alt=\"\" class=\"wp-image-2409\" srcset=\"https:\/\/umwelthaus-pinneberg.de\/wp-content\/uploads\/2024\/02\/PXL_20240319_072427268.jpg 600w, https:\/\/umwelthaus-pinneberg.de\/wp-content\/uploads\/2024\/02\/PXL_20240319_072427268-202x300.jpg 202w\" sizes=\"auto, (max-width: 600px) 100vw, 600px\" \/><\/figure>\n<\/figure>\n\n\n\n<p><strong>16. Februar 2024, Aufrichtung des Storchennests &#8211; ein Versuch<\/strong><br>F\u00fcr die geplante Aufrichtung des Storchennests kamen eine Vielzahl von begeisterten Helfern schon fr\u00fch morgens in den Garten. Mit Hilfe eines Mini-Baggers und eines Radladers wurde der Mast sehr schnell und fast problemlos aufgerichtet. Doch in seiner vertikalen Position blieb er leider nicht lange, denn der Boden war durch die anhaltenden Regenf\u00e4lle der letzten Zeit sehr durchweicht, was dem Mast nicht genug Halt lieferte. Ein zweiter Versuch mit einem neuen Konzept f\u00fcr die Stabilisierung des Mastes wird momentan geplant, wir bleiben also hoffnungsvoll, dass den St\u00f6rchen noch dieses Jahr eine neue Nistm\u00f6glichkeit angeboten werden kann. <\/p>\n\n\n\n<figure class=\"wp-block-gallery has-nested-images columns-default is-cropped wp-block-gallery-3 is-layout-flex wp-block-gallery-is-layout-flex\">\n<figure class=\"wp-block-image size-large\"><img loading=\"lazy\" decoding=\"async\" width=\"600\" height=\"337\" data-id=\"2350\" src=\"https:\/\/umwelthaus-pinneberg.de\/wp-content\/uploads\/2024\/02\/PXL_20240216_070219672.jpg\" alt=\"\" class=\"wp-image-2350\" srcset=\"https:\/\/umwelthaus-pinneberg.de\/wp-content\/uploads\/2024\/02\/PXL_20240216_070219672.jpg 600w, https:\/\/umwelthaus-pinneberg.de\/wp-content\/uploads\/2024\/02\/PXL_20240216_070219672-300x169.jpg 300w\" sizes=\"auto, (max-width: 600px) 100vw, 600px\" \/><\/figure>\n\n\n\n<figure class=\"wp-block-image size-large\"><img loading=\"lazy\" decoding=\"async\" width=\"600\" height=\"337\" data-id=\"2351\" src=\"https:\/\/umwelthaus-pinneberg.de\/wp-content\/uploads\/2024\/02\/PXL_20240216_071334941.jpg\" alt=\"\" class=\"wp-image-2351\" srcset=\"https:\/\/umwelthaus-pinneberg.de\/wp-content\/uploads\/2024\/02\/PXL_20240216_071334941.jpg 600w, https:\/\/umwelthaus-pinneberg.de\/wp-content\/uploads\/2024\/02\/PXL_20240216_071334941-300x169.jpg 300w\" sizes=\"auto, (max-width: 600px) 100vw, 600px\" \/><\/figure>\n\n\n\n<figure class=\"wp-block-image size-large\"><img loading=\"lazy\" decoding=\"async\" width=\"576\" height=\"1024\" data-id=\"2346\" src=\"https:\/\/umwelthaus-pinneberg.de\/wp-content\/uploads\/2024\/02\/PXL_20240216_072702071-576x1024.jpg\" alt=\"\" class=\"wp-image-2346\" srcset=\"https:\/\/umwelthaus-pinneberg.de\/wp-content\/uploads\/2024\/02\/PXL_20240216_072702071-576x1024.jpg 576w, https:\/\/umwelthaus-pinneberg.de\/wp-content\/uploads\/2024\/02\/PXL_20240216_072702071-169x300.jpg 169w, https:\/\/umwelthaus-pinneberg.de\/wp-content\/uploads\/2024\/02\/PXL_20240216_072702071.jpg 600w\" sizes=\"auto, (max-width: 576px) 100vw, 576px\" \/><\/figure>\n\n\n\n<figure class=\"wp-block-image size-large\"><img loading=\"lazy\" decoding=\"async\" width=\"600\" height=\"337\" data-id=\"2349\" src=\"https:\/\/umwelthaus-pinneberg.de\/wp-content\/uploads\/2024\/02\/PXL_20240216_073250611.jpg\" alt=\"\" class=\"wp-image-2349\" srcset=\"https:\/\/umwelthaus-pinneberg.de\/wp-content\/uploads\/2024\/02\/PXL_20240216_073250611.jpg 600w, https:\/\/umwelthaus-pinneberg.de\/wp-content\/uploads\/2024\/02\/PXL_20240216_073250611-300x169.jpg 300w\" sizes=\"auto, (max-width: 600px) 100vw, 600px\" \/><\/figure>\n<\/figure>\n\n\n\n<p><strong>5. Februar 2024, Materiallieferung f\u00fcr unser Storchennest<\/strong><br>Schleswig-Holstein Netz (SH Netz) hat uns einen Strommast f\u00fcr unser neues Storchennest zur Verf\u00fcgung gestellt und geliefert. Auch das selbstgebaute Storchennest von unserem Storchenexperten Frank Zyweck ist schon vor Ort. <br><br><strong>9. Januar 2024, Spatenstich f\u00fcr unser Storchennest<\/strong><br>Erste Arbeiten f\u00fcr unser geplantes Storchennest. Mit Hilfe eines Kleinbaggers wurde auf der Obstwiese ein Loch f\u00fcr den Mast ausgehoben.<\/p>\n\n\n\n<figure class=\"wp-block-image size-full\"><img loading=\"lazy\" decoding=\"async\" width=\"600\" height=\"450\" src=\"https:\/\/umwelthaus-pinneberg.de\/wp-content\/uploads\/2024\/02\/2024-02-03-10.57.56.jpg\" alt=\"\" class=\"wp-image-2296\" srcset=\"https:\/\/umwelthaus-pinneberg.de\/wp-content\/uploads\/2024\/02\/2024-02-03-10.57.56.jpg 600w, https:\/\/umwelthaus-pinneberg.de\/wp-content\/uploads\/2024\/02\/2024-02-03-10.57.56-300x225.jpg 300w\" sizes=\"auto, (max-width: 600px) 100vw, 600px\" \/><\/figure>\n","protected":false},"excerpt":{"rendered":"<p>R\u00fcckblick: Unser Storchenjahr 2024 August: Abschied von den St\u00f6rchenAbschiedsklappern und Abflug in Richtung S\u00fcden. Wir freuen uns auf ihre R\u00fcckkehr im neuen Jahr. 17. Mai: Die St\u00f6rche sind daDer erste Storch landet im Nest, andere Interessenten werden verscheut. Am 17. Mai ist das Storchenpaar vereint. Den Sommer \u00fcber sind das Nest und seine Bewohner ein [&hellip;]<\/p>\n","protected":false},"author":8,"featured_media":2607,"parent":118,"menu_order":0,"comment_status":"closed","ping_status":"closed","template":"","meta":{"ngg_post_thumbnail":0,"footnotes":""},"class_list":["post-3113","page","type-page","status-publish","has-post-thumbnail","hentry"],"publishpress_future_action":{"enabled":false,"date":"2026-04-22 12:49:18","action":"change-status","newStatus":"draft","terms":[],"taxonomy":"","extraData":[]},"publishpress_future_workflow_manual_trigger":{"enabledWorkflows":[]},"_links":{"self":[{"href":"https:\/\/umwelthaus-pinneberg.de\/index.php?rest_route=\/wp\/v2\/pages\/3113","targetHints":{"allow":["GET"]}}],"collection":[{"href":"https:\/\/umwelthaus-pinneberg.de\/index.php?rest_route=\/wp\/v2\/pages"}],"about":[{"href":"https:\/\/umwelthaus-pinneberg.de\/index.php?rest_route=\/wp\/v2\/types\/page"}],"author":[{"embeddable":true,"href":"https:\/\/umwelthaus-pinneberg.de\/index.php?rest_route=\/wp\/v2\/users\/8"}],"replies":[{"embeddable":true,"href":"https:\/\/umwelthaus-pinneberg.de\/index.php?rest_route=%2Fwp%2Fv2%2Fcomments&post=3113"}],"version-history":[{"count":4,"href":"https:\/\/umwelthaus-pinneberg.de\/index.php?rest_route=\/wp\/v2\/pages\/3113\/revisions"}],"predecessor-version":[{"id":3121,"href":"https:\/\/umwelthaus-pinneberg.de\/index.php?rest_route=\/wp\/v2\/pages\/3113\/revisions\/3121"}],"up":[{"embeddable":true,"href":"https:\/\/umwelthaus-pinneberg.de\/index.php?rest_route=\/wp\/v2\/pages\/118"}],"wp:featuredmedia":[{"embeddable":true,"href":"https:\/\/umwelthaus-pinneberg.de\/index.php?rest_route=\/wp\/v2\/media\/2607"}],"wp:attachment":[{"href":"https:\/\/umwelthaus-pinneberg.de\/index.php?rest_route=%2Fwp%2Fv2%2Fmedia&parent=3113"}],"curies":[{"name":"wp","href":"https:\/\/api.w.org\/{rel}","templated":true}]}}