{"id":3298,"date":"2025-10-15T08:18:33","date_gmt":"2025-10-15T06:18:33","guid":{"rendered":"https:\/\/umwelthaus-pinneberg.de\/?page_id=3298"},"modified":"2025-10-20T08:05:23","modified_gmt":"2025-10-20T06:05:23","slug":"unsere-foerderer","status":"publish","type":"page","link":"https:\/\/umwelthaus-pinneberg.de\/?page_id=3298","title":{"rendered":"Unsere F\u00f6rderer"},"content":{"rendered":"\n<p>Wir bedanken uns an dieser Stelle, ganz herzlich bei unseren F\u00f6rderern:<\/p>\n\n\n\n<figure class=\"wp-block-image size-full\"><img loading=\"lazy\" decoding=\"async\" width=\"618\" height=\"323\" src=\"https:\/\/umwelthaus-pinneberg.de\/wp-content\/uploads\/2025\/02\/Buergerstiftung_PI_Logo_4C.png\" alt=\"\" class=\"wp-image-3027\" srcset=\"https:\/\/umwelthaus-pinneberg.de\/wp-content\/uploads\/2025\/02\/Buergerstiftung_PI_Logo_4C.png 618w, https:\/\/umwelthaus-pinneberg.de\/wp-content\/uploads\/2025\/02\/Buergerstiftung_PI_Logo_4C-300x157.png 300w\" sizes=\"auto, (max-width: 618px) 100vw, 618px\" \/><\/figure>\n\n\n\n<figure class=\"wp-block-image size-full\"><img loading=\"lazy\" decoding=\"async\" width=\"585\" height=\"260\" src=\"https:\/\/umwelthaus-pinneberg.de\/wp-content\/uploads\/2024\/07\/Logo-Stiftung-rot_weiss-zweizeilig_Markenschutzraum.jpg\" alt=\"\" class=\"wp-image-2655\" srcset=\"https:\/\/umwelthaus-pinneberg.de\/wp-content\/uploads\/2024\/07\/Logo-Stiftung-rot_weiss-zweizeilig_Markenschutzraum.jpg 585w, https:\/\/umwelthaus-pinneberg.de\/wp-content\/uploads\/2024\/07\/Logo-Stiftung-rot_weiss-zweizeilig_Markenschutzraum-300x133.jpg 300w\" sizes=\"auto, (max-width: 585px) 100vw, 585px\" \/><\/figure>\n\n\n\n<figure class=\"wp-block-image size-large\"><img loading=\"lazy\" decoding=\"async\" width=\"1024\" height=\"971\" src=\"https:\/\/umwelthaus-pinneberg.de\/wp-content\/uploads\/2025\/10\/LCI-Logo-4c-2106x1996-1-1024x971.png\" alt=\"\" class=\"wp-image-3379\" srcset=\"https:\/\/umwelthaus-pinneberg.de\/wp-content\/uploads\/2025\/10\/LCI-Logo-4c-2106x1996-1-1024x971.png 1024w, https:\/\/umwelthaus-pinneberg.de\/wp-content\/uploads\/2025\/10\/LCI-Logo-4c-2106x1996-1-300x284.png 300w, https:\/\/umwelthaus-pinneberg.de\/wp-content\/uploads\/2025\/10\/LCI-Logo-4c-2106x1996-1-768x728.png 768w, https:\/\/umwelthaus-pinneberg.de\/wp-content\/uploads\/2025\/10\/LCI-Logo-4c-2106x1996-1-1536x1456.png 1536w, https:\/\/umwelthaus-pinneberg.de\/wp-content\/uploads\/2025\/10\/LCI-Logo-4c-2106x1996-1-2048x1941.png 2048w, https:\/\/umwelthaus-pinneberg.de\/wp-content\/uploads\/2025\/10\/LCI-Logo-4c-2106x1996-1-1200x1137.png 1200w, https:\/\/umwelthaus-pinneberg.de\/wp-content\/uploads\/2025\/10\/LCI-Logo-4c-2106x1996-1-1980x1877.png 1980w\" sizes=\"auto, (max-width: 1024px) 100vw, 1024px\" \/><\/figure>\n\n\n\n<p class=\"has-text-align-center\"><strong>Lions Club Ellerbek Rellingen<\/strong><\/p>\n\n\n\n<p>Sie m\u00f6chten uns unterst\u00fctzen? <br><a href=\"mailto:info@umwelthaus-pinneberg.de\">info@umwelthaus-pinneberg.de<\/a><\/p>\n\n\n\n<p><\/p>\n","protected":false},"excerpt":{"rendered":"<p>Wir bedanken uns an dieser Stelle, ganz herzlich bei unseren F\u00f6rderern: Lions Club Ellerbek Rellingen Sie m\u00f6chten uns unterst\u00fctzen? info@umwelthaus-pinneberg.de<\/p>\n","protected":false},"author":8,"featured_media":0,"parent":0,"menu_order":0,"comment_status":"closed","ping_status":"closed","template":"","meta":{"ngg_post_thumbnail":0,"footnotes":""},"class_list":["post-3298","page","type-page","status-publish","hentry"],"publishpress_future_action":{"enabled":false,"date":"2026-04-23 08:38:43","action":"change-status","newStatus":"draft","terms":[],"taxonomy":"","extraData":[]},"publishpress_future_workflow_manual_trigger":{"enabledWorkflows":[]},"_links":{"self":[{"href":"https:\/\/umwelthaus-pinneberg.de\/index.php?rest_route=\/wp\/v2\/pages\/3298","targetHints":{"allow":["GET"]}}],"collection":[{"href":"https:\/\/umwelthaus-pinneberg.de\/index.php?rest_route=\/wp\/v2\/pages"}],"about":[{"href":"https:\/\/umwelthaus-pinneberg.de\/index.php?rest_route=\/wp\/v2\/types\/page"}],"author":[{"embeddable":true,"href":"https:\/\/umwelthaus-pinneberg.de\/index.php?rest_route=\/wp\/v2\/users\/8"}],"replies":[{"embeddable":true,"href":"https:\/\/umwelthaus-pinneberg.de\/index.php?rest_route=%2Fwp%2Fv2%2Fcomments&post=3298"}],"version-history":[{"count":4,"href":"https:\/\/umwelthaus-pinneberg.de\/index.php?rest_route=\/wp\/v2\/pages\/3298\/revisions"}],"predecessor-version":[{"id":3381,"href":"https:\/\/umwelthaus-pinneberg.de\/index.php?rest_route=\/wp\/v2\/pages\/3298\/revisions\/3381"}],"wp:attachment":[{"href":"https:\/\/umwelthaus-pinneberg.de\/index.php?rest_route=%2Fwp%2Fv2%2Fmedia&parent=3298"}],"curies":[{"name":"wp","href":"https:\/\/api.w.org\/{rel}","templated":true}]}}