{"id":3651,"date":"2026-01-28T17:17:58","date_gmt":"2026-01-28T16:17:58","guid":{"rendered":"https:\/\/umwelthaus-pinneberg.de\/?page_id=3651"},"modified":"2026-02-20T18:11:25","modified_gmt":"2026-02-20T17:11:25","slug":"ein-foej-im-entdeckergarten","status":"publish","type":"page","link":"https:\/\/umwelthaus-pinneberg.de\/?page_id=3651","title":{"rendered":"Ein F\u00d6J im Entdeckergarten"},"content":{"rendered":"\n<h4 class=\"wp-block-heading\">Deine T\u00e4tigkeiten im Entdeckergarten:<\/h4>\n\n\n\n<p><strong>Schulklassen &amp; Kindergruppen im Garten betreuen<\/strong><\/p>\n\n\n\n<p>In unserem Garten bieten wir f\u00fcr Schulklassen Module an, die die Themen des Unterrichtes, wie Getreide, Wasser, Biene, Ern\u00e4hrung und Apfel in Kleingruppen aufnehmen und ganzheitlich erfahrbar machen.<\/p>\n\n\n\n<p>Gemeinsam mit vielen Ehrenamtlichen wird dies an drei Tagen pro Woche angeboten. Im Jahr genie\u00dfen rund 1.000 Kinder diese Angebote. In den Schulferien werden Angebote f\u00fcr Kitas und Ferienbetreuungen angeboten. In Zusammenarbeit mit Tr\u00e4gern der freien Jugendhilfe finden regelm\u00e4\u00dfige Besuche von Kindergruppen im Garten statt, die betreut werden. Eine Mitarbeit an der Weiter- und Neuentwicklung von Angeboten und Modulen ist gerade in der kursfreien Winterzeit wichtiger Teil der Aufgaben.<\/p>\n\n\n\n<p><strong>Entdeckergarten unterwegs<\/strong><\/p>\n\n\n\n<p>Zusammen mit dem Umweltp\u00e4dagogen des Umwelthauses geht es an die Schulen des Kreises und wir unterst\u00fctzen Sch\u00fcler*innen bei der Umsetzung von Projekten, wie z.B. einer nachhaltigen Schulgartenentwicklung und -gestaltung, Sch\u00fclerfirmen mit Ideen zu BNE und machen Ern\u00e4hrungsbildung.&nbsp; Aktionen auf z.B. Streuobstwiesen mit einer mobilen Apfelsaftpresse oder die Unterst\u00fctzung von Sch\u00fcler*inneninitiativen bei Aktionswochen an Schulen sind eine sinnvolle M\u00f6glichkeit der Umsetzung von Bildung f\u00fcr nachhaltige Entwicklung.<\/p>\n\n\n\n<p><strong>Pflanzen, Ernten &amp; Verarbeiten<\/strong><\/p>\n\n\n\n<p>Gemeinsam planen und realisieren wir als Team den \u201eEssbaren Garten\u201c. Unter anderem durch Gartengruppen mit Kinder- und Erwachsenen. Die angepflanzten Kr\u00e4uter, Fr\u00fcchte und Gem\u00fcse werden auch gemeinsam verarbeitet und gegessen. Beim Ern\u00e4hrungsmodul werden die Saisonalen Gem\u00fcse geerntet, verarbeitet und zusammen gegessen.<\/p>\n\n\n\n<p>Wissen \u00fcber den Anbau, die Pflege und die Ernte von Kr\u00e4utern, essbaren Fr\u00fcchten oder Gem\u00fcse wird generations\u00fcbergreifend vermittelt und genauso soll bei Back-, Koch- und Einmachtreffen Wissen \u00fcber Lebensmittel, die Zubereitung und die Haltbarmachung weitergegeben werden<\/p>\n\n\n\n<p><strong>Entwicklung und Pflege<\/strong><\/p>\n\n\n\n<p>Regeneratives G\u00e4rtnern und eine hohe Biodiversit\u00e4t auf dem Gel\u00e4nde sind der integrative Teil des Entdeckergartens. Kompostieren, das Ansetzen von Br\u00fchen und Jauchen, Herstellung von Pyrolyseholzkohle zur Verbesserung der Fruchtbarkeit der Beete, Beete einrichten und Jungpflanzen anziehen, Geh\u00f6lzschnitt incl. Verwendung des Schnittgutes in der Regenerativen Landwirtschaft sind Teil der Aufgaben, die mit einem Team des Entdeckergartens erlernt und umgesetzt werden.<\/p>\n\n\n\n<p><strong>Artgerechte Tierhaltung<\/strong><\/p>\n\n\n\n<p>G\u00e4nse, Enten, H\u00fchner und Kaninchen sind Teil der Umweltbildung. F\u00fctterung und Pflege finden mit Hilfe von einem gro\u00dfen Pool an Helfern statt.<\/p>\n\n\n\n<p><strong>Fortbildungen und Vernetzung<\/strong><\/p>\n\n\n\n<p>Die Vernetzung und Fortbildung mit den anderen F\u00d6Jlern des BUND SH sind Teil des Einsatzes. Hierzu geh\u00f6rt auch der Erwerb einer Juleica (Jugendgruppenleiter.Card) und\/oder eines Imkerscheins.<\/p>\n\n\n\n<h4 class=\"wp-block-heading\">Was Du mitbringen solltest:<\/h4>\n\n\n\n<ul class=\"wp-block-list\">\n<li>Lust auf den Umgang mit Menschen verschiedenen Alters, aber besonders mit Kindern.<\/li>\n\n\n\n<li>Kreativit\u00e4t und Spa\u00df beim Entwickeln und Umsetzen von Ideen mit anderen.<\/li>\n\n\n\n<li>Neugierde f\u00fcr Umwelt- und Naturschutzthemen.<\/li>\n<\/ul>\n\n\n\n<p>Der Entdeckergarten ist gut mit dem \u00d6PNV (HVV Hamburg) erreichbar. Innerhalb k\u00fcrzester Zeit kann man z.B. in der Freizeit Hamburg mit seinen vielf\u00e4ltigen Angeboten erreichen.<\/p>\n\n\n\n<p>Bei Interesse ist sind bezahlbare Zimmer in der N\u00e4he vorhanden. Wir unterst\u00fctzen auch gerne bei der Suche nach einer Unterkunft.<\/p>\n\n\n\n<p>Wir bieten eine vielf\u00e4ltige Stelle mit in einem vielf\u00e4ltigen Team. Neugierig?&nbsp;&nbsp; Melde Dich doch und erfahre mehr\u2026<\/p>\n\n\n\n<p>Wir freuen uns auf Dich!<\/p>\n\n\n\n<h4 class=\"wp-block-heading\">Kontakt<\/h4>\n\n\n\n<p>Umwelthaus Pinneberg e.V., BUND Kreisgruppe Pinneberg<br>Jens Clausen<br>Telefon: <a href=\"tel:01525-3874758\">01525-3874758<\/a><br>E-Mail: <a href=\"mailto:lernen@umwelthaus-pinneberg.de\">lernen@umwelthaus-pinneberg.de<\/a><br>Website: <a href=\"https:\/\/www.umwelthaus-pinneberg.de\">https:\/\/www.umwelthaus-pinneberg.de<\/a><\/p>\n\n\n\n<figure class=\"wp-block-gallery has-nested-images columns-default is-cropped wp-block-gallery-1 is-layout-flex wp-block-gallery-is-layout-flex\">\n<figure class=\"wp-block-image size-large\"><img loading=\"lazy\" decoding=\"async\" width=\"600\" height=\"450\" data-id=\"3368\" src=\"https:\/\/umwelthaus-pinneberg.de\/wp-content\/uploads\/2025\/02\/apfelfest.jpg\" alt=\"\" class=\"wp-image-3368\" srcset=\"https:\/\/umwelthaus-pinneberg.de\/wp-content\/uploads\/2025\/02\/apfelfest.jpg 600w, https:\/\/umwelthaus-pinneberg.de\/wp-content\/uploads\/2025\/02\/apfelfest-300x225.jpg 300w\" sizes=\"auto, (max-width: 600px) 100vw, 600px\" \/><\/figure>\n\n\n\n<figure class=\"wp-block-image size-large\"><img loading=\"lazy\" decoding=\"async\" width=\"450\" height=\"600\" data-id=\"3530\" src=\"https:\/\/umwelthaus-pinneberg.de\/wp-content\/uploads\/2025\/02\/2025-11-23-14.58.50-rotated.jpg\" alt=\"\" class=\"wp-image-3530\" srcset=\"https:\/\/umwelthaus-pinneberg.de\/wp-content\/uploads\/2025\/02\/2025-11-23-14.58.50-rotated.jpg 450w, https:\/\/umwelthaus-pinneberg.de\/wp-content\/uploads\/2025\/02\/2025-11-23-14.58.50-225x300.jpg 225w\" sizes=\"auto, (max-width: 450px) 100vw, 450px\" \/><\/figure>\n\n\n\n<figure class=\"wp-block-image size-large\"><img loading=\"lazy\" decoding=\"async\" width=\"600\" height=\"800\" data-id=\"3251\" src=\"https:\/\/umwelthaus-pinneberg.de\/wp-content\/uploads\/2025\/02\/2025-03-26-10.15.18.jpg\" alt=\"\" class=\"wp-image-3251\" srcset=\"https:\/\/umwelthaus-pinneberg.de\/wp-content\/uploads\/2025\/02\/2025-03-26-10.15.18.jpg 600w, https:\/\/umwelthaus-pinneberg.de\/wp-content\/uploads\/2025\/02\/2025-03-26-10.15.18-225x300.jpg 225w\" sizes=\"auto, (max-width: 600px) 100vw, 600px\" \/><\/figure>\n\n\n\n<figure class=\"wp-block-image size-large\"><img loading=\"lazy\" decoding=\"async\" width=\"600\" height=\"800\" data-id=\"3227\" src=\"https:\/\/umwelthaus-pinneberg.de\/wp-content\/uploads\/2025\/02\/2025-04-23-11.06.02.jpg\" alt=\"\" class=\"wp-image-3227\" srcset=\"https:\/\/umwelthaus-pinneberg.de\/wp-content\/uploads\/2025\/02\/2025-04-23-11.06.02.jpg 600w, https:\/\/umwelthaus-pinneberg.de\/wp-content\/uploads\/2025\/02\/2025-04-23-11.06.02-225x300.jpg 225w\" sizes=\"auto, (max-width: 600px) 100vw, 600px\" \/><\/figure>\n\n\n\n<figure class=\"wp-block-image size-large\"><img loading=\"lazy\" decoding=\"async\" width=\"600\" height=\"450\" data-id=\"3346\" src=\"https:\/\/umwelthaus-pinneberg.de\/wp-content\/uploads\/2025\/10\/ernaehrung3.jpg\" alt=\"\" class=\"wp-image-3346\" srcset=\"https:\/\/umwelthaus-pinneberg.de\/wp-content\/uploads\/2025\/10\/ernaehrung3.jpg 600w, https:\/\/umwelthaus-pinneberg.de\/wp-content\/uploads\/2025\/10\/ernaehrung3-300x225.jpg 300w\" sizes=\"auto, (max-width: 600px) 100vw, 600px\" \/><\/figure>\n\n\n\n<figure class=\"wp-block-image size-large\"><img loading=\"lazy\" decoding=\"async\" width=\"600\" height=\"450\" data-id=\"3366\" src=\"https:\/\/umwelthaus-pinneberg.de\/wp-content\/uploads\/2025\/02\/apfel.jpg\" alt=\"\" class=\"wp-image-3366\" srcset=\"https:\/\/umwelthaus-pinneberg.de\/wp-content\/uploads\/2025\/02\/apfel.jpg 600w, https:\/\/umwelthaus-pinneberg.de\/wp-content\/uploads\/2025\/02\/apfel-300x225.jpg 300w\" sizes=\"auto, (max-width: 600px) 100vw, 600px\" \/><\/figure>\n\n\n\n<figure class=\"wp-block-image size-large\"><img loading=\"lazy\" decoding=\"async\" width=\"600\" height=\"800\" data-id=\"2673\" src=\"https:\/\/umwelthaus-pinneberg.de\/wp-content\/uploads\/2024\/07\/2024-06-18-11.06.07.jpg\" alt=\"\" class=\"wp-image-2673\" srcset=\"https:\/\/umwelthaus-pinneberg.de\/wp-content\/uploads\/2024\/07\/2024-06-18-11.06.07.jpg 600w, https:\/\/umwelthaus-pinneberg.de\/wp-content\/uploads\/2024\/07\/2024-06-18-11.06.07-225x300.jpg 225w\" sizes=\"auto, (max-width: 600px) 100vw, 600px\" \/><\/figure>\n\n\n\n<figure class=\"wp-block-image size-large\"><img loading=\"lazy\" decoding=\"async\" width=\"600\" height=\"450\" data-id=\"2545\" src=\"https:\/\/umwelthaus-pinneberg.de\/wp-content\/uploads\/2024\/05\/2024-03-19-10.54.jpg\" alt=\"\" class=\"wp-image-2545\" srcset=\"https:\/\/umwelthaus-pinneberg.de\/wp-content\/uploads\/2024\/05\/2024-03-19-10.54.jpg 600w, https:\/\/umwelthaus-pinneberg.de\/wp-content\/uploads\/2024\/05\/2024-03-19-10.54-300x225.jpg 300w\" sizes=\"auto, (max-width: 600px) 100vw, 600px\" \/><\/figure>\n\n\n\n<figure class=\"wp-block-image size-large\"><img loading=\"lazy\" decoding=\"async\" width=\"600\" height=\"800\" data-id=\"2041\" src=\"https:\/\/umwelthaus-pinneberg.de\/wp-content\/uploads\/2023\/09\/2023-09-12-09.48.19.jpg\" alt=\"\" class=\"wp-image-2041\" srcset=\"https:\/\/umwelthaus-pinneberg.de\/wp-content\/uploads\/2023\/09\/2023-09-12-09.48.19.jpg 600w, https:\/\/umwelthaus-pinneberg.de\/wp-content\/uploads\/2023\/09\/2023-09-12-09.48.19-225x300.jpg 225w\" sizes=\"auto, (max-width: 600px) 100vw, 600px\" \/><\/figure>\n\n\n\n<figure class=\"wp-block-image size-large\"><img loading=\"lazy\" decoding=\"async\" width=\"600\" height=\"450\" data-id=\"2567\" src=\"https:\/\/umwelthaus-pinneberg.de\/wp-content\/uploads\/2024\/05\/2024-05-01-12.13.32.jpg\" alt=\"\" class=\"wp-image-2567\" srcset=\"https:\/\/umwelthaus-pinneberg.de\/wp-content\/uploads\/2024\/05\/2024-05-01-12.13.32.jpg 600w, https:\/\/umwelthaus-pinneberg.de\/wp-content\/uploads\/2024\/05\/2024-05-01-12.13.32-300x225.jpg 300w\" sizes=\"auto, (max-width: 600px) 100vw, 600px\" \/><\/figure>\n\n\n\n<figure class=\"wp-block-image size-large\"><img loading=\"lazy\" decoding=\"async\" width=\"600\" height=\"800\" data-id=\"2571\" src=\"https:\/\/umwelthaus-pinneberg.de\/wp-content\/uploads\/2024\/04\/2024-05-14-13.11.57.jpg\" alt=\"\" class=\"wp-image-2571\" srcset=\"https:\/\/umwelthaus-pinneberg.de\/wp-content\/uploads\/2024\/04\/2024-05-14-13.11.57.jpg 600w, https:\/\/umwelthaus-pinneberg.de\/wp-content\/uploads\/2024\/04\/2024-05-14-13.11.57-225x300.jpg 225w\" sizes=\"auto, (max-width: 600px) 100vw, 600px\" \/><\/figure>\n\n\n\n<figure class=\"wp-block-image size-large\"><img loading=\"lazy\" decoding=\"async\" width=\"600\" height=\"800\" data-id=\"2758\" src=\"https:\/\/umwelthaus-pinneberg.de\/wp-content\/uploads\/2024\/06\/2024-10-03-13.54.54.jpg\" alt=\"\" class=\"wp-image-2758\" srcset=\"https:\/\/umwelthaus-pinneberg.de\/wp-content\/uploads\/2024\/06\/2024-10-03-13.54.54.jpg 600w, https:\/\/umwelthaus-pinneberg.de\/wp-content\/uploads\/2024\/06\/2024-10-03-13.54.54-225x300.jpg 225w\" sizes=\"auto, (max-width: 600px) 100vw, 600px\" \/><\/figure>\n<\/figure>\n","protected":false},"excerpt":{"rendered":"<p>Deine T\u00e4tigkeiten im Entdeckergarten: Schulklassen &amp; Kindergruppen im Garten betreuen In unserem Garten bieten wir f\u00fcr Schulklassen Module an, die die Themen des Unterrichtes, wie Getreide, Wasser, Biene, Ern\u00e4hrung und Apfel in Kleingruppen aufnehmen und ganzheitlich erfahrbar machen. Gemeinsam mit vielen Ehrenamtlichen wird dies an drei Tagen pro Woche angeboten. Im Jahr genie\u00dfen rund 1.000 [&hellip;]<\/p>\n","protected":false},"author":8,"featured_media":3372,"parent":0,"menu_order":0,"comment_status":"closed","ping_status":"closed","template":"","meta":{"ngg_post_thumbnail":0,"footnotes":""},"class_list":["post-3651","page","type-page","status-publish","has-post-thumbnail","hentry"],"publishpress_future_action":{"enabled":false,"date":"2026-05-06 11:04:31","action":"change-status","newStatus":"draft","terms":[],"taxonomy":"","extraData":[]},"publishpress_future_workflow_manual_trigger":{"enabledWorkflows":[]},"_links":{"self":[{"href":"https:\/\/umwelthaus-pinneberg.de\/index.php?rest_route=\/wp\/v2\/pages\/3651","targetHints":{"allow":["GET"]}}],"collection":[{"href":"https:\/\/umwelthaus-pinneberg.de\/index.php?rest_route=\/wp\/v2\/pages"}],"about":[{"href":"https:\/\/umwelthaus-pinneberg.de\/index.php?rest_route=\/wp\/v2\/types\/page"}],"author":[{"embeddable":true,"href":"https:\/\/umwelthaus-pinneberg.de\/index.php?rest_route=\/wp\/v2\/users\/8"}],"replies":[{"embeddable":true,"href":"https:\/\/umwelthaus-pinneberg.de\/index.php?rest_route=%2Fwp%2Fv2%2Fcomments&post=3651"}],"version-history":[{"count":7,"href":"https:\/\/umwelthaus-pinneberg.de\/index.php?rest_route=\/wp\/v2\/pages\/3651\/revisions"}],"predecessor-version":[{"id":3760,"href":"https:\/\/umwelthaus-pinneberg.de\/index.php?rest_route=\/wp\/v2\/pages\/3651\/revisions\/3760"}],"wp:featuredmedia":[{"embeddable":true,"href":"https:\/\/umwelthaus-pinneberg.de\/index.php?rest_route=\/wp\/v2\/media\/3372"}],"wp:attachment":[{"href":"https:\/\/umwelthaus-pinneberg.de\/index.php?rest_route=%2Fwp%2Fv2%2Fmedia&parent=3651"}],"curies":[{"name":"wp","href":"https:\/\/api.w.org\/{rel}","templated":true}]}}