{"id":3730,"date":"2026-02-20T11:05:04","date_gmt":"2026-02-20T10:05:04","guid":{"rendered":"https:\/\/umwelthaus-pinneberg.de\/?page_id=3730"},"modified":"2026-02-20T17:52:11","modified_gmt":"2026-02-20T16:52:11","slug":"lernen-im-entdeckergarten-bis-zur-13-klasse","status":"publish","type":"page","link":"https:\/\/umwelthaus-pinneberg.de\/?page_id=3730","title":{"rendered":"BiLEV- Lernen im Entdeckergarten bis zur 13. Klasse"},"content":{"rendered":"\n<h4 class=\"wp-block-heading has-text-align-center\"><strong>NEU: <\/strong>Wir sind jetzt bei BiLEV dabei. <br>Weitere Infos zu BiLEV findet ihr <a href=\"https:\/\/fachportal.lernnetz.de\/sh\/themen\/bilev\/hintergruende.html\" data-type=\"link\" data-id=\"https:\/\/fachportal.lernnetz.de\/sh\/themen\/bilev\/hintergruende.html\" target=\"_blank\" rel=\"noreferrer noopener\">hier.<\/a><\/h4>\n\n\n\n<p>Bisher haben wir in unserem au\u00dferschulischen Bildungsangebot  Module zum Lernen mit allen Sinnen f\u00fcr die Klassenstufen 1 bis 6 angeboten. <strong>Ab jetzt<\/strong> gibt es die M\u00f6glichkeit des handlungsorientierten Lernens im Entdeckergarten f\u00fcr Sch\u00fclerinnen und Sch\u00fcler bis zur 13. Klasse. Wir bieten 14 der 204 Themen f\u00fcr <em>Lernen am au\u00dferschulischen Lernort<\/em> aus dem <a href=\"https:\/\/fachportal.lernnetz.de\/sh\/themen\/bilev\/bildungsangebote.html\" data-type=\"link\" data-id=\"https:\/\/fachportal.lernnetz.de\/sh\/themen\/bilev\/bildungsangebote.html\" target=\"_blank\" rel=\"noreferrer noopener\">BiLEV-Bildungskatalog<\/a> zum Erleben im Entdeckergarten an:<\/p>\n\n\n\n<figure class=\"wp-block-table\"><table><thead><tr><th>Thema<\/th><th>Klasse<\/th><th>Fachbezug<\/th><\/tr><\/thead><tbody><tr><td><strong>Leben auf der Streuobstwiese &#8211; es gibt viel zu entdecken<\/strong> (1)<\/td><td>5\u20136<\/td><td>Biologie (Bestimmung von Organismen)<\/td><\/tr><tr><td><strong>Wildkr\u00e4uter entdecken, nutzen und bewahren<\/strong> (8)<\/td><td>5-6<\/td><td>Biologie (Biodiversit\u00e4t)<\/td><\/tr><tr><td><strong>Die Bedeutung von Streuobstwiesen &#8211; Biodiversit\u00e4t, Regionalit\u00e4t und Nachhaltigkeit am Beispiel verstehen<\/strong> (45)<\/td><td>11-13<\/td><td>Berufliche Schulen Fachbezug: Biologie (Gesundheit, Ern\u00e4hrung)<\/td><\/tr><tr><td><strong>\u00d6kologischer Fu\u00dfabdruck: Welchen Beitrag kann die Planetary Health Diet leisten<\/strong> (64)<\/td><td>11\u201313<\/td><td>Berufliche Schulen Fachbezug: Biologie (Einfluss des Menschen auf \u00d6kosysteme, Nachhaltigkeit, Biodiversit\u00e4t)<\/td><\/tr><tr><td><strong>Mathematik im Alltag &#8211; Dreisatz, Prozentrechnung und Mengenumrechnung in der Backstube<\/strong> (66)<\/td><td>7-10<\/td><td>Jahrgangsstufe(n): 7\u201310 Fachbezug: Mathematik (L1 Zahl, L2 Messen)<\/td><\/tr><tr><td><strong>Planetary Health Diet &#8211; Nachhaltigkeitshandeln praktisch umgesetzt <\/strong>(88)<\/td><td>7-10<\/td><td>Jahrgangsstufe(n): 7\u201310 Fachbezug: Geographie (Nachhaltigkeitshandeln)<\/td><\/tr><tr><td><strong>Sinnvoll satt werden &#8211; selbstgemacht versus Fertigprodukt<\/strong> (123)<\/td><td>5-7<\/td><td>Verbraucherbildung (Nachhaltige Ern\u00e4hrung)<\/td><\/tr><tr><td><strong>Kr\u00e4uterwerkstatt &#8211; Wildkr\u00e4uter sammeln, kochen und genie\u00dfen<\/strong> (139)<\/td><td>7-10<\/td><td>Verbraucherbildung (Techniken der Nahrungszubereitung, Sinnespr\u00fcfung)<\/td><\/tr><tr><td><strong>Von der Erde auf den Teller &#8211; ein Praxistag im Garten<\/strong> (140)<\/td><td>7-10<\/td><td>Verbraucherbildung (nachhaltige Lebensf\u00fchrung, Techniken der Nahrungszubereitung)<\/td><\/tr><tr><td><strong>Frisch auf den Tisch &#8211; Anbau und Verarbeitung verschiedener regionaler Lebensmittel <\/strong>(141)<\/td><td>7-10<\/td><td>Verbraucherbildung (nachhaltige Lebensf\u00fchrung, Techniken der Nahrungszubereitung)<\/td><\/tr><tr><td><strong>Lebensmittelqualit\u00e4t bewerten am Beispiel Honig<\/strong> (162) <\/td><td>7-10<\/td><td>Verbraucherbildung (Rolle als Verbraucherin\/Verbraucher)<\/td><\/tr><tr><td><strong>Planetary Health Diet: Wie alltagstauglich ist das Konzept?<\/strong> (170)<\/td><td>7-10<\/td><td>Fachbezug: Verbraucherbildung (Konsumverhalten und Nachhaltigkeit)<\/td><\/tr><tr><td><strong>Gesunde Pause \u2013 leckere Snacks f\u00fcr den Schulalltag<\/strong> (174) <\/td><td>11-13<\/td><td>Berufliche Schulen Fachbezug: Sport (Ern\u00e4hrung, Gesundheit, Wohlbefinden)<\/td><\/tr><tr><td><strong>Fermentation und Haltbarmachung von Lebensmitteln: Ein Beitrag zur Nachhaltigkeit?<\/strong> (181)<\/td><td>11-13<\/td><td>Berufliche Schulen Fachbezug: Ern\u00e4hrung (Haltbarmachung)<\/td><\/tr><tr><td><strong>Wortschatzerweiterung rund um Tiere und Natur<\/strong> (197) <\/td><td>Basis<\/td><td>DAZ<\/td><\/tr><\/tbody><\/table><\/figure>\n\n\n\n<p>Diese Angebote sind f\u00fcr die Schulen kostenfrei. Bei einzelnen Angeboten kann ein geringer Kostenbeitrag anfallen, beispielsweise f\u00fcr die Bereitstellung der Lebensmittel.<\/p>\n\n\n\n<p>Weitere Themen aus dem Katalog sind auf Anfrage m\u00f6glich. <br>Informationen und Anmeldungen:<\/p>\n\n\n\n<div class=\"wp-block-contact-form-7-contact-form-selector\">\n<div class=\"wpcf7 no-js\" id=\"wpcf7-f972-o1\" lang=\"de-DE\" dir=\"ltr\" data-wpcf7-id=\"972\">\n<div class=\"screen-reader-response\"><p role=\"status\" aria-live=\"polite\" aria-atomic=\"true\"><\/p> <ul><\/ul><\/div>\n<form action=\"\/index.php?rest_route=%2Fwp%2Fv2%2Fpages%2F3730#wpcf7-f972-o1\" method=\"post\" class=\"wpcf7-form init\" aria-label=\"Kontaktformular\" novalidate=\"novalidate\" data-status=\"init\">\n<fieldset class=\"hidden-fields-container\"><input type=\"hidden\" name=\"_wpcf7\" value=\"972\" \/><input type=\"hidden\" name=\"_wpcf7_version\" value=\"6.1.5\" \/><input type=\"hidden\" name=\"_wpcf7_locale\" value=\"de_DE\" \/><input type=\"hidden\" name=\"_wpcf7_unit_tag\" value=\"wpcf7-f972-o1\" \/><input type=\"hidden\" name=\"_wpcf7_container_post\" value=\"0\" \/><input type=\"hidden\" name=\"_wpcf7_posted_data_hash\" value=\"\" \/><input type=\"hidden\" name=\"_wpcf7_recaptcha_response\" value=\"\" \/>\n<\/fieldset>\n<p><label> Dein Name (Pflichtfeld)<br \/>\n<span class=\"wpcf7-form-control-wrap\" data-name=\"your-name\"><input size=\"40\" maxlength=\"400\" class=\"wpcf7-form-control wpcf7-text wpcf7-validates-as-required\" aria-required=\"true\" aria-invalid=\"false\" value=\"\" type=\"text\" name=\"your-name\" \/><\/span> <\/label>\n<\/p>\n<p><label> Deine E-Mail-Adresse (Pflichtfeld)<br \/>\n<span class=\"wpcf7-form-control-wrap\" data-name=\"your-email\"><input size=\"40\" maxlength=\"400\" class=\"wpcf7-form-control wpcf7-email wpcf7-validates-as-required wpcf7-text wpcf7-validates-as-email\" aria-required=\"true\" aria-invalid=\"false\" value=\"\" type=\"email\" name=\"your-email\" \/><\/span> <\/label>\n<\/p>\n<p><label> Betreff<br \/>\n<span class=\"wpcf7-form-control-wrap\" data-name=\"your-subject\"><input size=\"40\" maxlength=\"400\" class=\"wpcf7-form-control wpcf7-text\" aria-invalid=\"false\" value=\"\" type=\"text\" name=\"your-subject\" \/><\/span> Anfrage zum au\u00dferschulischen Lernen <\/label>\n<\/p>\n<p><label> Deine Nachricht<br \/>\n<span class=\"wpcf7-form-control-wrap\" data-name=\"your-message\"><textarea cols=\"40\" rows=\"10\" maxlength=\"2000\" class=\"wpcf7-form-control wpcf7-textarea\" aria-invalid=\"false\" name=\"your-message\"><\/textarea><\/span> <\/label>\n<\/p>\n<p><input class=\"wpcf7-form-control wpcf7-submit has-spinner\" type=\"submit\" value=\"Senden\" \/>\n<\/p><div class=\"wpcf7-response-output\" aria-hidden=\"true\"><\/div>\n<\/form>\n<\/div>\n<\/div>\n\n\n\n<p>\u00dcberall in Schleswig Holstein gibt es weitere BiLEV-Angebote. <br>Einen \u00dcberblick gibt es <a href=\"https:\/\/fachportal.lernnetz.de\/sh\/themen\/bilev\/landkarte.html\" data-type=\"link\" data-id=\"https:\/\/fachportal.lernnetz.de\/sh\/themen\/bilev\/landkarte.html\" target=\"_blank\" rel=\"noreferrer noopener\">hier.<\/a><\/p>\n\n\n\n<figure class=\"wp-block-gallery has-nested-images columns-default is-cropped wp-block-gallery-1 is-layout-flex wp-block-gallery-is-layout-flex\">\n<figure class=\"wp-block-image size-full\"><img loading=\"lazy\" decoding=\"async\" width=\"450\" height=\"600\" data-id=\"3360\" src=\"https:\/\/umwelthaus-pinneberg.de\/wp-content\/uploads\/2025\/02\/limo-rotated.jpg\" alt=\"\" class=\"wp-image-3360\" srcset=\"https:\/\/umwelthaus-pinneberg.de\/wp-content\/uploads\/2025\/02\/limo-rotated.jpg 450w, https:\/\/umwelthaus-pinneberg.de\/wp-content\/uploads\/2025\/02\/limo-225x300.jpg 225w\" sizes=\"auto, (max-width: 450px) 100vw, 450px\" \/><\/figure>\n\n\n\n<figure class=\"wp-block-image size-large\"><img loading=\"lazy\" decoding=\"async\" width=\"600\" height=\"800\" data-id=\"3251\" src=\"https:\/\/umwelthaus-pinneberg.de\/wp-content\/uploads\/2025\/02\/2025-03-26-10.15.18.jpg\" alt=\"\" class=\"wp-image-3251\" srcset=\"https:\/\/umwelthaus-pinneberg.de\/wp-content\/uploads\/2025\/02\/2025-03-26-10.15.18.jpg 600w, https:\/\/umwelthaus-pinneberg.de\/wp-content\/uploads\/2025\/02\/2025-03-26-10.15.18-225x300.jpg 225w\" sizes=\"auto, (max-width: 600px) 100vw, 600px\" \/><\/figure>\n\n\n\n<figure class=\"wp-block-image size-large\"><img loading=\"lazy\" decoding=\"async\" width=\"600\" height=\"450\" data-id=\"3741\" src=\"https:\/\/umwelthaus-pinneberg.de\/wp-content\/uploads\/2026\/02\/ernaehrung.jpg\" alt=\"\" class=\"wp-image-3741\" srcset=\"https:\/\/umwelthaus-pinneberg.de\/wp-content\/uploads\/2026\/02\/ernaehrung.jpg 600w, https:\/\/umwelthaus-pinneberg.de\/wp-content\/uploads\/2026\/02\/ernaehrung-300x225.jpg 300w\" sizes=\"auto, (max-width: 600px) 100vw, 600px\" \/><\/figure>\n\n\n\n<figure class=\"wp-block-image size-large\"><img loading=\"lazy\" decoding=\"async\" width=\"600\" height=\"800\" data-id=\"2762\" src=\"https:\/\/umwelthaus-pinneberg.de\/wp-content\/uploads\/2024\/06\/2024-06-24-09.46.17.jpg\" alt=\"\" class=\"wp-image-2762\" srcset=\"https:\/\/umwelthaus-pinneberg.de\/wp-content\/uploads\/2024\/06\/2024-06-24-09.46.17.jpg 600w, https:\/\/umwelthaus-pinneberg.de\/wp-content\/uploads\/2024\/06\/2024-06-24-09.46.17-225x300.jpg 225w\" sizes=\"auto, (max-width: 600px) 100vw, 600px\" \/><\/figure>\n\n\n\n<figure class=\"wp-block-image size-large\"><img loading=\"lazy\" decoding=\"async\" width=\"600\" height=\"800\" data-id=\"2673\" src=\"https:\/\/umwelthaus-pinneberg.de\/wp-content\/uploads\/2024\/07\/2024-06-18-11.06.07.jpg\" alt=\"\" class=\"wp-image-2673\" srcset=\"https:\/\/umwelthaus-pinneberg.de\/wp-content\/uploads\/2024\/07\/2024-06-18-11.06.07.jpg 600w, https:\/\/umwelthaus-pinneberg.de\/wp-content\/uploads\/2024\/07\/2024-06-18-11.06.07-225x300.jpg 225w\" sizes=\"auto, (max-width: 600px) 100vw, 600px\" \/><\/figure>\n\n\n\n<figure class=\"wp-block-image size-large\"><img loading=\"lazy\" decoding=\"async\" width=\"600\" height=\"800\" data-id=\"2674\" src=\"https:\/\/umwelthaus-pinneberg.de\/wp-content\/uploads\/2024\/07\/2024-06-18-10.05.54.jpg\" alt=\"\" class=\"wp-image-2674\" srcset=\"https:\/\/umwelthaus-pinneberg.de\/wp-content\/uploads\/2024\/07\/2024-06-18-10.05.54.jpg 600w, https:\/\/umwelthaus-pinneberg.de\/wp-content\/uploads\/2024\/07\/2024-06-18-10.05.54-225x300.jpg 225w\" sizes=\"auto, (max-width: 600px) 100vw, 600px\" \/><\/figure>\n\n\n\n<figure class=\"wp-block-image size-large\"><img loading=\"lazy\" decoding=\"async\" width=\"600\" height=\"450\" data-id=\"2019\" src=\"https:\/\/umwelthaus-pinneberg.de\/wp-content\/uploads\/2023\/09\/2023-09-15-08.34.37.jpg\" alt=\"\" class=\"wp-image-2019\" srcset=\"https:\/\/umwelthaus-pinneberg.de\/wp-content\/uploads\/2023\/09\/2023-09-15-08.34.37.jpg 600w, https:\/\/umwelthaus-pinneberg.de\/wp-content\/uploads\/2023\/09\/2023-09-15-08.34.37-300x225.jpg 300w\" sizes=\"auto, (max-width: 600px) 100vw, 600px\" \/><\/figure>\n\n\n\n<figure class=\"wp-block-image size-large\"><img loading=\"lazy\" decoding=\"async\" width=\"600\" height=\"800\" data-id=\"1816\" src=\"https:\/\/umwelthaus-pinneberg.de\/wp-content\/uploads\/2023\/06\/2022-11-12-12.21.08.jpg\" alt=\"\" class=\"wp-image-1816\" srcset=\"https:\/\/umwelthaus-pinneberg.de\/wp-content\/uploads\/2023\/06\/2022-11-12-12.21.08.jpg 600w, https:\/\/umwelthaus-pinneberg.de\/wp-content\/uploads\/2023\/06\/2022-11-12-12.21.08-225x300.jpg 225w\" sizes=\"auto, (max-width: 600px) 100vw, 600px\" \/><\/figure>\n\n\n\n<figure class=\"wp-block-image size-large\"><img loading=\"lazy\" decoding=\"async\" width=\"600\" height=\"450\" data-id=\"1391\" src=\"https:\/\/umwelthaus-pinneberg.de\/wp-content\/uploads\/2023\/01\/2022-11-07-10.36.58.jpg\" alt=\"\" class=\"wp-image-1391\" srcset=\"https:\/\/umwelthaus-pinneberg.de\/wp-content\/uploads\/2023\/01\/2022-11-07-10.36.58.jpg 600w, https:\/\/umwelthaus-pinneberg.de\/wp-content\/uploads\/2023\/01\/2022-11-07-10.36.58-300x225.jpg 300w\" sizes=\"auto, (max-width: 600px) 100vw, 600px\" \/><\/figure>\n<\/figure>\n","protected":false},"excerpt":{"rendered":"<p>NEU: Wir sind jetzt bei BiLEV dabei. Weitere Infos zu BiLEV findet ihr hier. Bisher haben wir in unserem au\u00dferschulischen Bildungsangebot Module zum Lernen mit allen Sinnen f\u00fcr die Klassenstufen 1 bis 6 angeboten. Ab jetzt gibt es die M\u00f6glichkeit des handlungsorientierten Lernens im Entdeckergarten f\u00fcr Sch\u00fclerinnen und Sch\u00fcler bis zur 13. Klasse. Wir bieten [&hellip;]<\/p>\n","protected":false},"author":7,"featured_media":2238,"parent":960,"menu_order":0,"comment_status":"closed","ping_status":"closed","template":"","meta":{"ngg_post_thumbnail":0,"footnotes":""},"class_list":["post-3730","page","type-page","status-publish","has-post-thumbnail","hentry"],"publishpress_future_action":{"enabled":false,"date":"2026-04-14 01:05:30","action":"change-status","newStatus":"draft","terms":[],"taxonomy":"","extraData":[]},"publishpress_future_workflow_manual_trigger":{"enabledWorkflows":[]},"_links":{"self":[{"href":"https:\/\/umwelthaus-pinneberg.de\/index.php?rest_route=\/wp\/v2\/pages\/3730","targetHints":{"allow":["GET"]}}],"collection":[{"href":"https:\/\/umwelthaus-pinneberg.de\/index.php?rest_route=\/wp\/v2\/pages"}],"about":[{"href":"https:\/\/umwelthaus-pinneberg.de\/index.php?rest_route=\/wp\/v2\/types\/page"}],"author":[{"embeddable":true,"href":"https:\/\/umwelthaus-pinneberg.de\/index.php?rest_route=\/wp\/v2\/users\/7"}],"replies":[{"embeddable":true,"href":"https:\/\/umwelthaus-pinneberg.de\/index.php?rest_route=%2Fwp%2Fv2%2Fcomments&post=3730"}],"version-history":[{"count":10,"href":"https:\/\/umwelthaus-pinneberg.de\/index.php?rest_route=\/wp\/v2\/pages\/3730\/revisions"}],"predecessor-version":[{"id":3754,"href":"https:\/\/umwelthaus-pinneberg.de\/index.php?rest_route=\/wp\/v2\/pages\/3730\/revisions\/3754"}],"up":[{"embeddable":true,"href":"https:\/\/umwelthaus-pinneberg.de\/index.php?rest_route=\/wp\/v2\/pages\/960"}],"wp:featuredmedia":[{"embeddable":true,"href":"https:\/\/umwelthaus-pinneberg.de\/index.php?rest_route=\/wp\/v2\/media\/2238"}],"wp:attachment":[{"href":"https:\/\/umwelthaus-pinneberg.de\/index.php?rest_route=%2Fwp%2Fv2%2Fmedia&parent=3730"}],"curies":[{"name":"wp","href":"https:\/\/api.w.org\/{rel}","templated":true}]}}