{"id":564,"date":"2020-09-17T12:06:00","date_gmt":"2020-09-17T10:06:00","guid":{"rendered":"http:\/\/umwelthaus-pinneberg.de\/?page_id=564"},"modified":"2025-02-16T10:32:29","modified_gmt":"2025-02-16T09:32:29","slug":"buchen","status":"publish","type":"page","link":"https:\/\/umwelthaus-pinneberg.de\/?page_id=564","title":{"rendered":"Buchen des Hauses"},"content":{"rendered":"\n<p>Das Haus auf dem Gel\u00e4nde des Entdeckergartens kann gemietet werden.<\/p>\n\n\n\n<ul class=\"wp-block-list\">\n<li>Gro\u00dfe Sause: \u00fcber 2 Stunden (Tag\/Abend) : 150 \u20ac<\/li>\n\n\n\n<li>Kleiner Umtrunk: unter 2 Stunden (Kaffee\u2026) : 75 \u20ac<\/li>\n<\/ul>\n\n\n\n<p>Geschirr- und Ger\u00e4tenutzung sind inklusive. Bitte verlasst das Haus besenrein und r\u00e4umt gebrauchtes Geschirr in die Sp\u00fclmaschine.<br>(Wir bitten um Verst\u00e4ndnis, dass wir bei Stornierung unter 7 Tagen den vollen Preis verlangen m\u00fcssen).<\/p>\n\n\n\n<p> Bei Interesse bitte das Kontaktformular verwenden.<\/p>\n\n\n\n<h3 class=\"wp-block-heading\">Belegungskalender<\/h3>\n\n\n<div class=\"r34ics-ajax-container loading\" id=\"r69debf707916aae\" data-view=\"month\" data-view-is-list-style=\"0\" data-view-is-list-long=\"0\" data-args=\"c1511a9f9cb1bb190fd1928a04a0face3057813b\" data-js-args=\"{&quot;debug&quot;:null}\">&nbsp;<\/div>\n\n\n\n<div class=\"wpcf7 no-js\" id=\"wpcf7-f566-o1\" lang=\"de-DE\" dir=\"ltr\" data-wpcf7-id=\"566\">\n<div class=\"screen-reader-response\"><p role=\"status\" aria-live=\"polite\" aria-atomic=\"true\"><\/p> <ul><\/ul><\/div>\n<form action=\"\/index.php?rest_route=%2Fwp%2Fv2%2Fpages%2F564#wpcf7-f566-o1\" method=\"post\" class=\"wpcf7-form init\" aria-label=\"Kontaktformular\" novalidate=\"novalidate\" data-status=\"init\">\n<fieldset class=\"hidden-fields-container\"><input type=\"hidden\" name=\"_wpcf7\" value=\"566\" \/><input type=\"hidden\" name=\"_wpcf7_version\" value=\"6.1.5\" \/><input type=\"hidden\" name=\"_wpcf7_locale\" value=\"de_DE\" \/><input type=\"hidden\" name=\"_wpcf7_unit_tag\" value=\"wpcf7-f566-o1\" \/><input type=\"hidden\" name=\"_wpcf7_container_post\" value=\"0\" \/><input type=\"hidden\" name=\"_wpcf7_posted_data_hash\" value=\"\" \/><input type=\"hidden\" name=\"_wpcf7_recaptcha_response\" value=\"\" \/>\n<\/fieldset>\n<p><label> Dein Name (Pflichtfeld)<br \/>\n<span class=\"wpcf7-form-control-wrap\" data-name=\"your-name\"><input size=\"40\" maxlength=\"400\" class=\"wpcf7-form-control wpcf7-text wpcf7-validates-as-required\" aria-required=\"true\" aria-invalid=\"false\" value=\"\" type=\"text\" name=\"your-name\" \/><\/span> <\/label>\n<\/p>\n<p><label> Deine E-Mail-Adresse (Pflichtfeld)<br \/>\n<span class=\"wpcf7-form-control-wrap\" data-name=\"your-email\"><input size=\"40\" maxlength=\"400\" class=\"wpcf7-form-control wpcf7-email wpcf7-validates-as-required wpcf7-text wpcf7-validates-as-email\" aria-required=\"true\" aria-invalid=\"false\" value=\"\" type=\"email\" name=\"your-email\" \/><\/span> <\/label>\n<\/p>\n<p><label> Betreff<br \/>\n<span class=\"wpcf7-form-control-wrap\" data-name=\"your-subject\"><input size=\"40\" maxlength=\"400\" class=\"wpcf7-form-control wpcf7-text\" aria-invalid=\"false\" value=\"Mietanfrage\" type=\"text\" name=\"your-subject\" \/><\/span> <\/label>\n<\/p>\n<p><label> Deine Nachricht<br \/>\n<span class=\"wpcf7-form-control-wrap\" data-name=\"your-message\"><textarea cols=\"40\" rows=\"10\" maxlength=\"2000\" class=\"wpcf7-form-control wpcf7-textarea\" aria-invalid=\"false\" name=\"your-message\"><\/textarea><\/span> <\/label>\n<\/p>\n<p><input class=\"wpcf7-form-control wpcf7-submit has-spinner\" type=\"submit\" value=\"Senden\" \/>\n<\/p><div class=\"wpcf7-response-output\" aria-hidden=\"true\"><\/div>\n<\/form>\n<\/div>\n\n\n\n\n<p><a href=\"http:\/\/umwelthaus-pinneberg.de\/?page_id=571\">Zugang zum Buchungskalender f\u00fcr registrierte Benutzer<\/a><\/p>\n","protected":false},"excerpt":{"rendered":"<p>Das Haus auf dem Gel\u00e4nde des Entdeckergartens kann gemietet werden. Geschirr- und Ger\u00e4tenutzung sind inklusive. Bitte verlasst das Haus besenrein und r\u00e4umt gebrauchtes Geschirr in die Sp\u00fclmaschine.(Wir bitten um Verst\u00e4ndnis, dass wir bei Stornierung unter 7 Tagen den vollen Preis verlangen m\u00fcssen). Bei Interesse bitte das Kontaktformular verwenden. Belegungskalender Zugang zum Buchungskalender f\u00fcr registrierte Benutzer<\/p>\n","protected":false},"author":1,"featured_media":0,"parent":0,"menu_order":0,"comment_status":"closed","ping_status":"closed","template":"templates\/template-full-width.php","meta":{"ngg_post_thumbnail":0,"footnotes":""},"class_list":["post-564","page","type-page","status-publish","hentry"],"publishpress_future_action":{"enabled":false,"date":"2026-04-22 00:28:00","action":"change-status","newStatus":"draft","terms":[],"taxonomy":"","extraData":[]},"publishpress_future_workflow_manual_trigger":{"enabledWorkflows":[]},"_links":{"self":[{"href":"https:\/\/umwelthaus-pinneberg.de\/index.php?rest_route=\/wp\/v2\/pages\/564","targetHints":{"allow":["GET"]}}],"collection":[{"href":"https:\/\/umwelthaus-pinneberg.de\/index.php?rest_route=\/wp\/v2\/pages"}],"about":[{"href":"https:\/\/umwelthaus-pinneberg.de\/index.php?rest_route=\/wp\/v2\/types\/page"}],"author":[{"embeddable":true,"href":"https:\/\/umwelthaus-pinneberg.de\/index.php?rest_route=\/wp\/v2\/users\/1"}],"replies":[{"embeddable":true,"href":"https:\/\/umwelthaus-pinneberg.de\/index.php?rest_route=%2Fwp%2Fv2%2Fcomments&post=564"}],"version-history":[{"count":18,"href":"https:\/\/umwelthaus-pinneberg.de\/index.php?rest_route=\/wp\/v2\/pages\/564\/revisions"}],"predecessor-version":[{"id":2980,"href":"https:\/\/umwelthaus-pinneberg.de\/index.php?rest_route=\/wp\/v2\/pages\/564\/revisions\/2980"}],"wp:attachment":[{"href":"https:\/\/umwelthaus-pinneberg.de\/index.php?rest_route=%2Fwp%2Fv2%2Fmedia&parent=564"}],"curies":[{"name":"wp","href":"https:\/\/api.w.org\/{rel}","templated":true}]}}