{"id":63,"date":"2020-01-15T17:19:58","date_gmt":"2020-01-15T16:19:58","guid":{"rendered":"http:\/\/west-wallaby.dd-dns.de\/umwelthaus\/?page_id=63"},"modified":"2025-07-06T16:52:48","modified_gmt":"2025-07-06T14:52:48","slug":"termine","status":"publish","type":"page","link":"https:\/\/umwelthaus-pinneberg.de\/?page_id=63","title":{"rendered":"Terminkalender"},"content":{"rendered":"\n<h4 class=\"wp-block-heading\" id=\"regelmassige-veranstaltungen\">Das Haus auf dem Gel\u00e4nde kann f\u00fcr Feiern <a href=\"https:\/\/umwelthaus-pinneberg.de\/?page_id=564\" data-type=\"page\" data-id=\"564\">gemietet<\/a> werden. <\/h4>\n\n\n<div class=\"r34ics-ajax-container loading\" data-args=\"16b9188cb51ce66ae243960fe9457be66655bbfb\" data-js-args=\"{&quot;debug&quot;:null}\" data-r34icsym=\"202605\" data-view-is-list-long=\"1\" data-view-is-list-style=\"1\" data-view=\"list\" id=\"r6a0467b6de3be1d\">&nbsp;<\/div>\n\n\n\n<p><a href=\"http:\/\/umwelthaus-pinneberg.de\/?page_id=571\">Zugang zum Buchungskalender f\u00fcr registrierte Benutzer<\/a><\/p>\n\n\n\n<p><\/p>\n","protected":false},"excerpt":{"rendered":"<p>Das Haus auf dem Gel\u00e4nde kann f\u00fcr Feiern gemietet werden. Zugang zum Buchungskalender f\u00fcr registrierte Benutzer<\/p>\n","protected":false},"author":1,"featured_media":2583,"parent":0,"menu_order":0,"comment_status":"closed","ping_status":"closed","template":"templates\/template-full-width.php","meta":{"ngg_post_thumbnail":0,"footnotes":""},"class_list":["post-63","page","type-page","status-publish","has-post-thumbnail","hentry"],"publishpress_future_action":{"enabled":false,"date":"2026-05-20 13:59:50","action":"change-status","newStatus":"draft","terms":[],"taxonomy":"","extraData":[]},"publishpress_future_workflow_manual_trigger":{"enabledWorkflows":[]},"_links":{"self":[{"href":"https:\/\/umwelthaus-pinneberg.de\/index.php?rest_route=\/wp\/v2\/pages\/63","targetHints":{"allow":["GET"]}}],"collection":[{"href":"https:\/\/umwelthaus-pinneberg.de\/index.php?rest_route=\/wp\/v2\/pages"}],"about":[{"href":"https:\/\/umwelthaus-pinneberg.de\/index.php?rest_route=\/wp\/v2\/types\/page"}],"author":[{"embeddable":true,"href":"https:\/\/umwelthaus-pinneberg.de\/index.php?rest_route=\/wp\/v2\/users\/1"}],"replies":[{"embeddable":true,"href":"https:\/\/umwelthaus-pinneberg.de\/index.php?rest_route=%2Fwp%2Fv2%2Fcomments&post=63"}],"version-history":[{"count":101,"href":"https:\/\/umwelthaus-pinneberg.de\/index.php?rest_route=\/wp\/v2\/pages\/63\/revisions"}],"predecessor-version":[{"id":3202,"href":"https:\/\/umwelthaus-pinneberg.de\/index.php?rest_route=\/wp\/v2\/pages\/63\/revisions\/3202"}],"wp:featuredmedia":[{"embeddable":true,"href":"https:\/\/umwelthaus-pinneberg.de\/index.php?rest_route=\/wp\/v2\/media\/2583"}],"wp:attachment":[{"href":"https:\/\/umwelthaus-pinneberg.de\/index.php?rest_route=%2Fwp%2Fv2%2Fmedia&parent=63"}],"curies":[{"name":"wp","href":"https:\/\/api.w.org\/{rel}","templated":true}]}}