{"id":960,"date":"2022-02-27T09:46:07","date_gmt":"2022-02-27T08:46:07","guid":{"rendered":"https:\/\/umwelthaus-pinneberg.de\/?page_id=960"},"modified":"2026-02-20T19:10:58","modified_gmt":"2026-02-20T18:10:58","slug":"ausserschulischer-lernort","status":"publish","type":"page","link":"https:\/\/umwelthaus-pinneberg.de\/?page_id=960","title":{"rendered":"Au\u00dferschulischer Lernort"},"content":{"rendered":"\n<figure class=\"wp-block-image\"><img loading=\"lazy\" decoding=\"async\" width=\"600\" height=\"450\" src=\"https:\/\/umwelthaus-pinneberg.de\/wp-content\/uploads\/2023\/05\/2023-04-30-14.47.37.jpg\" alt=\"\" class=\"wp-image-1743\" srcset=\"https:\/\/umwelthaus-pinneberg.de\/wp-content\/uploads\/2023\/05\/2023-04-30-14.47.37.jpg 600w, https:\/\/umwelthaus-pinneberg.de\/wp-content\/uploads\/2023\/05\/2023-04-30-14.47.37-300x225.jpg 300w\" sizes=\"auto, (max-width: 600px) 100vw, 600px\" \/><\/figure>\n\n\n\n<p>Als Entdeckergarten bieten wir den Schulen des Kreises Pinneberg ein au\u00dferschulisches Bildungsangebot. Im Einklang mit den Jahreszeiten k\u00f6nnen die Kinder in unseren Modulen auf die, in der Schule vermittelten, Lerninhalte aufbauen und Themen mit allen Sinnen erkunden und erfahren.<br><br>Diese f\u00fcnf Themenbl\u00f6cke werden zu den angegebenen Terminen angeboten und dauern jeweils von 9 &#8211; 12 Uhr:<\/p>\n\n\n\n<p><strong><a href=\"https:\/\/umwelthaus-pinneberg.de\/?page_id=962\" data-type=\"page\" data-id=\"962\">Das Getreide<\/a><\/strong><\/p>\n\n\n\n<p><strong><a href=\"https:\/\/umwelthaus-pinneberg.de\/?page_id=2995\" data-type=\"link\" data-id=\"https:\/\/umwelthaus-pinneberg.de\/?page_id=2995\">Die Ern\u00e4hrung<\/a><\/strong><\/p>\n\n\n\n<p><strong> <a href=\"https:\/\/umwelthaus-pinneberg.de\/?page_id=964\" data-type=\"page\" data-id=\"964\">Der Wasserkreislauf<\/a><\/strong><\/p>\n\n\n\n<p><strong> <a href=\"https:\/\/umwelthaus-pinneberg.de\/?page_id=966\" data-type=\"page\" data-id=\"966\">Die Biene<\/a><\/strong><\/p>\n\n\n\n<p><strong> <a href=\"https:\/\/umwelthaus-pinneberg.de\/?page_id=969\" data-type=\"page\" data-id=\"969\">Der Apfel<\/a><\/strong><\/p>\n\n\n\n<p><em>Klicke auf die Titel f\u00fcr mehr Informationen und Termine!<\/em><\/p>\n\n\n\n<p class=\"has-normal-font-size\">Der Ablauf ist bei allen Angeboten \u00e4hnlich. Um 9 Uhr beginnt der Vormittag mit einem Fr\u00fchst\u00fcck, das die Klassen selbst mitbringen. Dann gibt es eine Rallye durch den <a href=\"https:\/\/umwelthaus-pinneberg.de\/?page_id=118\" data-type=\"page\" data-id=\"118\">Entdeckergarten<\/a>. Hierbei sind unter anderem Fragen zum jeweiligen Thema des Tages zu beantworten. Die Kinder haben dabei die Gelegenheit den Garten mit den dort lebenden Tieren, wie z.B. den <a href=\"https:\/\/umwelthaus-pinneberg.de\/?page_id=134\" data-type=\"page\" data-id=\"134\">H\u00fchnern<\/a> kennen zu lernen. Im Anschluss wird die Rallye gemeinsam ausgewertet.<\/p>\n\n\n\n<p>Danach werden beim Lernen in Stationen drei verschiedene Aspekte des Themas altersgerecht und handlungsorientiert erkundet. Jede Station wird von 2-3 geschulten Personen des Entdeckergartens gegleitet. Jeweils 1\/3 der Kinder durchlaufen die verschiedenen Stationen im Wechsel. Die Stationen dauern je nach Modul 20-30 min. Es werden Inhalte wiederholt und vertieft, neue Aspekte kennengelernt, z. B. die Rolle des Gefl\u00fcgels beim Thema Getreide, und praktisch zum Thema gearbeitet.<\/p>\n\n\n\n<h4 class=\"wp-block-heading\">Durch eine gro\u00dfz\u00fcgige F\u00f6rderung durch die STIFTUNG der Sparkasse S\u00dcDHOLSTEIN reduzieren sich die Preise f\u00fcr unsere Module um 150\u20ac. DANKE!<\/h4>\n\n\n\n<figure class=\"wp-block-image size-full\"><img loading=\"lazy\" decoding=\"async\" width=\"585\" height=\"260\" src=\"https:\/\/umwelthaus-pinneberg.de\/wp-content\/uploads\/2024\/07\/Logo-Stiftung-rot_weiss-zweizeilig_Markenschutzraum.jpg\" alt=\"\" class=\"wp-image-2655\" srcset=\"https:\/\/umwelthaus-pinneberg.de\/wp-content\/uploads\/2024\/07\/Logo-Stiftung-rot_weiss-zweizeilig_Markenschutzraum.jpg 585w, https:\/\/umwelthaus-pinneberg.de\/wp-content\/uploads\/2024\/07\/Logo-Stiftung-rot_weiss-zweizeilig_Markenschutzraum-300x133.jpg 300w\" sizes=\"auto, (max-width: 585px) 100vw, 585px\" \/><\/figure>\n\n\n\n<p>F\u00fcr die Rellinger Schulen hat die B\u00dcRGERSTIFTUNG Rellingen ein eigenes F\u00f6rderprogramm. Den Kontakt stellen wir auf Wunsch gerne her.<\/p>\n\n\n\n<figure class=\"wp-block-gallery has-nested-images columns-default is-cropped wp-block-gallery-1 is-layout-flex wp-block-gallery-is-layout-flex\">\n<figure class=\"wp-block-image size-full\"><img loading=\"lazy\" decoding=\"async\" width=\"600\" height=\"800\" data-id=\"1398\" src=\"https:\/\/umwelthaus-pinneberg.de\/wp-content\/uploads\/2023\/01\/2022-11-07-09.29.12.jpg\" alt=\"\" class=\"wp-image-1398\" srcset=\"https:\/\/umwelthaus-pinneberg.de\/wp-content\/uploads\/2023\/01\/2022-11-07-09.29.12.jpg 600w, https:\/\/umwelthaus-pinneberg.de\/wp-content\/uploads\/2023\/01\/2022-11-07-09.29.12-225x300.jpg 225w\" sizes=\"auto, (max-width: 600px) 100vw, 600px\" \/><\/figure>\n\n\n\n<figure class=\"wp-block-image size-full\"><img loading=\"lazy\" decoding=\"async\" width=\"600\" height=\"800\" data-id=\"2762\" src=\"https:\/\/umwelthaus-pinneberg.de\/wp-content\/uploads\/2024\/06\/2024-06-24-09.46.17.jpg\" alt=\"\" class=\"wp-image-2762\" srcset=\"https:\/\/umwelthaus-pinneberg.de\/wp-content\/uploads\/2024\/06\/2024-06-24-09.46.17.jpg 600w, https:\/\/umwelthaus-pinneberg.de\/wp-content\/uploads\/2024\/06\/2024-06-24-09.46.17-225x300.jpg 225w\" sizes=\"auto, (max-width: 600px) 100vw, 600px\" \/><\/figure>\n\n\n\n<figure class=\"wp-block-image size-full\"><img loading=\"lazy\" decoding=\"async\" width=\"600\" height=\"800\" data-id=\"3240\" src=\"https:\/\/umwelthaus-pinneberg.de\/wp-content\/uploads\/2025\/02\/2025-05-07-11.19.01.jpg\" alt=\"\" class=\"wp-image-3240\" srcset=\"https:\/\/umwelthaus-pinneberg.de\/wp-content\/uploads\/2025\/02\/2025-05-07-11.19.01.jpg 600w, https:\/\/umwelthaus-pinneberg.de\/wp-content\/uploads\/2025\/02\/2025-05-07-11.19.01-225x300.jpg 225w\" sizes=\"auto, (max-width: 600px) 100vw, 600px\" \/><\/figure>\n<\/figure>\n\n\n\n<figure class=\"wp-block-gallery has-nested-images columns-default is-cropped wp-block-gallery-2 is-layout-flex wp-block-gallery-is-layout-flex\">\n<figure class=\"wp-block-image size-full\"><img loading=\"lazy\" decoding=\"async\" width=\"600\" height=\"800\" data-id=\"1414\" src=\"https:\/\/umwelthaus-pinneberg.de\/wp-content\/uploads\/2023\/01\/2022-09-20-12.24.57.jpg\" alt=\"\" class=\"wp-image-1414\" srcset=\"https:\/\/umwelthaus-pinneberg.de\/wp-content\/uploads\/2023\/01\/2022-09-20-12.24.57.jpg 600w, https:\/\/umwelthaus-pinneberg.de\/wp-content\/uploads\/2023\/01\/2022-09-20-12.24.57-225x300.jpg 225w\" sizes=\"auto, (max-width: 600px) 100vw, 600px\" \/><\/figure>\n\n\n\n<figure class=\"wp-block-image size-full\"><img loading=\"lazy\" decoding=\"async\" width=\"600\" height=\"450\" data-id=\"1746\" src=\"https:\/\/umwelthaus-pinneberg.de\/wp-content\/uploads\/2023\/05\/2023-05-01-15.03.39.jpg\" alt=\"\" class=\"wp-image-1746\" srcset=\"https:\/\/umwelthaus-pinneberg.de\/wp-content\/uploads\/2023\/05\/2023-05-01-15.03.39.jpg 600w, https:\/\/umwelthaus-pinneberg.de\/wp-content\/uploads\/2023\/05\/2023-05-01-15.03.39-300x225.jpg 300w\" sizes=\"auto, (max-width: 600px) 100vw, 600px\" \/><\/figure>\n\n\n\n<figure class=\"wp-block-image size-full\"><img loading=\"lazy\" decoding=\"async\" width=\"600\" height=\"800\" data-id=\"1608\" src=\"https:\/\/umwelthaus-pinneberg.de\/wp-content\/uploads\/2023\/03\/2023-03-14-11.28.43.jpg\" alt=\"\" class=\"wp-image-1608\" srcset=\"https:\/\/umwelthaus-pinneberg.de\/wp-content\/uploads\/2023\/03\/2023-03-14-11.28.43.jpg 600w, https:\/\/umwelthaus-pinneberg.de\/wp-content\/uploads\/2023\/03\/2023-03-14-11.28.43-225x300.jpg 225w\" sizes=\"auto, (max-width: 600px) 100vw, 600px\" \/><\/figure>\n<\/figure>\n\n\n\n<figure class=\"wp-block-gallery has-nested-images columns-default is-cropped wp-block-gallery-3 is-layout-flex wp-block-gallery-is-layout-flex\">\n<figure class=\"wp-block-image size-full\"><img loading=\"lazy\" decoding=\"async\" width=\"600\" height=\"450\" data-id=\"3366\" src=\"https:\/\/umwelthaus-pinneberg.de\/wp-content\/uploads\/2025\/02\/apfel.jpg\" alt=\"\" class=\"wp-image-3366\" srcset=\"https:\/\/umwelthaus-pinneberg.de\/wp-content\/uploads\/2025\/02\/apfel.jpg 600w, https:\/\/umwelthaus-pinneberg.de\/wp-content\/uploads\/2025\/02\/apfel-300x225.jpg 300w\" sizes=\"auto, (max-width: 600px) 100vw, 600px\" \/><\/figure>\n\n\n\n<figure class=\"wp-block-image size-full\"><img loading=\"lazy\" decoding=\"async\" width=\"600\" height=\"450\" data-id=\"3346\" src=\"https:\/\/umwelthaus-pinneberg.de\/wp-content\/uploads\/2025\/10\/ernaehrung3.jpg\" alt=\"\" class=\"wp-image-3346\" srcset=\"https:\/\/umwelthaus-pinneberg.de\/wp-content\/uploads\/2025\/10\/ernaehrung3.jpg 600w, https:\/\/umwelthaus-pinneberg.de\/wp-content\/uploads\/2025\/10\/ernaehrung3-300x225.jpg 300w\" sizes=\"auto, (max-width: 600px) 100vw, 600px\" \/><\/figure>\n\n\n\n<figure class=\"wp-block-image size-large\"><img loading=\"lazy\" decoding=\"async\" width=\"600\" height=\"800\" data-id=\"1405\" src=\"https:\/\/umwelthaus-pinneberg.de\/wp-content\/uploads\/2023\/01\/2022-11-07-10.34.06.jpg\" alt=\"\" class=\"wp-image-1405\" srcset=\"https:\/\/umwelthaus-pinneberg.de\/wp-content\/uploads\/2023\/01\/2022-11-07-10.34.06.jpg 600w, https:\/\/umwelthaus-pinneberg.de\/wp-content\/uploads\/2023\/01\/2022-11-07-10.34.06-225x300.jpg 225w\" sizes=\"auto, (max-width: 600px) 100vw, 600px\" \/><\/figure>\n<\/figure>\n\n\n\n<figure class=\"wp-block-gallery has-nested-images columns-default is-cropped wp-block-gallery-4 is-layout-flex wp-block-gallery-is-layout-flex\">\n<figure class=\"wp-block-image size-full\"><img loading=\"lazy\" decoding=\"async\" width=\"600\" height=\"800\" data-id=\"1693\" src=\"https:\/\/umwelthaus-pinneberg.de\/wp-content\/uploads\/2023\/04\/2023-03-14-11.44.11.jpg\" alt=\"\" class=\"wp-image-1693\" srcset=\"https:\/\/umwelthaus-pinneberg.de\/wp-content\/uploads\/2023\/04\/2023-03-14-11.44.11.jpg 600w, https:\/\/umwelthaus-pinneberg.de\/wp-content\/uploads\/2023\/04\/2023-03-14-11.44.11-225x300.jpg 225w\" sizes=\"auto, (max-width: 600px) 100vw, 600px\" \/><\/figure>\n\n\n\n<figure class=\"wp-block-image size-full\"><img loading=\"lazy\" decoding=\"async\" width=\"450\" height=\"600\" data-id=\"3349\" src=\"https:\/\/umwelthaus-pinneberg.de\/wp-content\/uploads\/2025\/10\/ernaehrung5.jpg\" alt=\"\" class=\"wp-image-3349\" srcset=\"https:\/\/umwelthaus-pinneberg.de\/wp-content\/uploads\/2025\/10\/ernaehrung5.jpg 450w, https:\/\/umwelthaus-pinneberg.de\/wp-content\/uploads\/2025\/10\/ernaehrung5-225x300.jpg 225w\" sizes=\"auto, (max-width: 450px) 100vw, 450px\" \/><\/figure>\n<\/figure>\n\n\n\n<p><\/p>\n","protected":false},"excerpt":{"rendered":"<p>Als Entdeckergarten bieten wir den Schulen des Kreises Pinneberg ein au\u00dferschulisches Bildungsangebot. Im Einklang mit den Jahreszeiten k\u00f6nnen die Kinder in unseren Modulen auf die, in der Schule vermittelten, Lerninhalte aufbauen und Themen mit allen Sinnen erkunden und erfahren. Diese f\u00fcnf Themenbl\u00f6cke werden zu den angegebenen Terminen angeboten und dauern jeweils von 9 &#8211; 12 [&hellip;]<\/p>\n","protected":false},"author":1,"featured_media":0,"parent":0,"menu_order":0,"comment_status":"closed","ping_status":"closed","template":"","meta":{"ngg_post_thumbnail":0,"footnotes":""},"class_list":["post-960","page","type-page","status-publish","hentry"],"publishpress_future_action":{"enabled":false,"date":"2026-05-08 12:57:35","action":"change-status","newStatus":"draft","terms":[],"taxonomy":"","extraData":[]},"publishpress_future_workflow_manual_trigger":{"enabledWorkflows":[]},"_links":{"self":[{"href":"https:\/\/umwelthaus-pinneberg.de\/index.php?rest_route=\/wp\/v2\/pages\/960","targetHints":{"allow":["GET"]}}],"collection":[{"href":"https:\/\/umwelthaus-pinneberg.de\/index.php?rest_route=\/wp\/v2\/pages"}],"about":[{"href":"https:\/\/umwelthaus-pinneberg.de\/index.php?rest_route=\/wp\/v2\/types\/page"}],"author":[{"embeddable":true,"href":"https:\/\/umwelthaus-pinneberg.de\/index.php?rest_route=\/wp\/v2\/users\/1"}],"replies":[{"embeddable":true,"href":"https:\/\/umwelthaus-pinneberg.de\/index.php?rest_route=%2Fwp%2Fv2%2Fcomments&post=960"}],"version-history":[{"count":44,"href":"https:\/\/umwelthaus-pinneberg.de\/index.php?rest_route=\/wp\/v2\/pages\/960\/revisions"}],"predecessor-version":[{"id":3780,"href":"https:\/\/umwelthaus-pinneberg.de\/index.php?rest_route=\/wp\/v2\/pages\/960\/revisions\/3780"}],"wp:attachment":[{"href":"https:\/\/umwelthaus-pinneberg.de\/index.php?rest_route=%2Fwp%2Fv2%2Fmedia&parent=960"}],"curies":[{"name":"wp","href":"https:\/\/api.w.org\/{rel}","templated":true}]}}