{"id":962,"date":"2022-02-27T09:50:11","date_gmt":"2022-02-27T08:50:11","guid":{"rendered":"https:\/\/umwelthaus-pinneberg.de\/?page_id=962"},"modified":"2026-03-14T11:39:16","modified_gmt":"2026-03-14T10:39:16","slug":"das-getreide","status":"publish","type":"page","link":"https:\/\/umwelthaus-pinneberg.de\/?page_id=962","title":{"rendered":"Das Getreide (ausgebucht)"},"content":{"rendered":"\n<p class=\"has-text-align-center has-subtle-background-background-color has-background\">M\u00e4rz &#8211; Oktober f\u00fcr 3. &#8211; 6. Klasse <br>Preis pro Klasse: 375 \u20ac, mit F\u00f6rderung <strong>225 \u20ac<\/strong><br>(die Abwicklung der F\u00f6rderung \u00fcbernehmen wir)<\/p>\n\n\n\n<p><a href=\"https:\/\/umwelthaus-pinneberg.de\/?page_id=960\"><a href=\"https:\/\/umwelthaus-pinneberg.de\/?page_id=960\">Weitere Informationen zum Ablauf eines Vormittages im Rahmen  unseres au\u00dferschulischen Bildungsangebotes finden Sie hier.<\/a><\/a><\/p>\n\n\n\n<div class=\"wp-block-group is-nowrap is-layout-flex wp-container-core-group-is-layout-ad2f72ca wp-block-group-is-layout-flex\">\n<figure class=\"wp-block-image size-full is-resized\"><img loading=\"lazy\" decoding=\"async\" width=\"585\" height=\"260\" src=\"https:\/\/umwelthaus-pinneberg.de\/wp-content\/uploads\/2024\/07\/Logo-Stiftung-rot_weiss-zweizeilig_Markenschutzraum.jpg\" alt=\"\" class=\"wp-image-2655\" style=\"width:224px;height:auto\" srcset=\"https:\/\/umwelthaus-pinneberg.de\/wp-content\/uploads\/2024\/07\/Logo-Stiftung-rot_weiss-zweizeilig_Markenschutzraum.jpg 585w, https:\/\/umwelthaus-pinneberg.de\/wp-content\/uploads\/2024\/07\/Logo-Stiftung-rot_weiss-zweizeilig_Markenschutzraum-300x133.jpg 300w\" sizes=\"auto, (max-width: 585px) 100vw, 585px\" \/><\/figure>\n\n\n\n<p>Wir sagen <strong>DANKE <\/strong>f\u00fcr die F\u00f6rderung.<\/p>\n<\/div>\n\n\n\n<ul class=\"wp-block-list\">\n<li><strong>vom Getreide zum Teig<\/strong>: Getreide erkennen, mahlen, flocken, Mehle begreifen, Sauerteige und Hefeteige kneten.<\/li>\n\n\n\n<li><strong>vom Teig zum Brot:<\/strong> Eigene Brote &amp; Br\u00f6tchen formen, riechen und f\u00fchlen und direkt in unserem Holzbackofen backen.<\/li>\n\n\n\n<li><strong>vom Gefl\u00fcgel<\/strong>: Warum sind H\u00fchner und Co zu uns gekommen, was fressen und wie leben sie im Entdeckergarten?<\/li>\n<\/ul>\n\n\n\n<p>Jedes Kind bekommt die Rezepte und ein selbstgebackenes Brot mit nach Hause!<\/p>\n\n\n\n<p><strong>TIPP:<\/strong> Die Kursgeb\u00fchren kann man sich f\u00f6rdern lassen. B\u00fcrgerstiftungen und Banken geben gerne mindestens einen weiteren Teil dazu!<\/p>\n\n\n\n<figure class=\"wp-block-gallery has-nested-images columns-default is-cropped wp-block-gallery-1 is-layout-flex wp-block-gallery-is-layout-flex\">\n<figure class=\"wp-block-image size-large\"><img loading=\"lazy\" decoding=\"async\" width=\"600\" height=\"800\" data-id=\"1369\" src=\"https:\/\/umwelthaus-pinneberg.de\/wp-content\/uploads\/2022\/12\/2022-11-07-11.19.03-2.jpg\" alt=\"\" class=\"wp-image-1369\" srcset=\"https:\/\/umwelthaus-pinneberg.de\/wp-content\/uploads\/2022\/12\/2022-11-07-11.19.03-2.jpg 600w, https:\/\/umwelthaus-pinneberg.de\/wp-content\/uploads\/2022\/12\/2022-11-07-11.19.03-2-225x300.jpg 225w\" sizes=\"auto, (max-width: 600px) 100vw, 600px\" \/><\/figure>\n\n\n\n<figure class=\"wp-block-image size-full\"><img loading=\"lazy\" decoding=\"async\" width=\"600\" height=\"800\" data-id=\"3240\" src=\"https:\/\/umwelthaus-pinneberg.de\/wp-content\/uploads\/2025\/02\/2025-05-07-11.19.01.jpg\" alt=\"\" class=\"wp-image-3240\" srcset=\"https:\/\/umwelthaus-pinneberg.de\/wp-content\/uploads\/2025\/02\/2025-05-07-11.19.01.jpg 600w, https:\/\/umwelthaus-pinneberg.de\/wp-content\/uploads\/2025\/02\/2025-05-07-11.19.01-225x300.jpg 225w\" sizes=\"auto, (max-width: 600px) 100vw, 600px\" \/><\/figure>\n\n\n\n<figure class=\"wp-block-image size-full\"><img loading=\"lazy\" decoding=\"async\" width=\"600\" height=\"450\" data-id=\"1386\" src=\"https:\/\/umwelthaus-pinneberg.de\/wp-content\/uploads\/2023\/01\/2022-11-07-10.42.08.jpg\" alt=\"\" class=\"wp-image-1386\" srcset=\"https:\/\/umwelthaus-pinneberg.de\/wp-content\/uploads\/2023\/01\/2022-11-07-10.42.08.jpg 600w, https:\/\/umwelthaus-pinneberg.de\/wp-content\/uploads\/2023\/01\/2022-11-07-10.42.08-300x225.jpg 300w\" sizes=\"auto, (max-width: 600px) 100vw, 600px\" \/><\/figure>\n<\/figure>\n\n\n\n<figure class=\"wp-block-gallery has-nested-images columns-default is-cropped wp-block-gallery-2 is-layout-flex wp-block-gallery-is-layout-flex\">\n<figure class=\"wp-block-image size-full\"><img loading=\"lazy\" decoding=\"async\" width=\"600\" height=\"450\" data-id=\"1391\" src=\"https:\/\/umwelthaus-pinneberg.de\/wp-content\/uploads\/2023\/01\/2022-11-07-10.36.58.jpg\" alt=\"\" class=\"wp-image-1391\" srcset=\"https:\/\/umwelthaus-pinneberg.de\/wp-content\/uploads\/2023\/01\/2022-11-07-10.36.58.jpg 600w, https:\/\/umwelthaus-pinneberg.de\/wp-content\/uploads\/2023\/01\/2022-11-07-10.36.58-300x225.jpg 300w\" sizes=\"auto, (max-width: 600px) 100vw, 600px\" \/><\/figure>\n\n\n\n<figure class=\"wp-block-image size-full\"><img loading=\"lazy\" decoding=\"async\" width=\"600\" height=\"450\" data-id=\"2022\" src=\"https:\/\/umwelthaus-pinneberg.de\/wp-content\/uploads\/2023\/09\/2023-09-12-10.38.06.jpg\" alt=\"\" class=\"wp-image-2022\" srcset=\"https:\/\/umwelthaus-pinneberg.de\/wp-content\/uploads\/2023\/09\/2023-09-12-10.38.06.jpg 600w, https:\/\/umwelthaus-pinneberg.de\/wp-content\/uploads\/2023\/09\/2023-09-12-10.38.06-300x225.jpg 300w\" sizes=\"auto, (max-width: 600px) 100vw, 600px\" \/><\/figure>\n\n\n\n<figure class=\"wp-block-image size-full\"><img loading=\"lazy\" decoding=\"async\" width=\"600\" height=\"800\" data-id=\"1388\" src=\"https:\/\/umwelthaus-pinneberg.de\/wp-content\/uploads\/2023\/01\/2022-11-07-10.33.52.jpg\" alt=\"\" class=\"wp-image-1388\" srcset=\"https:\/\/umwelthaus-pinneberg.de\/wp-content\/uploads\/2023\/01\/2022-11-07-10.33.52.jpg 600w, https:\/\/umwelthaus-pinneberg.de\/wp-content\/uploads\/2023\/01\/2022-11-07-10.33.52-225x300.jpg 225w\" sizes=\"auto, (max-width: 600px) 100vw, 600px\" \/><\/figure>\n\n\n\n<figure class=\"wp-block-image size-full\"><img loading=\"lazy\" decoding=\"async\" width=\"600\" height=\"450\" data-id=\"1390\" src=\"https:\/\/umwelthaus-pinneberg.de\/wp-content\/uploads\/2023\/01\/2022-11-07-11.14.24.jpg\" alt=\"\" class=\"wp-image-1390\" srcset=\"https:\/\/umwelthaus-pinneberg.de\/wp-content\/uploads\/2023\/01\/2022-11-07-11.14.24.jpg 600w, https:\/\/umwelthaus-pinneberg.de\/wp-content\/uploads\/2023\/01\/2022-11-07-11.14.24-300x225.jpg 300w\" sizes=\"auto, (max-width: 600px) 100vw, 600px\" \/><\/figure>\n\n\n\n<figure class=\"wp-block-image size-full\"><img loading=\"lazy\" decoding=\"async\" width=\"600\" height=\"450\" data-id=\"3336\" src=\"https:\/\/umwelthaus-pinneberg.de\/wp-content\/uploads\/2025\/02\/gaense.jpg\" alt=\"\" class=\"wp-image-3336\" srcset=\"https:\/\/umwelthaus-pinneberg.de\/wp-content\/uploads\/2025\/02\/gaense.jpg 600w, https:\/\/umwelthaus-pinneberg.de\/wp-content\/uploads\/2025\/02\/gaense-300x225.jpg 300w\" sizes=\"auto, (max-width: 600px) 100vw, 600px\" \/><\/figure>\n\n\n\n<figure class=\"wp-block-image size-full\"><img loading=\"lazy\" decoding=\"async\" width=\"600\" height=\"800\" data-id=\"1609\" src=\"https:\/\/umwelthaus-pinneberg.de\/wp-content\/uploads\/2023\/03\/2023-03-14-10.22.16.jpg\" alt=\"\" class=\"wp-image-1609\" srcset=\"https:\/\/umwelthaus-pinneberg.de\/wp-content\/uploads\/2023\/03\/2023-03-14-10.22.16.jpg 600w, https:\/\/umwelthaus-pinneberg.de\/wp-content\/uploads\/2023\/03\/2023-03-14-10.22.16-225x300.jpg 225w\" sizes=\"auto, (max-width: 600px) 100vw, 600px\" \/><\/figure>\n<\/figure>\n\n\n\n<h4 class=\"wp-block-heading\">Termine 2026<\/h4>\n\n\n\n<ul class=\"wp-block-list\">\n<li>Di, 10.03. (vergeben)<\/li>\n\n\n\n<li>Mo, 16.03.<\/li>\n\n\n\n<li>Di, 24.03.&nbsp; (vergeben)<\/li>\n\n\n\n<li>Di, 14.04. (vergeben)<\/li>\n\n\n\n<li>Mo, 18.05. (vergeben)<\/li>\n\n\n\n<li>Di, 02.06. (vergeben)<\/li>\n\n\n\n<li>Di, 25.08. (vergeben)<\/li>\n\n\n\n<li>Di, 01.09. (vergeben)<\/li>\n\n\n\n<li>Di, 08.09. (vergeben)<\/li>\n\n\n\n<li>Mi, 07.10. (vergeben)<\/li>\n\n\n\n<li>Das Programm f\u00fcr 2027 ist ab Herbst 2026 hier zu finden<\/li>\n<\/ul>\n\n\n\n<p>Bei Interesse wende dich bitte an Jens Clausen. <\/p>\n\n\n\n<div class=\"wp-block-contact-form-7-contact-form-selector\">\n<div class=\"wpcf7 no-js\" id=\"wpcf7-f972-o1\" lang=\"de-DE\" dir=\"ltr\" data-wpcf7-id=\"972\">\n<div class=\"screen-reader-response\"><p role=\"status\" aria-live=\"polite\" aria-atomic=\"true\"><\/p> <ul><\/ul><\/div>\n<form action=\"\/index.php?rest_route=%2Fwp%2Fv2%2Fpages%2F962#wpcf7-f972-o1\" method=\"post\" class=\"wpcf7-form init\" aria-label=\"Kontaktformular\" novalidate=\"novalidate\" data-status=\"init\">\n<fieldset class=\"hidden-fields-container\"><input type=\"hidden\" name=\"_wpcf7\" value=\"972\" \/><input type=\"hidden\" name=\"_wpcf7_version\" value=\"6.1.5\" \/><input type=\"hidden\" name=\"_wpcf7_locale\" value=\"de_DE\" \/><input type=\"hidden\" name=\"_wpcf7_unit_tag\" value=\"wpcf7-f972-o1\" \/><input type=\"hidden\" name=\"_wpcf7_container_post\" value=\"0\" \/><input type=\"hidden\" name=\"_wpcf7_posted_data_hash\" value=\"\" \/><input type=\"hidden\" name=\"_wpcf7_recaptcha_response\" value=\"\" \/>\n<\/fieldset>\n<p><label> Dein Name (Pflichtfeld)<br \/>\n<span class=\"wpcf7-form-control-wrap\" data-name=\"your-name\"><input size=\"40\" maxlength=\"400\" class=\"wpcf7-form-control wpcf7-text wpcf7-validates-as-required\" aria-required=\"true\" aria-invalid=\"false\" value=\"\" type=\"text\" name=\"your-name\" \/><\/span> <\/label>\n<\/p>\n<p><label> Deine E-Mail-Adresse (Pflichtfeld)<br \/>\n<span class=\"wpcf7-form-control-wrap\" data-name=\"your-email\"><input size=\"40\" maxlength=\"400\" class=\"wpcf7-form-control wpcf7-email wpcf7-validates-as-required wpcf7-text wpcf7-validates-as-email\" aria-required=\"true\" aria-invalid=\"false\" value=\"\" type=\"email\" name=\"your-email\" \/><\/span> <\/label>\n<\/p>\n<p><label> Betreff<br \/>\n<span class=\"wpcf7-form-control-wrap\" data-name=\"your-subject\"><input size=\"40\" maxlength=\"400\" class=\"wpcf7-form-control wpcf7-text\" aria-invalid=\"false\" value=\"\" type=\"text\" name=\"your-subject\" \/><\/span> Anfrage zum au\u00dferschulischen Lernen <\/label>\n<\/p>\n<p><label> Deine Nachricht<br \/>\n<span class=\"wpcf7-form-control-wrap\" data-name=\"your-message\"><textarea cols=\"40\" rows=\"10\" maxlength=\"2000\" class=\"wpcf7-form-control wpcf7-textarea\" aria-invalid=\"false\" name=\"your-message\"><\/textarea><\/span> <\/label>\n<\/p>\n<p><input class=\"wpcf7-form-control wpcf7-submit has-spinner\" type=\"submit\" value=\"Senden\" \/>\n<\/p><div class=\"wpcf7-response-output\" aria-hidden=\"true\"><\/div>\n<\/form>\n<\/div>\n<\/div>\n","protected":false},"excerpt":{"rendered":"<p>M\u00e4rz &#8211; Oktober f\u00fcr 3. &#8211; 6. Klasse Preis pro Klasse: 375 \u20ac, mit F\u00f6rderung 225 \u20ac(die Abwicklung der F\u00f6rderung \u00fcbernehmen wir) Weitere Informationen zum Ablauf eines Vormittages im Rahmen unseres au\u00dferschulischen Bildungsangebotes finden Sie hier. Wir sagen DANKE f\u00fcr die F\u00f6rderung. Jedes Kind bekommt die Rezepte und ein selbstgebackenes Brot mit nach Hause! TIPP: [&hellip;]<\/p>\n","protected":false},"author":1,"featured_media":0,"parent":960,"menu_order":0,"comment_status":"closed","ping_status":"closed","template":"","meta":{"ngg_post_thumbnail":0,"footnotes":""},"class_list":["post-962","page","type-page","status-publish","hentry"],"publishpress_future_action":{"enabled":false,"date":"2026-04-21 13:50:46","action":"change-status","newStatus":"draft","terms":[],"taxonomy":"","extraData":[]},"publishpress_future_workflow_manual_trigger":{"enabledWorkflows":[]},"_links":{"self":[{"href":"https:\/\/umwelthaus-pinneberg.de\/index.php?rest_route=\/wp\/v2\/pages\/962","targetHints":{"allow":["GET"]}}],"collection":[{"href":"https:\/\/umwelthaus-pinneberg.de\/index.php?rest_route=\/wp\/v2\/pages"}],"about":[{"href":"https:\/\/umwelthaus-pinneberg.de\/index.php?rest_route=\/wp\/v2\/types\/page"}],"author":[{"embeddable":true,"href":"https:\/\/umwelthaus-pinneberg.de\/index.php?rest_route=\/wp\/v2\/users\/1"}],"replies":[{"embeddable":true,"href":"https:\/\/umwelthaus-pinneberg.de\/index.php?rest_route=%2Fwp%2Fv2%2Fcomments&post=962"}],"version-history":[{"count":57,"href":"https:\/\/umwelthaus-pinneberg.de\/index.php?rest_route=\/wp\/v2\/pages\/962\/revisions"}],"predecessor-version":[{"id":3819,"href":"https:\/\/umwelthaus-pinneberg.de\/index.php?rest_route=\/wp\/v2\/pages\/962\/revisions\/3819"}],"up":[{"embeddable":true,"href":"https:\/\/umwelthaus-pinneberg.de\/index.php?rest_route=\/wp\/v2\/pages\/960"}],"wp:attachment":[{"href":"https:\/\/umwelthaus-pinneberg.de\/index.php?rest_route=%2Fwp%2Fv2%2Fmedia&parent=962"}],"curies":[{"name":"wp","href":"https:\/\/api.w.org\/{rel}","templated":true}]}}