{"id":966,"date":"2022-02-27T09:55:33","date_gmt":"2022-02-27T08:55:33","guid":{"rendered":"https:\/\/umwelthaus-pinneberg.de\/?page_id=966"},"modified":"2026-04-16T12:53:25","modified_gmt":"2026-04-16T10:53:25","slug":"die-biene","status":"publish","type":"page","link":"https:\/\/umwelthaus-pinneberg.de\/?page_id=966","title":{"rendered":"Die Biene (ausgebucht)"},"content":{"rendered":"\n<p class=\"has-text-align-center\"><em>Ausgebucht f\u00fcr 2026, wir danken f\u00fcr das Vertrauen!<\/em><\/p>\n\n\n\n<p class=\"has-text-align-center has-subtle-background-background-color has-background\">April &#8211; August ab 1. Klasse von 9.00 &#8211; 12.00 Uhr<br>Preis pro Klasse 350 \u20ac, durch die F\u00f6rderung reduziert sich der Betrag auf  <strong>200 \u20ac<\/strong> <br>(die Abwicklung \u00fcbernehmen wir)<\/p>\n\n\n\n<p><a href=\"https:\/\/umwelthaus-pinneberg.de\/?page_id=960\"><a href=\"https:\/\/umwelthaus-pinneberg.de\/?page_id=960\">Weitere Informationen zum Ablauf eines Vormittages im Rahmen  unseres au\u00dferschulischen Bildungsangebotes finden Sie hier.<\/a><\/a><\/p>\n\n\n\n<div class=\"wp-block-group is-nowrap is-layout-flex wp-container-core-group-is-layout-ad2f72ca wp-block-group-is-layout-flex\">\n<figure class=\"wp-block-image size-full is-resized\"><img loading=\"lazy\" decoding=\"async\" width=\"585\" height=\"260\" src=\"https:\/\/umwelthaus-pinneberg.de\/wp-content\/uploads\/2024\/07\/Logo-Stiftung-rot_weiss-zweizeilig_Markenschutzraum.jpg\" alt=\"\" class=\"wp-image-2655\" style=\"width:224px;height:auto\" srcset=\"https:\/\/umwelthaus-pinneberg.de\/wp-content\/uploads\/2024\/07\/Logo-Stiftung-rot_weiss-zweizeilig_Markenschutzraum.jpg 585w, https:\/\/umwelthaus-pinneberg.de\/wp-content\/uploads\/2024\/07\/Logo-Stiftung-rot_weiss-zweizeilig_Markenschutzraum-300x133.jpg 300w\" sizes=\"auto, (max-width: 585px) 100vw, 585px\" \/><\/figure>\n\n\n\n<p>Wir sagen <strong>DANKE <\/strong>f\u00fcr die F\u00f6rderung.<\/p>\n<\/div>\n\n\n\n<p><\/p>\n\n\n\n<ul class=\"wp-block-list\">\n<li><strong>von den Bl\u00fcten:<\/strong> Die Vielfalt der Bl\u00fcten, Nektar, Pollen und Befruchtung wird auf dem Gel\u00e4nde entdeckt.<\/li>\n\n\n\n<li><strong>von der Biene<\/strong>: Die Entdeckergarten-Imkerinnen stellen das Leben und die Bedeutung der Bienen direkt an den Bienenbeuten vor.<\/li>\n\n\n\n<li><strong>vom Bienenwachs<\/strong>: Die Bienen geben uns viel mehr als Honig. Aus Bio-Baumwollstoff und Wachs wird eine perfekte Alternative zur Frischhaltefolie hergestellt.<\/li>\n<\/ul>\n\n\n\n<p>Jedes Kind macht sein eigenes Bienenwachstuch und nimmt dieses mit nach Hause!<\/p>\n\n\n\n<p><strong>TIPP:<\/strong> Die Kursgeb\u00fchren kann man sich f\u00f6rdern lassen. B\u00fcrgerstiftungen und Banken geben gerne mindestens einen weiteren Teil dazu!<\/p>\n\n\n\n<figure class=\"wp-block-gallery has-nested-images columns-default is-cropped wp-block-gallery-1 is-layout-flex wp-block-gallery-is-layout-flex\">\n<figure class=\"wp-block-image size-full\"><img loading=\"lazy\" decoding=\"async\" width=\"600\" height=\"800\" data-id=\"1427\" src=\"https:\/\/umwelthaus-pinneberg.de\/wp-content\/uploads\/2023\/01\/2022-06-27-10.42.22.jpg\" alt=\"\" class=\"wp-image-1427\" srcset=\"https:\/\/umwelthaus-pinneberg.de\/wp-content\/uploads\/2023\/01\/2022-06-27-10.42.22.jpg 600w, https:\/\/umwelthaus-pinneberg.de\/wp-content\/uploads\/2023\/01\/2022-06-27-10.42.22-225x300.jpg 225w\" sizes=\"auto, (max-width: 600px) 100vw, 600px\" \/><\/figure>\n\n\n\n<figure class=\"wp-block-image size-large\"><img loading=\"lazy\" decoding=\"async\" width=\"600\" height=\"800\" data-id=\"1425\" src=\"https:\/\/umwelthaus-pinneberg.de\/wp-content\/uploads\/2023\/01\/2022-05-03-11.09.54-1.jpg\" alt=\"\" class=\"wp-image-1425\" srcset=\"https:\/\/umwelthaus-pinneberg.de\/wp-content\/uploads\/2023\/01\/2022-05-03-11.09.54-1.jpg 600w, https:\/\/umwelthaus-pinneberg.de\/wp-content\/uploads\/2023\/01\/2022-05-03-11.09.54-1-225x300.jpg 225w\" sizes=\"auto, (max-width: 600px) 100vw, 600px\" \/><\/figure>\n\n\n\n<figure class=\"wp-block-image size-full\"><img loading=\"lazy\" decoding=\"async\" width=\"600\" height=\"450\" data-id=\"1737\" src=\"https:\/\/umwelthaus-pinneberg.de\/wp-content\/uploads\/2023\/05\/2023-05-09-09.54.55.jpg\" alt=\"\" class=\"wp-image-1737\" srcset=\"https:\/\/umwelthaus-pinneberg.de\/wp-content\/uploads\/2023\/05\/2023-05-09-09.54.55.jpg 600w, https:\/\/umwelthaus-pinneberg.de\/wp-content\/uploads\/2023\/05\/2023-05-09-09.54.55-300x225.jpg 300w\" sizes=\"auto, (max-width: 600px) 100vw, 600px\" \/><\/figure>\n<\/figure>\n\n\n\n<figure class=\"wp-block-gallery has-nested-images columns-default is-cropped wp-block-gallery-2 is-layout-flex wp-block-gallery-is-layout-flex\">\n<figure class=\"wp-block-image size-full\"><img loading=\"lazy\" decoding=\"async\" width=\"600\" height=\"800\" data-id=\"2673\" src=\"https:\/\/umwelthaus-pinneberg.de\/wp-content\/uploads\/2024\/07\/2024-06-18-11.06.07.jpg\" alt=\"\" class=\"wp-image-2673\" srcset=\"https:\/\/umwelthaus-pinneberg.de\/wp-content\/uploads\/2024\/07\/2024-06-18-11.06.07.jpg 600w, https:\/\/umwelthaus-pinneberg.de\/wp-content\/uploads\/2024\/07\/2024-06-18-11.06.07-225x300.jpg 225w\" sizes=\"auto, (max-width: 600px) 100vw, 600px\" \/><\/figure>\n\n\n\n<figure class=\"wp-block-image size-full\"><img loading=\"lazy\" decoding=\"async\" width=\"600\" height=\"450\" data-id=\"2672\" src=\"https:\/\/umwelthaus-pinneberg.de\/wp-content\/uploads\/2024\/07\/2024-06-18-10.57.36.jpg\" alt=\"\" class=\"wp-image-2672\" srcset=\"https:\/\/umwelthaus-pinneberg.de\/wp-content\/uploads\/2024\/07\/2024-06-18-10.57.36.jpg 600w, https:\/\/umwelthaus-pinneberg.de\/wp-content\/uploads\/2024\/07\/2024-06-18-10.57.36-300x225.jpg 300w\" sizes=\"auto, (max-width: 600px) 100vw, 600px\" \/><\/figure>\n\n\n\n<figure class=\"wp-block-image size-full\"><img loading=\"lazy\" decoding=\"async\" width=\"600\" height=\"800\" data-id=\"2674\" src=\"https:\/\/umwelthaus-pinneberg.de\/wp-content\/uploads\/2024\/07\/2024-06-18-10.05.54.jpg\" alt=\"\" class=\"wp-image-2674\" srcset=\"https:\/\/umwelthaus-pinneberg.de\/wp-content\/uploads\/2024\/07\/2024-06-18-10.05.54.jpg 600w, https:\/\/umwelthaus-pinneberg.de\/wp-content\/uploads\/2024\/07\/2024-06-18-10.05.54-225x300.jpg 225w\" sizes=\"auto, (max-width: 600px) 100vw, 600px\" \/><\/figure>\n\n\n\n<figure class=\"wp-block-image size-full\"><img loading=\"lazy\" decoding=\"async\" width=\"600\" height=\"450\" data-id=\"1898\" src=\"https:\/\/umwelthaus-pinneberg.de\/wp-content\/uploads\/2023\/07\/2023-07-04-11.03.47.jpg\" alt=\"\" class=\"wp-image-1898\" srcset=\"https:\/\/umwelthaus-pinneberg.de\/wp-content\/uploads\/2023\/07\/2023-07-04-11.03.47.jpg 600w, https:\/\/umwelthaus-pinneberg.de\/wp-content\/uploads\/2023\/07\/2023-07-04-11.03.47-300x225.jpg 300w\" sizes=\"auto, (max-width: 600px) 100vw, 600px\" \/><\/figure>\n\n\n\n<figure class=\"wp-block-image size-full\"><img loading=\"lazy\" decoding=\"async\" width=\"600\" height=\"800\" data-id=\"2017\" src=\"https:\/\/umwelthaus-pinneberg.de\/wp-content\/uploads\/2023\/03\/2023-09-15-09.43.41-1.jpg\" alt=\"\" class=\"wp-image-2017\" srcset=\"https:\/\/umwelthaus-pinneberg.de\/wp-content\/uploads\/2023\/03\/2023-09-15-09.43.41-1.jpg 600w, https:\/\/umwelthaus-pinneberg.de\/wp-content\/uploads\/2023\/03\/2023-09-15-09.43.41-1-225x300.jpg 225w\" sizes=\"auto, (max-width: 600px) 100vw, 600px\" \/><\/figure>\n\n\n\n<figure class=\"wp-block-image size-full\"><img loading=\"lazy\" decoding=\"async\" width=\"600\" height=\"450\" data-id=\"2671\" src=\"https:\/\/umwelthaus-pinneberg.de\/wp-content\/uploads\/2024\/07\/2024-05-28-12.01.37.jpg\" alt=\"\" class=\"wp-image-2671\" srcset=\"https:\/\/umwelthaus-pinneberg.de\/wp-content\/uploads\/2024\/07\/2024-05-28-12.01.37.jpg 600w, https:\/\/umwelthaus-pinneberg.de\/wp-content\/uploads\/2024\/07\/2024-05-28-12.01.37-300x225.jpg 300w\" sizes=\"auto, (max-width: 600px) 100vw, 600px\" \/><\/figure>\n<\/figure>\n\n\n\n<h4 class=\"wp-block-heading\">Termine 2026<\/h4>\n\n\n\n<ul class=\"wp-block-list\">\n<li>Di, 21.04. (vergeben)<\/li>\n\n\n\n<li>Mo, 27.04. (vergeben)<\/li>\n\n\n\n<li>Di, 05.05. (vergeben)<\/li>\n\n\n\n<li>Di, 19.05. (vergeben)<\/li>\n\n\n\n<li>Di, 26.05. (vergeben)<\/li>\n\n\n\n<li>Mo, 01.06. (vergeben)<\/li>\n\n\n\n<li>Mo, 08.06. (vergeben)<\/li>\n\n\n\n<li>Mo, 15.06. (vergeben)<\/li>\n\n\n\n<li>Di, 23.06. (vergeben)<\/li>\n\n\n\n<li>Mo, 29.06.(vergeben)<\/li>\n\n\n\n<li>Das Programm f\u00fcr 2027 ist ab Herbst 2026 hier zu finden<\/li>\n<\/ul>\n\n\n\n<p>Bei Interesse melde dich bei Jens Clausen.<\/p>\n\n\n\n<div class=\"wp-block-contact-form-7-contact-form-selector\">\n<div class=\"wpcf7 no-js\" id=\"wpcf7-f972-o1\" lang=\"de-DE\" dir=\"ltr\" data-wpcf7-id=\"972\">\n<div class=\"screen-reader-response\"><p role=\"status\" aria-live=\"polite\" aria-atomic=\"true\"><\/p> <ul><\/ul><\/div>\n<form action=\"\/index.php?rest_route=%2Fwp%2Fv2%2Fpages%2F966#wpcf7-f972-o1\" method=\"post\" class=\"wpcf7-form init\" aria-label=\"Kontaktformular\" novalidate=\"novalidate\" data-status=\"init\">\n<fieldset class=\"hidden-fields-container\"><input type=\"hidden\" name=\"_wpcf7\" value=\"972\" \/><input type=\"hidden\" name=\"_wpcf7_version\" value=\"6.1.5\" \/><input type=\"hidden\" name=\"_wpcf7_locale\" value=\"de_DE\" \/><input type=\"hidden\" name=\"_wpcf7_unit_tag\" value=\"wpcf7-f972-o1\" \/><input type=\"hidden\" name=\"_wpcf7_container_post\" value=\"0\" \/><input type=\"hidden\" name=\"_wpcf7_posted_data_hash\" value=\"\" \/><input type=\"hidden\" name=\"_wpcf7_recaptcha_response\" value=\"\" \/>\n<\/fieldset>\n<p><label> Dein Name (Pflichtfeld)<br \/>\n<span class=\"wpcf7-form-control-wrap\" data-name=\"your-name\"><input size=\"40\" maxlength=\"400\" class=\"wpcf7-form-control wpcf7-text wpcf7-validates-as-required\" aria-required=\"true\" aria-invalid=\"false\" value=\"\" type=\"text\" name=\"your-name\" \/><\/span> <\/label>\n<\/p>\n<p><label> Deine E-Mail-Adresse (Pflichtfeld)<br \/>\n<span class=\"wpcf7-form-control-wrap\" data-name=\"your-email\"><input size=\"40\" maxlength=\"400\" class=\"wpcf7-form-control wpcf7-email wpcf7-validates-as-required wpcf7-text wpcf7-validates-as-email\" aria-required=\"true\" aria-invalid=\"false\" value=\"\" type=\"email\" name=\"your-email\" \/><\/span> <\/label>\n<\/p>\n<p><label> Betreff<br \/>\n<span class=\"wpcf7-form-control-wrap\" data-name=\"your-subject\"><input size=\"40\" maxlength=\"400\" class=\"wpcf7-form-control wpcf7-text\" aria-invalid=\"false\" value=\"\" type=\"text\" name=\"your-subject\" \/><\/span> Anfrage zum au\u00dferschulischen Lernen <\/label>\n<\/p>\n<p><label> Deine Nachricht<br \/>\n<span class=\"wpcf7-form-control-wrap\" data-name=\"your-message\"><textarea cols=\"40\" rows=\"10\" maxlength=\"2000\" class=\"wpcf7-form-control wpcf7-textarea\" aria-invalid=\"false\" name=\"your-message\"><\/textarea><\/span> <\/label>\n<\/p>\n<p><input class=\"wpcf7-form-control wpcf7-submit has-spinner\" type=\"submit\" value=\"Senden\" \/>\n<\/p><div class=\"wpcf7-response-output\" aria-hidden=\"true\"><\/div>\n<\/form>\n<\/div>\n<\/div>\n","protected":false},"excerpt":{"rendered":"<p>Ausgebucht f\u00fcr 2026, wir danken f\u00fcr das Vertrauen! April &#8211; August ab 1. Klasse von 9.00 &#8211; 12.00 UhrPreis pro Klasse 350 \u20ac, durch die F\u00f6rderung reduziert sich der Betrag auf 200 \u20ac (die Abwicklung \u00fcbernehmen wir) Weitere Informationen zum Ablauf eines Vormittages im Rahmen unseres au\u00dferschulischen Bildungsangebotes finden Sie hier. Wir sagen DANKE f\u00fcr [&hellip;]<\/p>\n","protected":false},"author":1,"featured_media":0,"parent":960,"menu_order":0,"comment_status":"closed","ping_status":"closed","template":"","meta":{"ngg_post_thumbnail":0,"footnotes":""},"class_list":["post-966","page","type-page","status-publish","hentry"],"publishpress_future_action":{"enabled":false,"date":"2026-05-08 03:52:48","action":"change-status","newStatus":"draft","terms":[],"taxonomy":"","extraData":[]},"publishpress_future_workflow_manual_trigger":{"enabledWorkflows":[]},"_links":{"self":[{"href":"https:\/\/umwelthaus-pinneberg.de\/index.php?rest_route=\/wp\/v2\/pages\/966","targetHints":{"allow":["GET"]}}],"collection":[{"href":"https:\/\/umwelthaus-pinneberg.de\/index.php?rest_route=\/wp\/v2\/pages"}],"about":[{"href":"https:\/\/umwelthaus-pinneberg.de\/index.php?rest_route=\/wp\/v2\/types\/page"}],"author":[{"embeddable":true,"href":"https:\/\/umwelthaus-pinneberg.de\/index.php?rest_route=\/wp\/v2\/users\/1"}],"replies":[{"embeddable":true,"href":"https:\/\/umwelthaus-pinneberg.de\/index.php?rest_route=%2Fwp%2Fv2%2Fcomments&post=966"}],"version-history":[{"count":72,"href":"https:\/\/umwelthaus-pinneberg.de\/index.php?rest_route=\/wp\/v2\/pages\/966\/revisions"}],"predecessor-version":[{"id":3857,"href":"https:\/\/umwelthaus-pinneberg.de\/index.php?rest_route=\/wp\/v2\/pages\/966\/revisions\/3857"}],"up":[{"embeddable":true,"href":"https:\/\/umwelthaus-pinneberg.de\/index.php?rest_route=\/wp\/v2\/pages\/960"}],"wp:attachment":[{"href":"https:\/\/umwelthaus-pinneberg.de\/index.php?rest_route=%2Fwp%2Fv2%2Fmedia&parent=966"}],"curies":[{"name":"wp","href":"https:\/\/api.w.org\/{rel}","templated":true}]}}