{"id":969,"date":"2022-02-27T09:45:21","date_gmt":"2022-02-27T08:45:21","guid":{"rendered":"https:\/\/umwelthaus-pinneberg.de\/?page_id=969"},"modified":"2026-04-16T12:51:53","modified_gmt":"2026-04-16T10:51:53","slug":"der-apfel","status":"publish","type":"page","link":"https:\/\/umwelthaus-pinneberg.de\/?page_id=969","title":{"rendered":"Der Apfel (ausgebucht)"},"content":{"rendered":"\n<p class=\"has-text-align-center has-primary-color has-subtle-background-background-color has-text-color has-background\">September\/Oktober ab 1. Klasse <br>Preis pro Klasse: 325 \u20ac, durch die F\u00f6rderung reduziert sich der Betrag auf <strong>175 \u20ac<\/strong> <br>(die Abwicklung der F\u00f6rderung \u00fcbernehmen wir)<\/p>\n\n\n\n<p><a href=\"https:\/\/umwelthaus-pinneberg.de\/?page_id=960\">Weitere Informationen zum Ablauf eines Vormittages im Rahmen  unseres au\u00dferschulischen Bildungsangebotes finden Sie hier.<\/a><\/p>\n\n\n\n<div class=\"wp-block-group is-nowrap is-layout-flex wp-container-core-group-is-layout-ad2f72ca wp-block-group-is-layout-flex\">\n<figure class=\"wp-block-image size-full is-resized\"><img loading=\"lazy\" decoding=\"async\" width=\"585\" height=\"260\" src=\"https:\/\/umwelthaus-pinneberg.de\/wp-content\/uploads\/2024\/07\/Logo-Stiftung-rot_weiss-zweizeilig_Markenschutzraum.jpg\" alt=\"\" class=\"wp-image-2655\" style=\"width:224px;height:auto\" srcset=\"https:\/\/umwelthaus-pinneberg.de\/wp-content\/uploads\/2024\/07\/Logo-Stiftung-rot_weiss-zweizeilig_Markenschutzraum.jpg 585w, https:\/\/umwelthaus-pinneberg.de\/wp-content\/uploads\/2024\/07\/Logo-Stiftung-rot_weiss-zweizeilig_Markenschutzraum-300x133.jpg 300w\" sizes=\"auto, (max-width: 585px) 100vw, 585px\" \/><\/figure>\n\n\n\n<p>Wir sagen <strong>DANKE <\/strong>f\u00fcr die F\u00f6rderung.<\/p>\n<\/div>\n\n\n\n<ul class=\"wp-block-list\">\n<li><strong>vom Pressen<\/strong>: Jede Menge \u00c4pfel aus einer gro\u00dfen Sorten- und Formenvielfalt werden zerkleinert und mechanisch von den Kindern zu k\u00f6stlichem Saft gepresst.<\/li>\n\n\n\n<li><strong>vom Schmecken<\/strong>: Verschiedene alte Apfelsorten werden betrachtet, gerochen, begriffen, geschnitten und geschmeckt. Mit dem Lieblingsapfel wird eine Apfelwaffel gebacken und gegessen.<\/li>\n\n\n\n<li><strong>vom Spielen<\/strong>: Wissen rund um den Apfel und die Natur wird spielerisch erkundet und vertieft.<\/li>\n<\/ul>\n\n\n\n<p>Jedes Kind kann selbst gepressten Apfelsaft direkt vor Ort trinken und Apfelwaffeln genie\u00dfen! <\/p>\n\n\n\n<p><strong>TIPP:<\/strong> Die Kursgeb\u00fchren kann man sich f\u00f6rdern lassen. B\u00fcrgerstiftungen und Banken geben gerne mindestens einen weiteren Teil dazu!<\/p>\n\n\n\n<figure class=\"wp-block-gallery has-nested-images columns-default is-cropped wp-block-gallery-1 is-layout-flex wp-block-gallery-is-layout-flex\">\n<figure class=\"wp-block-image size-full\"><img loading=\"lazy\" decoding=\"async\" width=\"600\" height=\"800\" data-id=\"1379\" src=\"https:\/\/umwelthaus-pinneberg.de\/wp-content\/uploads\/2023\/01\/2022-09-20-10.12.11.jpg\" alt=\"\" class=\"wp-image-1379\" srcset=\"https:\/\/umwelthaus-pinneberg.de\/wp-content\/uploads\/2023\/01\/2022-09-20-10.12.11.jpg 600w, https:\/\/umwelthaus-pinneberg.de\/wp-content\/uploads\/2023\/01\/2022-09-20-10.12.11-225x300.jpg 225w\" sizes=\"auto, (max-width: 600px) 100vw, 600px\" \/><\/figure>\n\n\n\n<figure class=\"wp-block-image size-full\"><img loading=\"lazy\" decoding=\"async\" width=\"600\" height=\"800\" data-id=\"1380\" src=\"https:\/\/umwelthaus-pinneberg.de\/wp-content\/uploads\/2023\/01\/2022-09-20-10.48.30.jpg\" alt=\"\" class=\"wp-image-1380\" srcset=\"https:\/\/umwelthaus-pinneberg.de\/wp-content\/uploads\/2023\/01\/2022-09-20-10.48.30.jpg 600w, https:\/\/umwelthaus-pinneberg.de\/wp-content\/uploads\/2023\/01\/2022-09-20-10.48.30-225x300.jpg 225w\" sizes=\"auto, (max-width: 600px) 100vw, 600px\" \/><\/figure>\n\n\n\n<figure class=\"wp-block-image size-full\"><img loading=\"lazy\" decoding=\"async\" width=\"600\" height=\"800\" data-id=\"1381\" src=\"https:\/\/umwelthaus-pinneberg.de\/wp-content\/uploads\/2023\/01\/2022-09-20-10.54.08.jpg\" alt=\"\" class=\"wp-image-1381\" srcset=\"https:\/\/umwelthaus-pinneberg.de\/wp-content\/uploads\/2023\/01\/2022-09-20-10.54.08.jpg 600w, https:\/\/umwelthaus-pinneberg.de\/wp-content\/uploads\/2023\/01\/2022-09-20-10.54.08-225x300.jpg 225w\" sizes=\"auto, (max-width: 600px) 100vw, 600px\" \/><\/figure>\n<\/figure>\n\n\n\n<figure class=\"wp-block-gallery has-nested-images columns-default is-cropped wp-block-gallery-2 is-layout-flex wp-block-gallery-is-layout-flex\">\n<figure class=\"wp-block-image size-full\"><img loading=\"lazy\" decoding=\"async\" width=\"600\" height=\"450\" data-id=\"1383\" src=\"https:\/\/umwelthaus-pinneberg.de\/wp-content\/uploads\/2023\/01\/2022-09-20-10.32.21.jpg\" alt=\"\" class=\"wp-image-1383\" srcset=\"https:\/\/umwelthaus-pinneberg.de\/wp-content\/uploads\/2023\/01\/2022-09-20-10.32.21.jpg 600w, https:\/\/umwelthaus-pinneberg.de\/wp-content\/uploads\/2023\/01\/2022-09-20-10.32.21-300x225.jpg 300w\" sizes=\"auto, (max-width: 600px) 100vw, 600px\" \/><\/figure>\n\n\n\n<figure class=\"wp-block-image size-full\"><img loading=\"lazy\" decoding=\"async\" width=\"600\" height=\"450\" data-id=\"2093\" src=\"https:\/\/umwelthaus-pinneberg.de\/wp-content\/uploads\/2023\/11\/2023-10-10-10.54.47.jpg\" alt=\"\" class=\"wp-image-2093\" srcset=\"https:\/\/umwelthaus-pinneberg.de\/wp-content\/uploads\/2023\/11\/2023-10-10-10.54.47.jpg 600w, https:\/\/umwelthaus-pinneberg.de\/wp-content\/uploads\/2023\/11\/2023-10-10-10.54.47-300x225.jpg 300w\" sizes=\"auto, (max-width: 600px) 100vw, 600px\" \/><\/figure>\n\n\n\n<figure class=\"wp-block-image size-full\"><img loading=\"lazy\" decoding=\"async\" width=\"600\" height=\"800\" data-id=\"1382\" src=\"https:\/\/umwelthaus-pinneberg.de\/wp-content\/uploads\/2023\/01\/2022-09-20-09.30.33.jpg\" alt=\"\" class=\"wp-image-1382\" srcset=\"https:\/\/umwelthaus-pinneberg.de\/wp-content\/uploads\/2023\/01\/2022-09-20-09.30.33.jpg 600w, https:\/\/umwelthaus-pinneberg.de\/wp-content\/uploads\/2023\/01\/2022-09-20-09.30.33-225x300.jpg 225w\" sizes=\"auto, (max-width: 600px) 100vw, 600px\" \/><\/figure>\n\n\n\n<figure class=\"wp-block-image size-full\"><img loading=\"lazy\" decoding=\"async\" width=\"600\" height=\"800\" data-id=\"2838\" src=\"https:\/\/umwelthaus-pinneberg.de\/wp-content\/uploads\/2024\/06\/2024-10-15-10.29.50.jpg\" alt=\"\" class=\"wp-image-2838\" srcset=\"https:\/\/umwelthaus-pinneberg.de\/wp-content\/uploads\/2024\/06\/2024-10-15-10.29.50.jpg 600w, https:\/\/umwelthaus-pinneberg.de\/wp-content\/uploads\/2024\/06\/2024-10-15-10.29.50-225x300.jpg 225w\" sizes=\"auto, (max-width: 600px) 100vw, 600px\" \/><\/figure>\n\n\n\n<figure class=\"wp-block-image size-full\"><img loading=\"lazy\" decoding=\"async\" width=\"600\" height=\"450\" data-id=\"3366\" src=\"https:\/\/umwelthaus-pinneberg.de\/wp-content\/uploads\/2025\/02\/apfel.jpg\" alt=\"\" class=\"wp-image-3366\" srcset=\"https:\/\/umwelthaus-pinneberg.de\/wp-content\/uploads\/2025\/02\/apfel.jpg 600w, https:\/\/umwelthaus-pinneberg.de\/wp-content\/uploads\/2025\/02\/apfel-300x225.jpg 300w\" sizes=\"auto, (max-width: 600px) 100vw, 600px\" \/><\/figure>\n\n\n\n<figure class=\"wp-block-image size-full\"><img loading=\"lazy\" decoding=\"async\" width=\"600\" height=\"800\" data-id=\"2837\" src=\"https:\/\/umwelthaus-pinneberg.de\/wp-content\/uploads\/2024\/06\/2024-10-15-11.56.53.jpg\" alt=\"\" class=\"wp-image-2837\" srcset=\"https:\/\/umwelthaus-pinneberg.de\/wp-content\/uploads\/2024\/06\/2024-10-15-11.56.53.jpg 600w, https:\/\/umwelthaus-pinneberg.de\/wp-content\/uploads\/2024\/06\/2024-10-15-11.56.53-225x300.jpg 225w\" sizes=\"auto, (max-width: 600px) 100vw, 600px\" \/><\/figure>\n<\/figure>\n\n\n\n<h4 class=\"wp-block-heading\">Termine 2026<\/h4>\n\n\n\n<ul class=\"wp-block-list\">\n<li>Mo, 14.09. (vergeben)<\/li>\n\n\n\n<li>Di, 15.09. (vergeben)<\/li>\n\n\n\n<li>Mo, 21.09. (vergeben)<\/li>\n\n\n\n<li>Di, 22.09. (vergeben)<\/li>\n\n\n\n<li>Mo, 28.09. (vergeben)<\/li>\n\n\n\n<li>Di, 29.09. (vergeben)<\/li>\n\n\n\n<li>Di, 06.10. (vergeben)<\/li>\n\n\n\n<li>Mo, 26.10 (vergeben)<\/li>\n\n\n\n<li>Di, 27.10. (vergeben)<\/li>\n\n\n\n<li>Mo, 02.11. (vergeben)<\/li>\n\n\n\n<li>Di, 03.11. (vergeben)<\/li>\n\n\n\n<li>Das Programm f\u00fcr 2027 ist ab Herbst 2026 hier zu finden<\/li>\n<\/ul>\n\n\n\n<p>Bei Interesse wende dich bitte an Jens Clausen. <\/p>\n\n\n\n<div class=\"wp-block-contact-form-7-contact-form-selector\">\n<div class=\"wpcf7 no-js\" id=\"wpcf7-f972-o1\" lang=\"de-DE\" dir=\"ltr\" data-wpcf7-id=\"972\">\n<div class=\"screen-reader-response\"><p role=\"status\" aria-live=\"polite\" aria-atomic=\"true\"><\/p> <ul><\/ul><\/div>\n<form action=\"\/index.php?rest_route=%2Fwp%2Fv2%2Fpages%2F969#wpcf7-f972-o1\" method=\"post\" class=\"wpcf7-form init\" aria-label=\"Kontaktformular\" novalidate=\"novalidate\" data-status=\"init\">\n<fieldset class=\"hidden-fields-container\"><input type=\"hidden\" name=\"_wpcf7\" value=\"972\" \/><input type=\"hidden\" name=\"_wpcf7_version\" value=\"6.1.5\" \/><input type=\"hidden\" name=\"_wpcf7_locale\" value=\"de_DE\" \/><input type=\"hidden\" name=\"_wpcf7_unit_tag\" value=\"wpcf7-f972-o1\" \/><input type=\"hidden\" name=\"_wpcf7_container_post\" value=\"0\" \/><input type=\"hidden\" name=\"_wpcf7_posted_data_hash\" value=\"\" \/><input type=\"hidden\" name=\"_wpcf7_recaptcha_response\" value=\"\" \/>\n<\/fieldset>\n<p><label> Dein Name (Pflichtfeld)<br \/>\n<span class=\"wpcf7-form-control-wrap\" data-name=\"your-name\"><input size=\"40\" maxlength=\"400\" class=\"wpcf7-form-control wpcf7-text wpcf7-validates-as-required\" aria-required=\"true\" aria-invalid=\"false\" value=\"\" type=\"text\" name=\"your-name\" \/><\/span> <\/label>\n<\/p>\n<p><label> Deine E-Mail-Adresse (Pflichtfeld)<br \/>\n<span class=\"wpcf7-form-control-wrap\" data-name=\"your-email\"><input size=\"40\" maxlength=\"400\" class=\"wpcf7-form-control wpcf7-email wpcf7-validates-as-required wpcf7-text wpcf7-validates-as-email\" aria-required=\"true\" aria-invalid=\"false\" value=\"\" type=\"email\" name=\"your-email\" \/><\/span> <\/label>\n<\/p>\n<p><label> Betreff<br \/>\n<span class=\"wpcf7-form-control-wrap\" data-name=\"your-subject\"><input size=\"40\" maxlength=\"400\" class=\"wpcf7-form-control wpcf7-text\" aria-invalid=\"false\" value=\"\" type=\"text\" name=\"your-subject\" \/><\/span> Anfrage zum au\u00dferschulischen Lernen <\/label>\n<\/p>\n<p><label> Deine Nachricht<br \/>\n<span class=\"wpcf7-form-control-wrap\" data-name=\"your-message\"><textarea cols=\"40\" rows=\"10\" maxlength=\"2000\" class=\"wpcf7-form-control wpcf7-textarea\" aria-invalid=\"false\" name=\"your-message\"><\/textarea><\/span> <\/label>\n<\/p>\n<p><input class=\"wpcf7-form-control wpcf7-submit has-spinner\" type=\"submit\" value=\"Senden\" \/>\n<\/p><div class=\"wpcf7-response-output\" aria-hidden=\"true\"><\/div>\n<\/form>\n<\/div>\n<\/div>\n\n\n\n\n\n<p><\/p>\n","protected":false},"excerpt":{"rendered":"<p>September\/Oktober ab 1. Klasse Preis pro Klasse: 325 \u20ac, durch die F\u00f6rderung reduziert sich der Betrag auf 175 \u20ac (die Abwicklung der F\u00f6rderung \u00fcbernehmen wir) Weitere Informationen zum Ablauf eines Vormittages im Rahmen unseres au\u00dferschulischen Bildungsangebotes finden Sie hier. Wir sagen DANKE f\u00fcr die F\u00f6rderung. Jedes Kind kann selbst gepressten Apfelsaft direkt vor Ort trinken [&hellip;]<\/p>\n","protected":false},"author":1,"featured_media":0,"parent":960,"menu_order":0,"comment_status":"closed","ping_status":"closed","template":"","meta":{"ngg_post_thumbnail":0,"footnotes":""},"class_list":["post-969","page","type-page","status-publish","hentry"],"publishpress_future_action":{"enabled":false,"date":"2026-05-20 14:02:16","action":"change-status","newStatus":"draft","terms":[],"taxonomy":"","extraData":[]},"publishpress_future_workflow_manual_trigger":{"enabledWorkflows":[]},"_links":{"self":[{"href":"https:\/\/umwelthaus-pinneberg.de\/index.php?rest_route=\/wp\/v2\/pages\/969","targetHints":{"allow":["GET"]}}],"collection":[{"href":"https:\/\/umwelthaus-pinneberg.de\/index.php?rest_route=\/wp\/v2\/pages"}],"about":[{"href":"https:\/\/umwelthaus-pinneberg.de\/index.php?rest_route=\/wp\/v2\/types\/page"}],"author":[{"embeddable":true,"href":"https:\/\/umwelthaus-pinneberg.de\/index.php?rest_route=\/wp\/v2\/users\/1"}],"replies":[{"embeddable":true,"href":"https:\/\/umwelthaus-pinneberg.de\/index.php?rest_route=%2Fwp%2Fv2%2Fcomments&post=969"}],"version-history":[{"count":65,"href":"https:\/\/umwelthaus-pinneberg.de\/index.php?rest_route=\/wp\/v2\/pages\/969\/revisions"}],"predecessor-version":[{"id":3856,"href":"https:\/\/umwelthaus-pinneberg.de\/index.php?rest_route=\/wp\/v2\/pages\/969\/revisions\/3856"}],"up":[{"embeddable":true,"href":"https:\/\/umwelthaus-pinneberg.de\/index.php?rest_route=\/wp\/v2\/pages\/960"}],"wp:attachment":[{"href":"https:\/\/umwelthaus-pinneberg.de\/index.php?rest_route=%2Fwp%2Fv2%2Fmedia&parent=969"}],"curies":[{"name":"wp","href":"https:\/\/api.w.org\/{rel}","templated":true}]}}